{"id":6769,"date":"2020-04-01T09:23:16","date_gmt":"2020-04-01T08:23:16","guid":{"rendered":"https:\/\/www.klinika-but.si\/opci-uvjeti\/"},"modified":"2025-11-27T10:43:57","modified_gmt":"2025-11-27T09:43:57","slug":"opci-uvjeti","status":"publish","type":"page","link":"https:\/\/www.klinika-but.si\/hr\/opci-uvjeti\/","title":{"rendered":"Op\u0107i uvjeti"},"content":{"rendered":"\t\t<div data-elementor-type=\"wp-page\" data-elementor-id=\"6769\" class=\"elementor elementor-6769 elementor-554\" data-elementor-settings=\"{&quot;element_pack_global_tooltip_width&quot;:{&quot;unit&quot;:&quot;px&quot;,&quot;size&quot;:&quot;&quot;,&quot;sizes&quot;:[]},&quot;element_pack_global_tooltip_width_tablet&quot;:{&quot;unit&quot;:&quot;px&quot;,&quot;size&quot;:&quot;&quot;,&quot;sizes&quot;:[]},&quot;element_pack_global_tooltip_width_mobile&quot;:{&quot;unit&quot;:&quot;px&quot;,&quot;size&quot;:&quot;&quot;,&quot;sizes&quot;:[]},&quot;element_pack_global_tooltip_padding&quot;:{&quot;unit&quot;:&quot;px&quot;,&quot;top&quot;:&quot;&quot;,&quot;right&quot;:&quot;&quot;,&quot;bottom&quot;:&quot;&quot;,&quot;left&quot;:&quot;&quot;,&quot;isLinked&quot;:true},&quot;element_pack_global_tooltip_padding_tablet&quot;:{&quot;unit&quot;:&quot;px&quot;,&quot;top&quot;:&quot;&quot;,&quot;right&quot;:&quot;&quot;,&quot;bottom&quot;:&quot;&quot;,&quot;left&quot;:&quot;&quot;,&quot;isLinked&quot;:true},&quot;element_pack_global_tooltip_padding_mobile&quot;:{&quot;unit&quot;:&quot;px&quot;,&quot;top&quot;:&quot;&quot;,&quot;right&quot;:&quot;&quot;,&quot;bottom&quot;:&quot;&quot;,&quot;left&quot;:&quot;&quot;,&quot;isLinked&quot;:true},&quot;element_pack_global_tooltip_border_radius&quot;:{&quot;unit&quot;:&quot;px&quot;,&quot;top&quot;:&quot;&quot;,&quot;right&quot;:&quot;&quot;,&quot;bottom&quot;:&quot;&quot;,&quot;left&quot;:&quot;&quot;,&quot;isLinked&quot;:true},&quot;element_pack_global_tooltip_border_radius_tablet&quot;:{&quot;unit&quot;:&quot;px&quot;,&quot;top&quot;:&quot;&quot;,&quot;right&quot;:&quot;&quot;,&quot;bottom&quot;:&quot;&quot;,&quot;left&quot;:&quot;&quot;,&quot;isLinked&quot;:true},&quot;element_pack_global_tooltip_border_radius_mobile&quot;:{&quot;unit&quot;:&quot;px&quot;,&quot;top&quot;:&quot;&quot;,&quot;right&quot;:&quot;&quot;,&quot;bottom&quot;:&quot;&quot;,&quot;left&quot;:&quot;&quot;,&quot;isLinked&quot;:true}}\" data-elementor-post-type=\"page\">\n\t\t\t\t<div class=\"elementor-element elementor-element-21ad17fb e-flex e-con-boxed xts-section-disabled e-con e-parent\" data-id=\"21ad17fb\" data-element_type=\"container\">\n\t\t\t\t\t<div class=\"e-con-inner\">\n\t\t\t\t<div class=\"elementor-element elementor-element-c4cc10b elementor-widget elementor-widget-heading\" data-id=\"c4cc10b\" data-element_type=\"widget\" data-widget_type=\"heading.default\">\n\t\t\t\t<div class=\"elementor-widget-container\">\n\t\t\t\t\t<h2 class=\"elementor-heading-title elementor-size-default\">Op\u0107i uvjeti<\/h2>\t\t\t\t<\/div>\n\t\t\t\t<\/div>\n\t\t\t\t<div class=\"elementor-element elementor-element-d5bd63a xts-scheme-inherit xts-textalign-inherit elementor-widget elementor-widget-text-editor\" data-id=\"d5bd63a\" data-element_type=\"widget\" data-widget_type=\"text-editor.default\">\n\t\t\t\t<div class=\"elementor-widget-container\">\n\t\t\t\t\t\t\t\t\t<p>UGB, savjetovanje i usluge, d.o.o., Betettova ulica 10, 2000 Maribor, porezni broj: 86667254 &#8211; tvrtka nije obveznik pla\u0107anja PDV-a &#8211; zdravstvene usluge su u skladu s \u010dlankom 42. stavkom 2. to\u010dkom 1. Zakona o PDV-u oslobo\u0111ene pla\u0107anja PDV-a, Dozvola Ministarstva zdravstva, Uprave za zdravstvenu za\u0161titu &#8211; br. dozvole 0142-134\/2021\/21, licenca za rad Lije\u010dni\u010dke komore Slovenije &#8211; prof. dr. But &#8211; RJE\u0160ENJE BR. 1631-31\/2021-13, mati\u010dni broj: 8813400000, dru\u0161tvo je upisano u Okru\u017eni sud u Mariboru &#8211; broj Srg 2021\/4210 (u daljnjem tekstu: \u00bbUGB\u00ab) je odgovorno za upravljanje web stranicom www.klinika-but.si. Ponuditelj UGB je tako\u0111er pru\u017eatelj usluga e-poslovanja.<\/p><p>Op\u0107i uvjeti kori\u0161tenja opisuju djelovanje web stranice UGB, odre\u0111uju prava i obveze korisnika sadr\u017eaja i usluga web stranice te ure\u0111uju poslovni odnos izme\u0111u dru\u0161tva UGB i korisnika. Korisnika web stranice UGB obvezuju ovi Op\u0107i uvjeti kori\u0161tenja, koji su objavljeni i dostupni svim posjetiteljima i korisnicima web stranica UGB.<\/p><h3>1. Opis sadr\u017eaja web stranice<\/h3><p>Web stranica UGB nudi sljede\u0107e sadr\u017eaje i funkcionalnosti:<\/p><ul><li>Informacije o zdravstvenim, medicinsko kozmeti\u010dkim i drugim uslugama koje UGB obavlja, op\u0107e informacije za naru\u010divanje i pristupanje uslugama te kontaktne podatke.<\/li><\/ul><h3>2. Vrste korisnika<\/h3><p>Posjetitelj web stranice UGB, koji pregledava sadr\u017eaje, ima status gosta. S tim statusom mo\u017ee pregledavati sve informativne sadr\u017eaje na web stranici, prijaviti se za primanje e-vijesti i poslati upit o usluzi.<\/p><h3>3. Za\u0161tita osobnih podataka<\/h3><p>Dru\u0161tvo UGB se obvezuje trajno \u0161tititi sve osobne podatke korisnika u skladu sa Zakonom o za\u0161titi osobnih podataka, Op\u0107om uredbom EU o za\u0161titi osobnih podataka te drugim zakonima i propisima koji ure\u0111uju za\u0161titu osobnih podataka. Vi\u0161e o za\u0161titi osobnih podataka ponuditelja UGB mo\u017eete saznati u na\u0161oj <a href=\"https:\/\/www.klinika-but.si\/hr\/politika-privatnosti\/\" target=\"_blank\" rel=\"noopener\">Politici privatnosti<\/a>.<\/p><h3>4. Ograni\u010denje odgovornosti<\/h3><p>Ponuditelj UGB te\u017ei osiguravanju \u0161to to\u010dnijih, vjerodostojnih, razumljivih i kvalitetnih informacija na svojoj web stranici. Svi objavljeni sadr\u017eaji su isklju\u010divo informativne prirode i ne stvaraju nikakvu obvezu izme\u0111u korisnika i upravitelja web stranice UGB. Ponuditelj UGB ne preuzima odgovornost za to\u010dnost podataka te eventualne pogre\u0161ke u objavljenim informacijama. Sadr\u017eaji na web stranici nisu namijenjeni samo dijagnosticiranju ili lije\u010denju problema. Glavna svrha sadr\u017eaja je upoznavanje zainteresirane javnosti s uslugama koje obavlja ponuditelj UGB, obrazovanje, pojednostavljivanje postupaka naru\u010divanja na usluge te olak\u0161avanje komunikacije zainteresiranih pojedinaca s ponuditeljem UGB.<\/p><p>Korisnik na vlastitu odgovornost uzima u obzir zapisane zdravstvene savjete i preporuke. U slu\u010daju pogre\u0161aka u tekstu odnosno kada korisnik web mjesta pogre\u0161no razumije pro\u010ditani sadr\u017eaj, ponuditelj UGB ne snosi nikakvu kaznenu odnosno gra\u0111ansku odgovornost, ako se je pojedinac na temelju pro\u010ditanih sadr\u017eaja pogre\u0161no dijagnosticirao odnosno lije\u010dio. Savjeti, zapisani na web stranici UGB, nisu dio procesa lije\u010denja i usluga, koje ina\u010de izvodi ponuditelj UGB.<\/p><p>Web stranica \u0107e u pravilu biti dostupna 24 sata na dan i sve dane u godini. UGB si pridr\u017eava pravo ograni\u010denja pristupa zbog tehni\u010dkih ili drugih razloga bez prethodnog upozorenja. UGB \u0107e se truditi osiguravati neprestano djelovanje portala, ali ne odgovara za razdoblja nedjelovanja portala, koja bi nedjelovanjem prouzro\u010dila \u0161tetu korisnicima stranice. UGB tako\u0111er ne mo\u017ee biti odgovoran za bilo kakve ozljede, uklju\u010duju\u0107i ozljede zbog virusa, ra\u010dunalni\u0161ke opreme, mobilnih telefona ili bilo koje druge aplikacije ili ure\u0111aja, s kojim je mogu\u0107e pristupiti do portala, zbog bilo kakve njegove uporabe. Korisnik mora sam osigurati odgovaraju\u0107u za\u0161titu pred upadima i virusima.<\/p><h3>5. Naru\u010divanje za uslugu<\/h3><p>Pacijenti se mogu za sve usluge, koje izvodi ponuditelj UGB naru\u010diti telefonski preko broja 040 519 730, preko e-po\u0161te na adresi info@klinika-but.si ili ispunjavanjem obrasca za naru\u010divanje dostupnog u odjeljku \u00bbKontakt\u00ab na web stranici UGB.<\/p><h3>6. Upoznavanje s postupcima lije\u010denja i pribavljanje suglasnosti pacijenta za izvedbu operativnog zahvata<\/h3><p>Sukladno zakonu o pravima pacijenata je svaki pacijent prilikom pregleda od strane lije\u010dnika u slu\u010daju predlo\u017eenog zahvata upoznat sa sljede\u0107im:<\/p><ul><li>s njegovim zdravstvenim stanjem,<\/li><li>cilju, vrsti, na\u010dinu izvedbe, vjerojatnosti uspjeha te o\u010dekivanim koristima i ishodu predlo\u017eenog zahvata odnosno terapije,<\/li><li>mogu\u0107im rizicima, nuspojavama, negativnim posljedicama i drugim neugodnostima predlo\u017eenog zahvata odnosno terapije,<\/li><li>eventualnim drugim mogu\u0107nostima.<\/li><\/ul><p>Sa svime navedenim je pacijent upoznat prije izvedbe zahvata odnosno usluge, kada primi i izvod obrasca za pismenu privolu. Bez pismene privole pacijenta\/stranke izvedba zahvata\/terapije nije mogu\u0107a.<\/p><h3>7. Pravo ponuditelja UGB do odbijanja izvedbe zahvata i naknadnog odustajanja od izvedbe zahvata<\/h3><p>Svaki pacijent odnosno svaka stranka prije dogovora za zahvat obavi pregled kod lije\u010dnika specijalista u ambulanti UGB. Na temelju obavljenog pregleda, razgovora s pacijentom te uzimaju\u0107i u obzir drugu od strane pacijenta predlo\u017eenu relevantnu medicinsku dokumentaciju lije\u010dnik daje mi\u0161ljenje o primjerenosti pacijenta za izvedbu odre\u0111enog zahvata. Prilikom tog pregleda lije\u010dnik mo\u017ee dati mi\u0161ljenje, da pacijent nije primjeren za izvedbu bilo kojeg zahvata, da je uvjetno primeren, \u0161to zna\u010di, da u vrijeme pregleda nisu ispunjeni svi uvjeti za sigurnu izvedbu zahvata, postoji pa vjerojatnost, da \u0107e se to s vremenom promijeniti, ili da je primeren za izvedbu zahvata.<\/p><p>Ponuditelj UGB ima kad god zbog razloga, na temelju kojih mo\u017ee zaklju\u010diti, da pove\u0107avaju rizik i smanjuju sigurnost i\/ili uspje\u0161nost zahvata, pravo do odustajanja od izvedbe zahvata. U slu\u010daju razloga, koji su povezani s trenutnim stanjem pacijenta i su prijelazne naravi (prebolijevanje prate\u0107e bolesti, druge bolesti, trudno\u0107a) lije\u010dnik odnosno terapeut pacijentu mo\u017ee predlo\u017eiti novi termin za izvedbu zahvata ili se pacijenta obavijesti, da \u0107e primiti novi termin predvi\u0111enog zahvata naknadno, kada \u0107e pro\u0107i razlozi za trenutnu neprimjerenost za izvedbu zahvata. U slu\u010daju naknadno utvr\u0111enih trajnih razloga za neprimjerenost za zahvat lije\u010dnik pacijentu pojasni razloge.<\/p><p>Izvedba zahvata se ne izvede tako\u0111er u slu\u010daju, da pacijent odbije dati pismenu suglasnost za izvedbu zahvata na za to predvi\u0111enom obrascu, koji je izradio ponuditelj UGB.<\/p><h3>8. Pacijentove du\u017enosti<\/h3><p>Za postizanje kvalitetne i sigurne izvedbe zahvata i usluga je pacijent du\u017ean:<\/p><ul><li>djelatno sudjelovati pri za\u0161titi, ja\u010danju i povratku vlastitog zdravlja;<\/li><li>u vrijeme nakon terapije postupati u skladu s primljenim stru\u010dnim uputama;<\/li><li>nadle\u017enom lije\u010dniku ili izvoditelju terapije dati sve potrebne i istinite informacije u vezi sa svojim zdravstvenim stanjem, koje su mu poznate i su va\u017ene za daljnju skrb, posebno podatke o svojim sada\u0161njim i pro\u0161lim ozljedama te bolestima i njihovom lije\u010denju, prethodnim zahvatima, bolestima u obitelji, eventualnim alergijama i lijekovima, koje uzima, obavijestiti zdravstvene djelatnike o nenadnim promjenama zdravstvenog stanja, koje se pojave tijekom lije\u010denja;<\/li><li>biti obziran i po\u0161tivati privatnost i druga prava drugih pacijenata te zdravstvenih djelatnika;<\/li><li>po\u0161tivati objavljene rasporede, ku\u0107ni red i propisane organizacijske postupke izvoditelja zdravstvenih usluga;<\/li><li>sukladno s internim pravilnikom o spre\u010davanju zaraza upoznati zaposlene o mogu\u0107nosti prebolijevanja zarazne bolesti;<\/li><li>po\u0161tivati standarde za higijenu ruku;<\/li><li>za djecu mla\u0111u od 15 godina je obvezna pratnja roditelja odnosno zakonitih zastupnika.<\/li><\/ul><h3>9. Mogu\u0107nosti pla\u0107anja<\/h3><p>Nudimo vrstu razli\u010ditih kombinacija na\u010dina pla\u0107anja za usluge:<\/p><ul><li>pla\u0107anje gotovinom na lokaciji usluge,<\/li><li>pla\u0107anje s prethodnom uplatom.<\/li><\/ul><ol><li>Pla\u0107anje gotovinom na lokaciji usluge \u2013 Naru\u010dilo predate preko interneta i pla\u0107anje usluge gotovinom zaklju\u010dite izvedete na lokaciji obavljene usluge.<\/li><li>Pla\u0107anje s prethodnom uplatom \u2013 Uslugu platite na svojoj banci ili internet banci &#8211; platite s uplatom na transakcijski ra\u010dun poduze\u0107a <span style=\"font-family: Nunito, Arial, Helvetica, sans-serif; font-size: 18px; font-style: normal; font-variant-ligatures: normal; font-variant-caps: normal; font-weight: 400;\">UGB d.o.o., Betettova ulica 10, 2000 Maribor<\/span>, br. IBAN SI56 0400 0027 6333 735. Pla\u0107anje izvedete na osnovi primljenog predra\u010duna nakon \u0161to predate narud\u017ebu.<\/li><\/ol><h3>10. Prigovori i sporovi<\/h3><p>Ponuditelj UGB te\u017ei tome, da sve zdravstvene usluge obavlja stru\u010dno u skladu s pravilima lije\u010dni\u010dke struke i sukladno s va\u017ee\u0107im zakonodavstvom. Sukladno s tim usmjerenjima si dru\u0161tvo prizadeva tako\u0111er pri osiguravanju u\u010dinkovitog sustava obravnavanja prigovora.<\/p><p>U slu\u010daju pote\u0161ko\u0107a ili prigovora korisnik web stranice UGB prigovor mo\u017ee podati telefonski u vrijeme obratovanja ambulante na broj 041 319 907 ili poslati elektroni\u010dku po\u0161tu na info@klinika-but.si. Postupak obravnave prigovora je povjerljive naravi. Rok za predaju prigovora je 30 dana nakon obavljene usluge.<\/p><p>Ponuditelj UGB nastoji poduzeti sve potrebne mjere kako bi se eventualni sporovi rije\u0161ili sporazumno.<\/p><p>U skladu s tre\u0107im stavkom 32. \u010dlanka Zakona o izvansudskom rje\u0161avanju potro\u0161a\u010dkih sporova obavje\u0161tavamo korisnike, da nijednog izvoditelja izvansudskog rje\u0161avanja potro\u0161a\u010dkih sporova ne priznajemo kao nadle\u017enog za rje\u0161avanje potro\u0161a\u010dkog spora, koji bi ga korisnik mogao pokrenuti u skladu sa Zakonom o izvansudskom rje\u0161avanju potro\u0161a\u010dkih sporova. Internetsku platformu Europske komisije za internetsko rje\u0161avanje sporova mo\u017eete prona\u0107i na <a href=\"https:\/\/ec.europa.eu\/consumers\/odr\/main\/?event=main.consumer.rights#inline-nav-2\">sljede\u0107oj poveznici<\/a>.<\/p><p>Bez obzira na gore navedeno, svaki pacijent koji obavi zdravstvenu uslugu u ambulanti UGB ima sva prava u skladu sa Zakonom o pravima pacijenata \u2013 ZPacP. Pacijent koji smatra da su mu njegova prava povrije\u0111ena mo\u017ee podnijeti pisanu ili usmenu pritu\u017ebu odgovornoj osobi za rje\u0161avanje pritu\u017ebi pacijenata kod pru\u017eatelja UGB. U ostvarivanju svojih prava pacijentu savjetuje, poma\u017ee ili ga zastupa zastupnik prava pacijenata. Kontaktne podatke zastupnika prava pacijenata prema mjestu mo\u017eete prona\u0107i na mre\u017enoj stranici Ministarstva zdravstva. Za vi\u0161e informacija kliknite <a href=\"https:\/\/www.gov.si\/teme\/pacientove-pravice\/\" target=\"_blank\" rel=\"noopener\">ovdje<\/a>.<\/p><p>Ti Op\u0107i uvjeti kori\u0161tenja vrijede od dana njihove objave na web stranici. Pridr\u017eavamo si pravo do promjene tih Op\u0107ih uvjeta kori\u0161tenja bez prethodne obavijesti korisnika. Va\u0161a daljnja uporaba web stranice UGB i usluga ponuditelja UGB nakon takve obavijesti zna\u010di, da se sla\u017eete s revidiranim Op\u0107im uvjetima kori\u0161tenja. Preporu\u010dujemo, da redovito pregledavate Op\u0107e uvjete kori\u0161tenja, da osigurate, da ste upoznati sa svim promjenama.<\/p><p>Maribor, 31. kolovoza 2025.<\/p>\t\t\t\t\t\t\t\t<\/div>\n\t\t\t\t<\/div>\n\t\t\t\t\t<\/div>\n\t\t\t\t<\/div>\n\t\t\t\t<\/div>\n\t\t","protected":false},"excerpt":{"rendered":"<p>Op\u0107i uvjeti UGB, savjetovanje i usluge, d.o.o., Betettova ulica 10, 2000 Maribor, porezni broj: 86667254 &#8211; tvrtka nije obveznik pla\u0107anja PDV-a &#8211; zdravstvene usluge su u skladu s \u010dlankom 42. stavkom 2. to\u010dkom 1. Zakona o PDV-u oslobo\u0111ene pla\u0107anja PDV-a, Dozvola Ministarstva zdravstva, Uprave za zdravstvenu za\u0161titu &#8211; br. dozvole 0142-134\/2021\/21, licenca za rad Lije\u010dni\u010dke [&hellip;]<\/p>\n","protected":false},"author":1,"featured_media":0,"parent":0,"menu_order":0,"comment_status":"closed","ping_status":"closed","template":"","meta":{"footnotes":""},"class_list":["post-6769","page","type-page","status-publish","hentry"],"yoast_head":"<!-- This site is optimized with the Yoast SEO plugin v27.2 - https:\/\/yoast.com\/product\/yoast-seo-wordpress\/ -->\n<title>Op\u0107i uvjeti - Klinika BUT<\/title>\n<meta name=\"robots\" content=\"index, follow, max-snippet:-1, max-image-preview:large, max-video-preview:-1\" \/>\n<link rel=\"canonical\" href=\"https:\/\/www.klinika-but.si\/hr\/opci-uvjeti\/\" \/>\n<meta property=\"og:locale\" content=\"hr_HR\" \/>\n<meta property=\"og:type\" content=\"article\" \/>\n<meta property=\"og:title\" content=\"Op\u0107i uvjeti - Klinika BUT\" \/>\n<meta property=\"og:description\" content=\"Op\u0107i uvjeti UGB, savjetovanje i usluge, d.o.o., Betettova ulica 10, 2000 Maribor, porezni broj: 86667254 &#8211; tvrtka nije obveznik pla\u0107anja PDV-a &#8211; zdravstvene usluge su u skladu s \u010dlankom 42. stavkom 2. to\u010dkom 1. Zakona o PDV-u oslobo\u0111ene pla\u0107anja PDV-a, Dozvola Ministarstva zdravstva, Uprave za zdravstvenu za\u0161titu &#8211; br. dozvole 0142-134\/2021\/21, licenca za rad Lije\u010dni\u010dke [&hellip;]\" \/>\n<meta property=\"og:url\" content=\"https:\/\/www.klinika-but.si\/hr\/opci-uvjeti\/\" \/>\n<meta property=\"og:site_name\" content=\"Klinika BUT\" \/>\n<meta property=\"article:modified_time\" content=\"2025-11-27T09:43:57+00:00\" \/>\n<meta name=\"twitter:card\" content=\"summary_large_image\" \/>\n<meta name=\"twitter:label1\" content=\"Procijenjeno vrijeme \u010ditanja\" \/>\n\t<meta name=\"twitter:data1\" content=\"8 minuta\" \/>\n<script type=\"application\/ld+json\" class=\"yoast-schema-graph\">{\"@context\":\"https:\/\/schema.org\",\"@graph\":[{\"@type\":\"WebPage\",\"@id\":\"https:\/\/www.klinika-but.si\/hr\/opci-uvjeti\/\",\"url\":\"https:\/\/www.klinika-but.si\/hr\/opci-uvjeti\/\",\"name\":\"Op\u0107i uvjeti - Klinika BUT\",\"isPartOf\":{\"@id\":\"https:\/\/www.klinika-but.si\/hr\/#website\"},\"datePublished\":\"2020-04-01T08:23:16+00:00\",\"dateModified\":\"2025-11-27T09:43:57+00:00\",\"breadcrumb\":{\"@id\":\"https:\/\/www.klinika-but.si\/hr\/opci-uvjeti\/#breadcrumb\"},\"inLanguage\":\"hr\",\"potentialAction\":[{\"@type\":\"ReadAction\",\"target\":[\"https:\/\/www.klinika-but.si\/hr\/opci-uvjeti\/\"]}]},{\"@type\":\"BreadcrumbList\",\"@id\":\"https:\/\/www.klinika-but.si\/hr\/opci-uvjeti\/#breadcrumb\",\"itemListElement\":[{\"@type\":\"ListItem\",\"position\":1,\"name\":\"Home\",\"item\":\"https:\/\/www.klinika-but.si\/hr\/pocetna\/\"},{\"@type\":\"ListItem\",\"position\":2,\"name\":\"Op\u0107i uvjeti\"}]},{\"@type\":\"WebSite\",\"@id\":\"https:\/\/www.klinika-but.si\/hr\/#website\",\"url\":\"https:\/\/www.klinika-but.si\/hr\/\",\"name\":\"Klinika BUT\",\"description\":\"\",\"potentialAction\":[{\"@type\":\"SearchAction\",\"target\":{\"@type\":\"EntryPoint\",\"urlTemplate\":\"https:\/\/www.klinika-but.si\/hr\/?s={search_term_string}\"},\"query-input\":{\"@type\":\"PropertyValueSpecification\",\"valueRequired\":true,\"valueName\":\"search_term_string\"}}],\"inLanguage\":\"hr\"}]}<\/script>\n<!-- \/ Yoast SEO plugin. -->","yoast_head_json":{"title":"Op\u0107i uvjeti - Klinika BUT","robots":{"index":"index","follow":"follow","max-snippet":"max-snippet:-1","max-image-preview":"max-image-preview:large","max-video-preview":"max-video-preview:-1"},"canonical":"https:\/\/www.klinika-but.si\/hr\/opci-uvjeti\/","og_locale":"hr_HR","og_type":"article","og_title":"Op\u0107i uvjeti - Klinika BUT","og_description":"Op\u0107i uvjeti UGB, savjetovanje i usluge, d.o.o., Betettova ulica 10, 2000 Maribor, porezni broj: 86667254 &#8211; tvrtka nije obveznik pla\u0107anja PDV-a &#8211; zdravstvene usluge su u skladu s \u010dlankom 42. stavkom 2. to\u010dkom 1. Zakona o PDV-u oslobo\u0111ene pla\u0107anja PDV-a, Dozvola Ministarstva zdravstva, Uprave za zdravstvenu za\u0161titu &#8211; br. dozvole 0142-134\/2021\/21, licenca za rad Lije\u010dni\u010dke [&hellip;]","og_url":"https:\/\/www.klinika-but.si\/hr\/opci-uvjeti\/","og_site_name":"Klinika BUT","article_modified_time":"2025-11-27T09:43:57+00:00","twitter_card":"summary_large_image","twitter_misc":{"Procijenjeno vrijeme \u010ditanja":"8 minuta"},"schema":{"@context":"https:\/\/schema.org","@graph":[{"@type":"WebPage","@id":"https:\/\/www.klinika-but.si\/hr\/opci-uvjeti\/","url":"https:\/\/www.klinika-but.si\/hr\/opci-uvjeti\/","name":"Op\u0107i uvjeti - Klinika BUT","isPartOf":{"@id":"https:\/\/www.klinika-but.si\/hr\/#website"},"datePublished":"2020-04-01T08:23:16+00:00","dateModified":"2025-11-27T09:43:57+00:00","breadcrumb":{"@id":"https:\/\/www.klinika-but.si\/hr\/opci-uvjeti\/#breadcrumb"},"inLanguage":"hr","potentialAction":[{"@type":"ReadAction","target":["https:\/\/www.klinika-but.si\/hr\/opci-uvjeti\/"]}]},{"@type":"BreadcrumbList","@id":"https:\/\/www.klinika-but.si\/hr\/opci-uvjeti\/#breadcrumb","itemListElement":[{"@type":"ListItem","position":1,"name":"Home","item":"https:\/\/www.klinika-but.si\/hr\/pocetna\/"},{"@type":"ListItem","position":2,"name":"Op\u0107i uvjeti"}]},{"@type":"WebSite","@id":"https:\/\/www.klinika-but.si\/hr\/#website","url":"https:\/\/www.klinika-but.si\/hr\/","name":"Klinika BUT","description":"","potentialAction":[{"@type":"SearchAction","target":{"@type":"EntryPoint","urlTemplate":"https:\/\/www.klinika-but.si\/hr\/?s={search_term_string}"},"query-input":{"@type":"PropertyValueSpecification","valueRequired":true,"valueName":"search_term_string"}}],"inLanguage":"hr"}]}},"_links":{"self":[{"href":"https:\/\/www.klinika-but.si\/hr\/wp-json\/wp\/v2\/pages\/6769","targetHints":{"allow":["GET"]}}],"collection":[{"href":"https:\/\/www.klinika-but.si\/hr\/wp-json\/wp\/v2\/pages"}],"about":[{"href":"https:\/\/www.klinika-but.si\/hr\/wp-json\/wp\/v2\/types\/page"}],"author":[{"embeddable":true,"href":"https:\/\/www.klinika-but.si\/hr\/wp-json\/wp\/v2\/users\/1"}],"replies":[{"embeddable":true,"href":"https:\/\/www.klinika-but.si\/hr\/wp-json\/wp\/v2\/comments?post=6769"}],"version-history":[{"count":14,"href":"https:\/\/www.klinika-but.si\/hr\/wp-json\/wp\/v2\/pages\/6769\/revisions"}],"predecessor-version":[{"id":8490,"href":"https:\/\/www.klinika-but.si\/hr\/wp-json\/wp\/v2\/pages\/6769\/revisions\/8490"}],"wp:attachment":[{"href":"https:\/\/www.klinika-but.si\/hr\/wp-json\/wp\/v2\/media?parent=6769"}],"curies":[{"name":"wp","href":"https:\/\/api.w.org\/{rel}","templated":true}]}}