{"id":6554,"date":"2025-05-12T16:50:58","date_gmt":"2025-05-12T15:50:58","guid":{"rendered":"https:\/\/www.klinika-but.si\/endometrioza\/"},"modified":"2025-11-13T14:41:44","modified_gmt":"2025-11-13T13:41:44","slug":"endometrioza","status":"publish","type":"page","link":"https:\/\/www.klinika-but.si\/hr\/endometrioza\/","title":{"rendered":"Endometrioza"},"content":{"rendered":"\t\t<div data-elementor-type=\"wp-page\" data-elementor-id=\"6554\" class=\"elementor elementor-6554 elementor-3883\" data-elementor-settings=\"{&quot;element_pack_global_tooltip_width&quot;:{&quot;unit&quot;:&quot;px&quot;,&quot;size&quot;:&quot;&quot;,&quot;sizes&quot;:[]},&quot;element_pack_global_tooltip_width_tablet&quot;:{&quot;unit&quot;:&quot;px&quot;,&quot;size&quot;:&quot;&quot;,&quot;sizes&quot;:[]},&quot;element_pack_global_tooltip_width_mobile&quot;:{&quot;unit&quot;:&quot;px&quot;,&quot;size&quot;:&quot;&quot;,&quot;sizes&quot;:[]},&quot;element_pack_global_tooltip_padding&quot;:{&quot;unit&quot;:&quot;px&quot;,&quot;top&quot;:&quot;&quot;,&quot;right&quot;:&quot;&quot;,&quot;bottom&quot;:&quot;&quot;,&quot;left&quot;:&quot;&quot;,&quot;isLinked&quot;:true},&quot;element_pack_global_tooltip_padding_tablet&quot;:{&quot;unit&quot;:&quot;px&quot;,&quot;top&quot;:&quot;&quot;,&quot;right&quot;:&quot;&quot;,&quot;bottom&quot;:&quot;&quot;,&quot;left&quot;:&quot;&quot;,&quot;isLinked&quot;:true},&quot;element_pack_global_tooltip_padding_mobile&quot;:{&quot;unit&quot;:&quot;px&quot;,&quot;top&quot;:&quot;&quot;,&quot;right&quot;:&quot;&quot;,&quot;bottom&quot;:&quot;&quot;,&quot;left&quot;:&quot;&quot;,&quot;isLinked&quot;:true},&quot;element_pack_global_tooltip_border_radius&quot;:{&quot;unit&quot;:&quot;px&quot;,&quot;top&quot;:&quot;&quot;,&quot;right&quot;:&quot;&quot;,&quot;bottom&quot;:&quot;&quot;,&quot;left&quot;:&quot;&quot;,&quot;isLinked&quot;:true},&quot;element_pack_global_tooltip_border_radius_tablet&quot;:{&quot;unit&quot;:&quot;px&quot;,&quot;top&quot;:&quot;&quot;,&quot;right&quot;:&quot;&quot;,&quot;bottom&quot;:&quot;&quot;,&quot;left&quot;:&quot;&quot;,&quot;isLinked&quot;:true},&quot;element_pack_global_tooltip_border_radius_mobile&quot;:{&quot;unit&quot;:&quot;px&quot;,&quot;top&quot;:&quot;&quot;,&quot;right&quot;:&quot;&quot;,&quot;bottom&quot;:&quot;&quot;,&quot;left&quot;:&quot;&quot;,&quot;isLinked&quot;:true}}\" data-elementor-post-type=\"page\">\n\t\t\t\t\t\t<section class=\"xts-negative-gap elementor-section elementor-top-section elementor-element elementor-element-873e85f elementor-section-content-middle elementor-section-boxed elementor-section-height-default elementor-section-height-default xts-section-disabled\" data-id=\"873e85f\" data-element_type=\"section\" data-settings=\"{&quot;background_background&quot;:&quot;classic&quot;}\">\n\t\t\t\t\t\t\t<div class=\"elementor-background-overlay\"><\/div>\n\t\t\t\t\t\t\t<div class=\"elementor-container elementor-column-gap-wider\">\n\t\t\t\t\t<div class=\"elementor-column elementor-col-50 elementor-top-column elementor-element elementor-element-6d8ca83\" data-id=\"6d8ca83\" data-element_type=\"column\">\n\t\t\t<div class=\"elementor-widget-wrap elementor-element-populated\">\n\t\t\t\t\t\t<div class=\"elementor-element elementor-element-31f29bc xts-parallax-on-scroll xts_scroll_y_-20 xts_scroll_smoothness_10 elementor-widget elementor-widget-xts_image\" data-id=\"31f29bc\" data-element_type=\"widget\" data-widget_type=\"xts_image.default\">\n\t\t\t\t<div class=\"elementor-widget-container\">\n\t\t\t\t\t\t\t\t<div class=\"xts-image-single xts-textalign-left\">\n\t\t\t\t<figure class=\"xts-image\">\n\t\t\t\t\t\t\t\t\t\t\t<div class=\"xts-image-inner\">\n\t\t\t\t\t\n\t\t\t\t\t\t<img fetchpriority=\"high\" decoding=\"async\" width=\"1216\" height=\"1182\" src=\"https:\/\/www.klinika-but.si\/wp-content\/uploads\/2025\/05\/Endometrioza-03.jpg\" class=\"attachment-full size-full wp-image-4884\" alt=\"\" srcset=\"https:\/\/www.klinika-but.si\/wp-content\/uploads\/2025\/05\/Endometrioza-03.jpg 1216w, https:\/\/www.klinika-but.si\/wp-content\/uploads\/2025\/05\/Endometrioza-03-460x447.jpg 460w, https:\/\/www.klinika-but.si\/wp-content\/uploads\/2025\/05\/Endometrioza-03-1024x995.jpg 1024w, https:\/\/www.klinika-but.si\/wp-content\/uploads\/2025\/05\/Endometrioza-03-768x747.jpg 768w, https:\/\/www.klinika-but.si\/wp-content\/uploads\/2025\/05\/Endometrioza-03-1000x972.jpg 1000w, https:\/\/www.klinika-but.si\/wp-content\/uploads\/2025\/05\/Endometrioza-03-300x292.jpg 300w\" sizes=\"(max-width: 1216px) 100vw, 1216px\" \/>\n\t\t\t\t\t\t\t\t\t\t\t<\/div>\n\t\t\t\t\t\n\t\t\t\t\t\t\t\t\t<\/figure>\n\n\t\t\t\t\t\t\t<\/div>\n\t\t\t\t\t\t<\/div>\n\t\t\t\t<\/div>\n\t\t\t\t<div class=\"elementor-element elementor-element-bb5a442 xts-parallax-on-scroll xts_scroll_y_20 xts_scroll_smoothness_10 elementor-absolute elementor-hidden-tablet elementor-hidden-mobile elementor-widget elementor-widget-xts_shape\" data-id=\"bb5a442\" data-element_type=\"widget\" data-settings=\"{&quot;_position&quot;:&quot;absolute&quot;}\" data-widget_type=\"xts_shape.default\">\n\t\t\t\t<div class=\"elementor-widget-container\">\n\t\t\t\t\t\t\t\t<div class=\"xts-shape\"><\/div>\n\t\t\t\t\t\t<\/div>\n\t\t\t\t<\/div>\n\t\t\t\t\t<\/div>\n\t\t<\/div>\n\t\t\t\t<div class=\"elementor-column elementor-col-50 elementor-top-column elementor-element elementor-element-1f13350\" data-id=\"1f13350\" data-element_type=\"column\">\n\t\t\t<div class=\"elementor-widget-wrap elementor-element-populated\">\n\t\t\t\t\t\t<div class=\"elementor-element elementor-element-624cd28 xts-width-100 elementor-widget elementor-widget-xts_title\" data-id=\"624cd28\" data-element_type=\"widget\" data-widget_type=\"xts_title.default\">\n\t\t\t\t<div class=\"elementor-widget-container\">\n\t\t\t\t\t\t\t\t<div class=\"xts-section-heading xts-reset-mb-10 xts-reset-last xts-textalign-left\" data-animation-delay=\"\">\n\t\t\t\t\t\t\t\t\t<div class=\"xts-section-subtitle xts-fontsize-s\">\n\t\t\t\t\t\t<span class=\"xts-section-subtitle-text\" data-elementor-setting-key=\"subtitle\">\n\t\t\t\t\t\t\tGinekologija\t\t\t\t\t\t<\/span>\n\n\t\t\t\t\t\t\t\t\t\t\t<\/div>\n\t\t\t\t\n\t\t\t\t\t\t\t\t\t<h4 class=\"xts-section-title title xts-design-default xts-fontsize-xxl\">\n\t\t\t\t\t\t<span class=\"xts-section-title-text\" data-elementor-setting-key=\"title\">\n\t\t\t\t\t\t\tEndometrioza\t\t\t\t\t\t<\/span>\n\n\t\t\t\t\t\t\t\t\t\t\t<\/h4>\n\t\t\t\t\n\t\t\t\t\n\t\t\t\t\t\t\t\t\t<div class=\"xts-section-desc\">\n\t\t\t\t\t\t<div class=\"xts-section-desc-text xts-reset-all-last\" data-elementor-setting-key=\"description\">\n\t\t\t\t\t\t\t<p>Endometrioza je kroni\u010dna, o hormonima ovisna, upalna neopasna bolest kod koje se tkivo sli\u010dno endometriju (sluznici maternice) \u0161iri unutar i izvan maternice.<\/p>\t\t\t\t\t\t<\/div>\n\t\t\t\t\t<\/div>\n\t\t\t\t\t\t\t<\/div>\n\t\t\t\t\t\t<\/div>\n\t\t\t\t<\/div>\n\t\t\t\t<div class=\"elementor-element elementor-element-74cf258 elementor-widget elementor-widget-bdt-advanced-button\" data-id=\"74cf258\" data-element_type=\"widget\" data-widget_type=\"bdt-advanced-button.default\">\n\t\t\t\t<div class=\"elementor-widget-container\">\n\t\t\t\t\t\t\t<div class=\"bdt-ep-button-wrapper\">\n\t\t\t<a href=\"https:\/\/www.klinika-but.si\/hr\/kontakt\/\" class=\"bdt-ep-button bdt-ep-button-effect-a bdt-ep-button-size-sm\">\n\t\t\t\t\t\t<div class=\"bdt-ep-button-content-wrapper bdt-flex bdt-flex-middle bdt-flex-center  \" data-text=\"NARU\u010cITE SE NA PREGLED\">\n\t\t\t\n\t\t\t<div class=\"bdt-ep-button-text\">\n\n\t\t\t\t<span class=\"avdbtn-text\">\n\t\t\t\t\tNARU\u010cITE SE NA PREGLED\t\t\t\t<\/span>\n\n\t\t\t\t\t\t\t<\/div>\n\n\t\t\t\n\t\t<\/div>\n\t\t\t\t\t<\/a>\n\t\t<\/div>\n\t\t\t\t\t\t<\/div>\n\t\t\t\t<\/div>\n\t\t\t\t\t<\/div>\n\t\t<\/div>\n\t\t\t\t\t<\/div>\n\t\t<\/section>\n\t\t<div class=\"xts-negative-gap elementor-element elementor-element-1165b3a e-flex e-con-boxed xts-section-disabled e-con e-parent\" data-id=\"1165b3a\" data-element_type=\"container\">\n\t\t\t\t\t<div class=\"e-con-inner\">\n\t\t<div class=\"elementor-element elementor-element-bdc91f7 e-con-full e-flex xts-section-disabled e-con e-child\" data-id=\"bdc91f7\" data-element_type=\"container\">\n\t\t\t\t<\/div>\n\t\t<div class=\"elementor-element elementor-element-5a96bde e-con-full e-flex xts-section-disabled e-con e-child\" data-id=\"5a96bde\" data-element_type=\"container\">\n\t\t\t\t<div class=\"elementor-element elementor-element-607172a xts-scheme-inherit xts-textalign-inherit elementor-widget elementor-widget-text-editor\" data-id=\"607172a\" data-element_type=\"widget\" data-widget_type=\"text-editor.default\">\n\t\t\t\t<div class=\"elementor-widget-container\">\n\t\t\t\t\t\t\t\t\t<p>To tkivo, sli\u010dno endometriju, krvari tijekom menstruacije, \u0161to mo\u017ee dovesti do nastanka lokalne upale peritoneuma (potrbu\u0161nice) u maloj zdjelici i posljedi\u010dno do nastanka \u017eari\u0161ta endometrioze, koja uzrokuju razli\u010dite probleme, kao \u0161to su bolovi u trbuhu koji se poja\u010davaju tijekom menstruacije, bolovi pri spolnom odnosu, a zbog nastanka priraslica i imunolo\u0161kih \u010dimbenika mo\u017ee nastupiti i neplodnost.<\/p><p>Najte\u017ei oblik je duboka infiltrativna (urastaju\u0107a) endometrioza, koja urasta u mjehur, mokra\u0107ovode i debelo crijevo te time, zbog vrlo jakih tegoba, zna\u010dajno naru\u0161ava kvalitetu \u017eivota \u017eena.<\/p><p>Pri postavljanju dijagnoze vrlo je va\u017ean precizan ginekolo\u0161ki pregled i dobra ultrazvu\u010dna dijagnostika, posebice u kombinaciji s nalazom MR male zdjelice i kralje\u017enice te s odre\u0111ivanjem markera CA125 u serumu.<\/p><h2><strong>Lije\u010denje<\/strong><\/h2><p>U terapiji su na raspolaganju hormonski preparati (kontraceptivi, gestageni, analozi GnRH) koji zaustavljaju \u0161irenje endometrioze, NSAR analgetici te drugi lijekovi za ubla\u017eavanje bolova.<\/p><p>No, najbolje rje\u0161enje predstavlja laparoskopski izrez svih endometrioti\u010dnih \u017eari\u0161ta. Pri operaciji je iznimno va\u017eno da se prvi zahvat napravi \u0161to je mogu\u0107e radikalnije i preciznije te da se uklone, odnosno izre\u017eu sva vidljiva \u017eari\u0161ta endometrioze, jer je samo to garancija za pobolj\u0161anje tegoba koje uzrokuje ova dosadna, kroni\u010dna bolest.  <\/p>\t\t\t\t\t\t\t\t<\/div>\n\t\t\t\t<\/div>\n\t\t\t\t<\/div>\n\t\t<div class=\"elementor-element elementor-element-f3bb562 e-con-full e-flex xts-section-disabled e-con e-child\" data-id=\"f3bb562\" data-element_type=\"container\">\n\t\t\t\t<\/div>\n\t\t\t\t\t<\/div>\n\t\t\t\t<\/div>\n\t\t<div class=\"xts-negative-gap elementor-element elementor-element-cc75ae4 e-flex e-con-boxed xts-section-disabled e-con e-parent\" data-id=\"cc75ae4\" data-element_type=\"container\">\n\t\t\t\t\t<div class=\"e-con-inner\">\n\t\t\t\t<div class=\"elementor-element elementor-element-830249a elementor-align-center elementor-widget elementor-widget-bdt-advanced-button\" data-id=\"830249a\" data-element_type=\"widget\" data-widget_type=\"bdt-advanced-button.default\">\n\t\t\t\t<div class=\"elementor-widget-container\">\n\t\t\t\t\t\t\t<div class=\"bdt-ep-button-wrapper\">\n\t\t\t<a href=\"https:\/\/www.klinika-but.si\/hr\/ginekologija\/\" class=\"bdt-ep-button bdt-ep-button-effect-a bdt-ep-button-size-md\">\n\t\t\t\t\t\t<div class=\"bdt-ep-button-content-wrapper bdt-flex bdt-flex-middle bdt-flex-center  \" data-text=\"OSTALE GINEKOLO\u0160KE USLUGE\">\n\t\t\t\n\t\t\t<div class=\"bdt-ep-button-text\">\n\n\t\t\t\t<span class=\"avdbtn-text\">\n\t\t\t\t\tOSTALE GINEKOLO\u0160KE USLUGE\t\t\t\t<\/span>\n\n\t\t\t\t\t\t\t<\/div>\n\n\t\t\t\n\t\t<\/div>\n\t\t\t\t\t<\/a>\n\t\t<\/div>\n\t\t\t\t\t\t<\/div>\n\t\t\t\t<\/div>\n\t\t\t\t\t<\/div>\n\t\t\t\t<\/div>\n\t\t\t\t<\/div>\n\t\t","protected":false},"excerpt":{"rendered":"<p>Ginekologija Endometrioza Endometrioza je kroni\u010dna, o hormonima ovisna, upalna neopasna bolest kod koje se tkivo sli\u010dno endometriju (sluznici maternice) \u0161iri unutar i izvan maternice. NARU\u010cITE SE NA PREGLED To tkivo, sli\u010dno endometriju, krvari tijekom menstruacije, \u0161to mo\u017ee dovesti do nastanka lokalne upale peritoneuma (potrbu\u0161nice) u maloj zdjelici i posljedi\u010dno do nastanka \u017eari\u0161ta endometrioze, koja uzrokuju [&hellip;]<\/p>\n","protected":false},"author":2,"featured_media":6557,"parent":0,"menu_order":0,"comment_status":"closed","ping_status":"closed","template":"","meta":{"footnotes":""},"class_list":["post-6554","page","type-page","status-publish","has-post-thumbnail","hentry"],"yoast_head":"<!-- This site is optimized with the Yoast SEO plugin v27.2 - https:\/\/yoast.com\/product\/yoast-seo-wordpress\/ -->\n<title>Endometrioza - Klinika BUT<\/title>\n<meta name=\"description\" content=\"Endometrioza je kroni\u010dna upalna neopasna bolest kod koje se tkivo sli\u010dno endometriju \u0161iri unutar i izvan maternice.\" \/>\n<meta name=\"robots\" content=\"index, follow, max-snippet:-1, max-image-preview:large, max-video-preview:-1\" \/>\n<link rel=\"canonical\" href=\"https:\/\/www.klinika-but.si\/hr\/endometrioza\/\" \/>\n<meta property=\"og:locale\" content=\"hr_HR\" \/>\n<meta property=\"og:type\" content=\"article\" \/>\n<meta property=\"og:title\" content=\"Endometrioza - Klinika BUT\" \/>\n<meta property=\"og:description\" content=\"Endometrioza je kroni\u010dna upalna neopasna bolest kod koje se tkivo sli\u010dno endometriju \u0161iri unutar i izvan maternice.\" \/>\n<meta property=\"og:url\" content=\"https:\/\/www.klinika-but.si\/hr\/endometrioza\/\" \/>\n<meta property=\"og:site_name\" content=\"Klinika BUT\" \/>\n<meta property=\"article:modified_time\" content=\"2025-11-13T13:41:44+00:00\" \/>\n<meta property=\"og:image\" content=\"https:\/\/www.klinika-but.si\/wp-content\/uploads\/2025\/05\/Endometrioza-03.jpg\" \/>\n\t<meta property=\"og:image:width\" content=\"1216\" \/>\n\t<meta property=\"og:image:height\" content=\"1182\" \/>\n\t<meta property=\"og:image:type\" content=\"image\/jpeg\" \/>\n<meta name=\"twitter:card\" content=\"summary_large_image\" \/>\n<meta name=\"twitter:label1\" content=\"Procijenjeno vrijeme \u010ditanja\" \/>\n\t<meta name=\"twitter:data1\" content=\"1 minuta\" \/>\n<script type=\"application\/ld+json\" class=\"yoast-schema-graph\">{\"@context\":\"https:\/\/schema.org\",\"@graph\":[{\"@type\":\"WebPage\",\"@id\":\"https:\/\/www.klinika-but.si\/hr\/endometrioza\/\",\"url\":\"https:\/\/www.klinika-but.si\/hr\/endometrioza\/\",\"name\":\"Endometrioza - Klinika BUT\",\"isPartOf\":{\"@id\":\"https:\/\/www.klinika-but.si\/hr\/#website\"},\"primaryImageOfPage\":{\"@id\":\"https:\/\/www.klinika-but.si\/hr\/endometrioza\/#primaryimage\"},\"image\":{\"@id\":\"https:\/\/www.klinika-but.si\/hr\/endometrioza\/#primaryimage\"},\"thumbnailUrl\":\"https:\/\/www.klinika-but.si\/wp-content\/uploads\/2025\/05\/Endometrioza-03.jpg\",\"datePublished\":\"2025-05-12T15:50:58+00:00\",\"dateModified\":\"2025-11-13T13:41:44+00:00\",\"description\":\"Endometrioza je kroni\u010dna upalna neopasna bolest kod koje se tkivo sli\u010dno endometriju \u0161iri unutar i izvan maternice.\",\"breadcrumb\":{\"@id\":\"https:\/\/www.klinika-but.si\/hr\/endometrioza\/#breadcrumb\"},\"inLanguage\":\"hr\",\"potentialAction\":[{\"@type\":\"ReadAction\",\"target\":[\"https:\/\/www.klinika-but.si\/hr\/endometrioza\/\"]}]},{\"@type\":\"ImageObject\",\"inLanguage\":\"hr\",\"@id\":\"https:\/\/www.klinika-but.si\/hr\/endometrioza\/#primaryimage\",\"url\":\"https:\/\/www.klinika-but.si\/wp-content\/uploads\/2025\/05\/Endometrioza-03.jpg\",\"contentUrl\":\"https:\/\/www.klinika-but.si\/wp-content\/uploads\/2025\/05\/Endometrioza-03.jpg\",\"width\":1216,\"height\":1182},{\"@type\":\"BreadcrumbList\",\"@id\":\"https:\/\/www.klinika-but.si\/hr\/endometrioza\/#breadcrumb\",\"itemListElement\":[{\"@type\":\"ListItem\",\"position\":1,\"name\":\"Home\",\"item\":\"https:\/\/www.klinika-but.si\/hr\/pocetna\/\"},{\"@type\":\"ListItem\",\"position\":2,\"name\":\"Endometrioza\"}]},{\"@type\":\"WebSite\",\"@id\":\"https:\/\/www.klinika-but.si\/hr\/#website\",\"url\":\"https:\/\/www.klinika-but.si\/hr\/\",\"name\":\"Klinika BUT\",\"description\":\"\",\"potentialAction\":[{\"@type\":\"SearchAction\",\"target\":{\"@type\":\"EntryPoint\",\"urlTemplate\":\"https:\/\/www.klinika-but.si\/hr\/?s={search_term_string}\"},\"query-input\":{\"@type\":\"PropertyValueSpecification\",\"valueRequired\":true,\"valueName\":\"search_term_string\"}}],\"inLanguage\":\"hr\"}]}<\/script>\n<!-- \/ Yoast SEO plugin. -->","yoast_head_json":{"title":"Endometrioza - Klinika BUT","description":"Endometrioza je kroni\u010dna upalna neopasna bolest kod koje se tkivo sli\u010dno endometriju \u0161iri unutar i izvan maternice.","robots":{"index":"index","follow":"follow","max-snippet":"max-snippet:-1","max-image-preview":"max-image-preview:large","max-video-preview":"max-video-preview:-1"},"canonical":"https:\/\/www.klinika-but.si\/hr\/endometrioza\/","og_locale":"hr_HR","og_type":"article","og_title":"Endometrioza - Klinika BUT","og_description":"Endometrioza je kroni\u010dna upalna neopasna bolest kod koje se tkivo sli\u010dno endometriju \u0161iri unutar i izvan maternice.","og_url":"https:\/\/www.klinika-but.si\/hr\/endometrioza\/","og_site_name":"Klinika BUT","article_modified_time":"2025-11-13T13:41:44+00:00","og_image":[{"width":1216,"height":1182,"url":"https:\/\/www.klinika-but.si\/wp-content\/uploads\/2025\/05\/Endometrioza-03.jpg","type":"image\/jpeg"}],"twitter_card":"summary_large_image","twitter_misc":{"Procijenjeno vrijeme \u010ditanja":"1 minuta"},"schema":{"@context":"https:\/\/schema.org","@graph":[{"@type":"WebPage","@id":"https:\/\/www.klinika-but.si\/hr\/endometrioza\/","url":"https:\/\/www.klinika-but.si\/hr\/endometrioza\/","name":"Endometrioza - Klinika BUT","isPartOf":{"@id":"https:\/\/www.klinika-but.si\/hr\/#website"},"primaryImageOfPage":{"@id":"https:\/\/www.klinika-but.si\/hr\/endometrioza\/#primaryimage"},"image":{"@id":"https:\/\/www.klinika-but.si\/hr\/endometrioza\/#primaryimage"},"thumbnailUrl":"https:\/\/www.klinika-but.si\/wp-content\/uploads\/2025\/05\/Endometrioza-03.jpg","datePublished":"2025-05-12T15:50:58+00:00","dateModified":"2025-11-13T13:41:44+00:00","description":"Endometrioza je kroni\u010dna upalna neopasna bolest kod koje se tkivo sli\u010dno endometriju \u0161iri unutar i izvan maternice.","breadcrumb":{"@id":"https:\/\/www.klinika-but.si\/hr\/endometrioza\/#breadcrumb"},"inLanguage":"hr","potentialAction":[{"@type":"ReadAction","target":["https:\/\/www.klinika-but.si\/hr\/endometrioza\/"]}]},{"@type":"ImageObject","inLanguage":"hr","@id":"https:\/\/www.klinika-but.si\/hr\/endometrioza\/#primaryimage","url":"https:\/\/www.klinika-but.si\/wp-content\/uploads\/2025\/05\/Endometrioza-03.jpg","contentUrl":"https:\/\/www.klinika-but.si\/wp-content\/uploads\/2025\/05\/Endometrioza-03.jpg","width":1216,"height":1182},{"@type":"BreadcrumbList","@id":"https:\/\/www.klinika-but.si\/hr\/endometrioza\/#breadcrumb","itemListElement":[{"@type":"ListItem","position":1,"name":"Home","item":"https:\/\/www.klinika-but.si\/hr\/pocetna\/"},{"@type":"ListItem","position":2,"name":"Endometrioza"}]},{"@type":"WebSite","@id":"https:\/\/www.klinika-but.si\/hr\/#website","url":"https:\/\/www.klinika-but.si\/hr\/","name":"Klinika BUT","description":"","potentialAction":[{"@type":"SearchAction","target":{"@type":"EntryPoint","urlTemplate":"https:\/\/www.klinika-but.si\/hr\/?s={search_term_string}"},"query-input":{"@type":"PropertyValueSpecification","valueRequired":true,"valueName":"search_term_string"}}],"inLanguage":"hr"}]}},"_links":{"self":[{"href":"https:\/\/www.klinika-but.si\/hr\/wp-json\/wp\/v2\/pages\/6554","targetHints":{"allow":["GET"]}}],"collection":[{"href":"https:\/\/www.klinika-but.si\/hr\/wp-json\/wp\/v2\/pages"}],"about":[{"href":"https:\/\/www.klinika-but.si\/hr\/wp-json\/wp\/v2\/types\/page"}],"author":[{"embeddable":true,"href":"https:\/\/www.klinika-but.si\/hr\/wp-json\/wp\/v2\/users\/2"}],"replies":[{"embeddable":true,"href":"https:\/\/www.klinika-but.si\/hr\/wp-json\/wp\/v2\/comments?post=6554"}],"version-history":[{"count":4,"href":"https:\/\/www.klinika-but.si\/hr\/wp-json\/wp\/v2\/pages\/6554\/revisions"}],"predecessor-version":[{"id":7480,"href":"https:\/\/www.klinika-but.si\/hr\/wp-json\/wp\/v2\/pages\/6554\/revisions\/7480"}],"wp:featuredmedia":[{"embeddable":true,"href":"https:\/\/www.klinika-but.si\/hr\/wp-json\/wp\/v2\/media\/6557"}],"wp:attachment":[{"href":"https:\/\/www.klinika-but.si\/hr\/wp-json\/wp\/v2\/media?parent=6554"}],"curies":[{"name":"wp","href":"https:\/\/api.w.org\/{rel}","templated":true}]}}