{"id":6427,"date":"2025-05-21T10:19:52","date_gmt":"2025-05-21T09:19:52","guid":{"rendered":"https:\/\/www.klinika-but.si\/prolaps-maternice\/"},"modified":"2025-11-17T12:54:42","modified_gmt":"2025-11-17T11:54:42","slug":"prolaps-maternice","status":"publish","type":"page","link":"https:\/\/www.klinika-but.si\/hr\/prolaps-maternice\/","title":{"rendered":"Prolaps maternice"},"content":{"rendered":"\t\t<div data-elementor-type=\"wp-page\" data-elementor-id=\"6427\" class=\"elementor elementor-6427 elementor-4501\" data-elementor-settings=\"{&quot;element_pack_global_tooltip_width&quot;:{&quot;unit&quot;:&quot;px&quot;,&quot;size&quot;:&quot;&quot;,&quot;sizes&quot;:[]},&quot;element_pack_global_tooltip_width_tablet&quot;:{&quot;unit&quot;:&quot;px&quot;,&quot;size&quot;:&quot;&quot;,&quot;sizes&quot;:[]},&quot;element_pack_global_tooltip_width_mobile&quot;:{&quot;unit&quot;:&quot;px&quot;,&quot;size&quot;:&quot;&quot;,&quot;sizes&quot;:[]},&quot;element_pack_global_tooltip_padding&quot;:{&quot;unit&quot;:&quot;px&quot;,&quot;top&quot;:&quot;&quot;,&quot;right&quot;:&quot;&quot;,&quot;bottom&quot;:&quot;&quot;,&quot;left&quot;:&quot;&quot;,&quot;isLinked&quot;:true},&quot;element_pack_global_tooltip_padding_tablet&quot;:{&quot;unit&quot;:&quot;px&quot;,&quot;top&quot;:&quot;&quot;,&quot;right&quot;:&quot;&quot;,&quot;bottom&quot;:&quot;&quot;,&quot;left&quot;:&quot;&quot;,&quot;isLinked&quot;:true},&quot;element_pack_global_tooltip_padding_mobile&quot;:{&quot;unit&quot;:&quot;px&quot;,&quot;top&quot;:&quot;&quot;,&quot;right&quot;:&quot;&quot;,&quot;bottom&quot;:&quot;&quot;,&quot;left&quot;:&quot;&quot;,&quot;isLinked&quot;:true},&quot;element_pack_global_tooltip_border_radius&quot;:{&quot;unit&quot;:&quot;px&quot;,&quot;top&quot;:&quot;&quot;,&quot;right&quot;:&quot;&quot;,&quot;bottom&quot;:&quot;&quot;,&quot;left&quot;:&quot;&quot;,&quot;isLinked&quot;:true},&quot;element_pack_global_tooltip_border_radius_tablet&quot;:{&quot;unit&quot;:&quot;px&quot;,&quot;top&quot;:&quot;&quot;,&quot;right&quot;:&quot;&quot;,&quot;bottom&quot;:&quot;&quot;,&quot;left&quot;:&quot;&quot;,&quot;isLinked&quot;:true},&quot;element_pack_global_tooltip_border_radius_mobile&quot;:{&quot;unit&quot;:&quot;px&quot;,&quot;top&quot;:&quot;&quot;,&quot;right&quot;:&quot;&quot;,&quot;bottom&quot;:&quot;&quot;,&quot;left&quot;:&quot;&quot;,&quot;isLinked&quot;:true}}\" data-elementor-post-type=\"page\">\n\t\t\t\t\t\t<section class=\"xts-negative-gap elementor-section elementor-top-section elementor-element elementor-element-873e85f elementor-section-content-middle elementor-section-boxed elementor-section-height-default elementor-section-height-default xts-section-disabled\" data-id=\"873e85f\" data-element_type=\"section\" data-settings=\"{&quot;background_background&quot;:&quot;classic&quot;}\">\n\t\t\t\t\t\t\t<div class=\"elementor-background-overlay\"><\/div>\n\t\t\t\t\t\t\t<div class=\"elementor-container elementor-column-gap-wider\">\n\t\t\t\t\t<div class=\"elementor-column elementor-col-50 elementor-top-column elementor-element elementor-element-6d8ca83\" data-id=\"6d8ca83\" data-element_type=\"column\">\n\t\t\t<div class=\"elementor-widget-wrap elementor-element-populated\">\n\t\t\t\t\t\t<div class=\"elementor-element elementor-element-31f29bc xts-parallax-on-scroll xts_scroll_y_-20 xts_scroll_smoothness_10 elementor-widget elementor-widget-xts_image\" data-id=\"31f29bc\" data-element_type=\"widget\" data-widget_type=\"xts_image.default\">\n\t\t\t\t<div class=\"elementor-widget-container\">\n\t\t\t\t\t\t\t\t<div class=\"xts-image-single xts-textalign-left\">\n\t\t\t\t<figure class=\"xts-image\">\n\t\t\t\t\t\t\t\t\t\t\t<div class=\"xts-image-inner\">\n\t\t\t\t\t\n\t\t\t\t\t\t<img fetchpriority=\"high\" decoding=\"async\" width=\"1216\" height=\"1182\" src=\"https:\/\/www.klinika-but.si\/wp-content\/uploads\/2025\/05\/Prolaps-maternice-02.jpg\" class=\"attachment-full size-full wp-image-4502\" alt=\"\" srcset=\"https:\/\/www.klinika-but.si\/wp-content\/uploads\/2025\/05\/Prolaps-maternice-02.jpg 1216w, https:\/\/www.klinika-but.si\/wp-content\/uploads\/2025\/05\/Prolaps-maternice-02-460x447.jpg 460w, https:\/\/www.klinika-but.si\/wp-content\/uploads\/2025\/05\/Prolaps-maternice-02-1024x995.jpg 1024w, https:\/\/www.klinika-but.si\/wp-content\/uploads\/2025\/05\/Prolaps-maternice-02-768x747.jpg 768w, https:\/\/www.klinika-but.si\/wp-content\/uploads\/2025\/05\/Prolaps-maternice-02-1000x972.jpg 1000w, https:\/\/www.klinika-but.si\/wp-content\/uploads\/2025\/05\/Prolaps-maternice-02-300x292.jpg 300w\" sizes=\"(max-width: 1216px) 100vw, 1216px\" \/>\n\t\t\t\t\t\t\t\t\t\t\t<\/div>\n\t\t\t\t\t\n\t\t\t\t\t\t\t\t\t<\/figure>\n\n\t\t\t\t\t\t\t<\/div>\n\t\t\t\t\t\t<\/div>\n\t\t\t\t<\/div>\n\t\t\t\t<div class=\"elementor-element elementor-element-bb5a442 xts-parallax-on-scroll xts_scroll_y_20 xts_scroll_smoothness_10 elementor-absolute elementor-hidden-tablet elementor-hidden-mobile elementor-widget elementor-widget-xts_shape\" data-id=\"bb5a442\" data-element_type=\"widget\" data-settings=\"{&quot;_position&quot;:&quot;absolute&quot;}\" data-widget_type=\"xts_shape.default\">\n\t\t\t\t<div class=\"elementor-widget-container\">\n\t\t\t\t\t\t\t\t<div class=\"xts-shape\"><\/div>\n\t\t\t\t\t\t<\/div>\n\t\t\t\t<\/div>\n\t\t\t\t\t<\/div>\n\t\t<\/div>\n\t\t\t\t<div class=\"elementor-column elementor-col-50 elementor-top-column elementor-element elementor-element-1f13350\" data-id=\"1f13350\" data-element_type=\"column\">\n\t\t\t<div class=\"elementor-widget-wrap elementor-element-populated\">\n\t\t\t\t\t\t<div class=\"elementor-element elementor-element-624cd28 xts-width-100 elementor-widget elementor-widget-xts_title\" data-id=\"624cd28\" data-element_type=\"widget\" data-widget_type=\"xts_title.default\">\n\t\t\t\t<div class=\"elementor-widget-container\">\n\t\t\t\t\t\t\t\t<div class=\"xts-section-heading xts-reset-mb-10 xts-reset-last xts-textalign-left\" data-animation-delay=\"\">\n\t\t\t\t\t\t\t\t\t<div class=\"xts-section-subtitle xts-fontsize-s\">\n\t\t\t\t\t\t<span class=\"xts-section-subtitle-text\" data-elementor-setting-key=\"subtitle\">\n\t\t\t\t\t\t\tUroginekologija\t\t\t\t\t\t<\/span>\n\n\t\t\t\t\t\t\t\t\t\t\t<\/div>\n\t\t\t\t\n\t\t\t\t\t\t\t\t\t<h4 class=\"xts-section-title title xts-design-default xts-fontsize-xxl\">\n\t\t\t\t\t\t<span class=\"xts-section-title-text\" data-elementor-setting-key=\"title\">\n\t\t\t\t\t\t\tProlaps maternice\t\t\t\t\t\t<\/span>\n\n\t\t\t\t\t\t\t\t\t\t\t<\/h4>\n\t\t\t\t\n\t\t\t\t\n\t\t\t\t\t\t\t\t\t<div class=\"xts-section-desc\">\n\t\t\t\t\t\t<div class=\"xts-section-desc-text xts-reset-all-last\" data-elementor-setting-key=\"description\">\n\t\t\t\t\t\t\t<p>O prolapsu, odnosno ispadanju maternice govorimo kada zbog oslabljenog veziva i mi\u0161i\u0107a dna zdjelice, maternica sklizne u rodnicu ili izvan nje.  <\/p>\t\t\t\t\t\t<\/div>\n\t\t\t\t\t<\/div>\n\t\t\t\t\t\t\t<\/div>\n\t\t\t\t\t\t<\/div>\n\t\t\t\t<\/div>\n\t\t\t\t<div class=\"elementor-element elementor-element-4848e99 elementor-widget elementor-widget-bdt-advanced-button\" data-id=\"4848e99\" data-element_type=\"widget\" data-widget_type=\"bdt-advanced-button.default\">\n\t\t\t\t<div class=\"elementor-widget-container\">\n\t\t\t\t\t\t\t<div class=\"bdt-ep-button-wrapper\">\n\t\t\t<a href=\"https:\/\/www.klinika-but.si\/hr\/kontakt\/\" class=\"bdt-ep-button bdt-ep-button-effect-a bdt-ep-button-size-sm\">\n\t\t\t\t\t\t<div class=\"bdt-ep-button-content-wrapper bdt-flex bdt-flex-middle bdt-flex-center  \" data-text=\"NARU\u010cITE SE NA PREGLED\">\n\t\t\t\n\t\t\t<div class=\"bdt-ep-button-text\">\n\n\t\t\t\t<span class=\"avdbtn-text\">\n\t\t\t\t\tNARU\u010cITE SE NA PREGLED\t\t\t\t<\/span>\n\n\t\t\t\t\t\t\t<\/div>\n\n\t\t\t\n\t\t<\/div>\n\t\t\t\t\t<\/a>\n\t\t<\/div>\n\t\t\t\t\t\t<\/div>\n\t\t\t\t<\/div>\n\t\t\t\t\t<\/div>\n\t\t<\/div>\n\t\t\t\t\t<\/div>\n\t\t<\/section>\n\t\t<div class=\"xts-negative-gap elementor-element elementor-element-1165b3a e-flex e-con-boxed xts-section-disabled e-con e-parent\" data-id=\"1165b3a\" data-element_type=\"container\">\n\t\t\t\t\t<div class=\"e-con-inner\">\n\t\t<div class=\"elementor-element elementor-element-5a96bde e-con-full e-flex xts-section-disabled e-con e-child\" data-id=\"5a96bde\" data-element_type=\"container\">\n\t\t\t\t<div class=\"elementor-element elementor-element-607172a xts-scheme-inherit xts-textalign-inherit elementor-widget elementor-widget-text-editor\" data-id=\"607172a\" data-element_type=\"widget\" data-widget_type=\"text-editor.default\">\n\t\t\t\t<div class=\"elementor-widget-container\">\n\t\t\t\t\t\t\t\t\t<p>U maloj zdjelici su maternica, mokra\u0107ni mjehur, debelo crijevo i mokra\u0107na cijev. U rodnicu se mo\u017ee spustiti, odnosno iskliznuti bilo koji od spomenutih organa, ali naj\u010de\u0161\u0107e se dogodi da iskliznu mjehur i maternica.  <\/p><p>\u010cesti simptomi ispadanja su osje\u0107aj pritiska u rodnici zbog izbo\u010dine, osje\u0107aj &#8216;povla\u010denja&#8217; prema dolje i ponekad i bol u kri\u017eima. Ponekad maternica isklizne \u010dak i van iz rodnice i \u017eene je mogu napipati. <\/p><p>Ispadanje maternice je na\u010delno \u010de\u0161\u0107e kod starijih \u017eena, no susre\u0107emo ga i kod mla\u0111ih. Glavni razlog za ispadanje maternice je prethodna ozljeda mi\u0161i\u0107a i vezivnog tkiva dna zdjelice tijekom poroda. Ispadanje maternice je stoga rje\u0111e kod \u017eena koje nisu rodile, odnosno su rodile carskim rezom.    <\/p>\t\t\t\t\t\t\t\t<\/div>\n\t\t\t\t<\/div>\n\t\t\t\t<div class=\"elementor-element elementor-element-56fc231 elementor-position-left elementor-vertical-align-middle elementor-widget elementor-widget-image-box\" data-id=\"56fc231\" data-element_type=\"widget\" data-widget_type=\"image-box.default\">\n\t\t\t\t<div class=\"elementor-widget-container\">\n\t\t\t\t\t<div class=\"elementor-image-box-wrapper\"><figure class=\"elementor-image-box-img\"><img decoding=\"async\" width=\"200\" height=\"200\" src=\"https:\/\/www.klinika-but.si\/wp-content\/uploads\/2025\/05\/Uhajanje-urina_zdravljenje.png\" class=\"attachment-full size-full wp-image-6424\" alt=\"\" \/><\/figure><div class=\"elementor-image-box-content\"><h2 class=\"elementor-image-box-title\">Lije\u010denje<\/h2><\/div><\/div>\t\t\t\t<\/div>\n\t\t\t\t<\/div>\n\t\t\t\t<div class=\"elementor-element elementor-element-45b5404 xts-scheme-inherit xts-textalign-inherit elementor-widget elementor-widget-text-editor\" data-id=\"45b5404\" data-element_type=\"widget\" data-widget_type=\"text-editor.default\">\n\t\t\t\t<div class=\"elementor-widget-container\">\n\t\t\t\t\t\t\t\t\t<p>Na\u010din lije\u010denja ispale maternice ovisi o opsegu ispadanja maternice i starosti te \u017eelji pacijentica.<\/p><p>Prijedlog lije\u010denja izra\u0111ujemo na temelju klini\u010dkog i ultrazvu\u010dnog pregleda i pri tome predla\u017eemo najoptimalniju metodu lije\u010denja, kojom mo\u017eemo ili o\u010duvati maternicu ili je odstraniti.<\/p><p>Za eventualno stavljanje pesarima (vaginalnih prstenova) se u pravilu ne odlu\u010dujemo, jer pri tome vidimo vi\u0161e nedostataka nego prednosti! <\/p>\t\t\t\t\t\t\t\t<\/div>\n\t\t\t\t<\/div>\n\t\t\t\t<div class=\"elementor-element elementor-element-6e1511b xts-scheme-inherit xts-textalign-inherit elementor-widget elementor-widget-text-editor\" data-id=\"6e1511b\" data-element_type=\"widget\" data-widget_type=\"text-editor.default\">\n\t\t\t\t<div class=\"elementor-widget-container\">\n\t\t\t\t\t\t\t\t\t<p><strong>ODSTRANJIVANJE MATERNICE<\/strong><\/p><p><strong>Vaginalno odstranjivanje maternice <\/strong><\/p><p>Ve\u0107e zahvate izvodimo na vrhunskim privatnim klinikama, gdje unajmljujemo njihove prostore i njihovo vrhunski osposobljeno osoblje.<\/p><p>Odstranjivanje maternice preporu\u010dujemo pacijenticama koje su starije. Ova operacija je prikladna i za na\u0161e najstarije pacijentice i za one s pridru\u017eenim ozbiljnim problemima sa srcem, tlakom ili plu\u0107ima, jer na\u0161i stru\u010dnjaci ovaj zahvat izvode u sedaciji, koju osobito starije pacijentice iznimno dobro podnose, jer je manje invazivna od op\u0107e anestezije. <\/p><p>Zahvat traje manje od 1 sata, potrebna je samo jedna no\u0107 u jednoj od privatnih klinika, gdje nude i intenzivni no\u0107ni nadzor pacijentica.<\/p>\t\t\t\t\t\t\t\t<\/div>\n\t\t\t\t<\/div>\n\t\t\t\t<div class=\"elementor-element elementor-element-98e6557 elementor-widget-divider--view-line elementor-widget elementor-widget-divider\" data-id=\"98e6557\" data-element_type=\"widget\" data-widget_type=\"divider.default\">\n\t\t\t\t<div class=\"elementor-widget-container\">\n\t\t\t\t\t\t\t<div class=\"elementor-divider\">\n\t\t\t<span class=\"elementor-divider-separator\">\n\t\t\t\t\t\t<\/span>\n\t\t<\/div>\n\t\t\t\t\t\t<\/div>\n\t\t\t\t<\/div>\n\t\t\t\t<div class=\"elementor-element elementor-element-0211a74 xts-scheme-inherit xts-textalign-inherit elementor-widget elementor-widget-text-editor\" data-id=\"0211a74\" data-element_type=\"widget\" data-widget_type=\"text-editor.default\">\n\t\t\t\t<div class=\"elementor-widget-container\">\n\t\t\t\t\t\t\t\t\t<p><strong>O\u010cUVANJE MATERNICE <\/strong><\/p><p>Svaka druga \u017eena \u017eeli o\u010duvati ispalu maternicu i to im mo\u017eemo omogu\u0107iti na na\u0161oj Klinici BUT!<\/p><p>Naj\u010de\u0161\u0107e se odlu\u010dujemo za laparoskopsko podizanje maternice, pri kojem maternicu s posebnom mre\u017eicom pri\u010dvrstimo na ligament (vezu), koji prolazi preko promontorija kralje\u017enice (sakrohisteropeksija).<\/p><p>Operacija se izvodi u op\u0107oj anesteziji, traje okvirno jedan sat i sljede\u0107i dan nakon operacije pacijentice otpu\u0161tamo ku\u0107i.<\/p><p>U slu\u010daju da zbog razli\u010ditih razloga laparoskopska operacija nije izvediva, maternicu mo\u017eemo podi\u0107i i zahvatom kroz rodnicu, gdje koristimo posebnu tehniku \u0161ivanja tkiva (Manchester-Fothergill operacija).<\/p><p>Uspjeh ovakve operacije je mo\u017eda ne\u0161to slabiji, problema nakon operacije mo\u017eda ne\u0161to vi\u0161e, prednost ove operacije je ta da je mo\u017eemo izvesti i u sedaciji i lokalnoj anesteziji. Trajanje operacije manje od jednog sata, otpust ku\u0107i dan nakon operacije. <\/p>\t\t\t\t\t\t\t\t<\/div>\n\t\t\t\t<\/div>\n\t\t\t\t<\/div>\n\t\t\t\t\t<\/div>\n\t\t\t\t<\/div>\n\t\t<div class=\"xts-negative-gap elementor-element elementor-element-b4aa8f1 e-flex e-con-boxed xts-section-disabled e-con e-parent\" data-id=\"b4aa8f1\" data-element_type=\"container\">\n\t\t\t\t\t<div class=\"e-con-inner\">\n\t\t<div class=\"elementor-element elementor-element-95e3211 e-con-full e-flex xts-section-disabled e-con e-child\" data-id=\"95e3211\" data-element_type=\"container\">\n\t\t\t\t<div class=\"elementor-element elementor-element-2cfce14 elementor-widget elementor-widget-image\" data-id=\"2cfce14\" data-element_type=\"widget\" data-widget_type=\"image.default\">\n\t\t\t\t<div class=\"elementor-widget-container\">\n\t\t\t\t\t\t\t\t\t\t\t\t\t\t\t<img decoding=\"async\" width=\"1200\" height=\"600\" src=\"https:\/\/www.klinika-but.si\/wp-content\/uploads\/2025\/05\/Prolaps_maternice_diagram.png\" class=\"attachment-full size-full wp-image-6432\" alt=\"\" srcset=\"https:\/\/www.klinika-but.si\/wp-content\/uploads\/2025\/05\/Prolaps_maternice_diagram.png 1200w, https:\/\/www.klinika-but.si\/wp-content\/uploads\/2025\/05\/Prolaps_maternice_diagram-460x230.png 460w, https:\/\/www.klinika-but.si\/wp-content\/uploads\/2025\/05\/Prolaps_maternice_diagram-300x150.png 300w, https:\/\/www.klinika-but.si\/wp-content\/uploads\/2025\/05\/Prolaps_maternice_diagram-1000x500.png 1000w, https:\/\/www.klinika-but.si\/wp-content\/uploads\/2025\/05\/Prolaps_maternice_diagram-1024x512.png 1024w, https:\/\/www.klinika-but.si\/wp-content\/uploads\/2025\/05\/Prolaps_maternice_diagram-768x384.png 768w\" sizes=\"(max-width: 1200px) 100vw, 1200px\" \/>\t\t\t\t\t\t\t\t\t\t\t\t\t\t\t<\/div>\n\t\t\t\t<\/div>\n\t\t\t\t<\/div>\n\t\t\t\t\t<\/div>\n\t\t\t\t<\/div>\n\t\t<div class=\"xts-negative-gap elementor-element elementor-element-cc75ae4 e-flex e-con-boxed xts-section-disabled e-con e-parent\" data-id=\"cc75ae4\" data-element_type=\"container\">\n\t\t\t\t\t<div class=\"e-con-inner\">\n\t\t\t\t<div class=\"elementor-element elementor-element-0909bd8 elementor-align-center elementor-widget elementor-widget-bdt-advanced-button\" data-id=\"0909bd8\" data-element_type=\"widget\" data-widget_type=\"bdt-advanced-button.default\">\n\t\t\t\t<div class=\"elementor-widget-container\">\n\t\t\t\t\t\t\t<div class=\"bdt-ep-button-wrapper\">\n\t\t\t<a href=\"https:\/\/www.klinika-but.si\/hr\/uroginekologija\/\" class=\"bdt-ep-button bdt-ep-button-effect-a bdt-ep-button-size-md\">\n\t\t\t\t\t\t<div class=\"bdt-ep-button-content-wrapper bdt-flex bdt-flex-middle bdt-flex-center  \" data-text=\"DRUGE UROGINEKOLO\u0160KE USLUGE\">\n\t\t\t\n\t\t\t<div class=\"bdt-ep-button-text\">\n\n\t\t\t\t<span class=\"avdbtn-text\">\n\t\t\t\t\tDRUGE UROGINEKOLO\u0160KE USLUGE\t\t\t\t<\/span>\n\n\t\t\t\t\t\t\t<\/div>\n\n\t\t\t\n\t\t<\/div>\n\t\t\t\t\t<\/a>\n\t\t<\/div>\n\t\t\t\t\t\t<\/div>\n\t\t\t\t<\/div>\n\t\t\t\t\t<\/div>\n\t\t\t\t<\/div>\n\t\t\t\t<\/div>\n\t\t","protected":false},"excerpt":{"rendered":"<p>Uroginekologija Prolaps maternice O prolapsu, odnosno ispadanju maternice govorimo kada zbog oslabljenog veziva i mi\u0161i\u0107a dna zdjelice, maternica sklizne u rodnicu ili izvan nje. NARU\u010cITE SE NA PREGLED U maloj zdjelici su maternica, mokra\u0107ni mjehur, debelo crijevo i mokra\u0107na cijev. U rodnicu se mo\u017ee spustiti, odnosno iskliznuti bilo koji od spomenutih organa, ali naj\u010de\u0161\u0107e se [&hellip;]<\/p>\n","protected":false},"author":2,"featured_media":6430,"parent":0,"menu_order":0,"comment_status":"closed","ping_status":"closed","template":"","meta":{"footnotes":""},"class_list":["post-6427","page","type-page","status-publish","has-post-thumbnail","hentry"],"yoast_head":"<!-- This site is optimized with the Yoast SEO plugin v27.2 - https:\/\/yoast.com\/product\/yoast-seo-wordpress\/ -->\n<title>Prolaps maternice - Klinika BUT<\/title>\n<meta name=\"description\" content=\"O prolapsu, odnosno ispadanju maternice govorimo kada zbog oslabljenog veziva i mi\u0161i\u0107a dna zdjelice, maternica sklizne u rodnicu ili izvan nje.\" \/>\n<meta name=\"robots\" content=\"index, follow, max-snippet:-1, max-image-preview:large, max-video-preview:-1\" \/>\n<link rel=\"canonical\" href=\"https:\/\/www.klinika-but.si\/hr\/prolaps-maternice\/\" \/>\n<meta property=\"og:locale\" content=\"hr_HR\" \/>\n<meta property=\"og:type\" content=\"article\" \/>\n<meta property=\"og:title\" content=\"Prolaps maternice - Klinika BUT\" \/>\n<meta property=\"og:description\" content=\"O prolapsu, odnosno ispadanju maternice govorimo kada zbog oslabljenog veziva i mi\u0161i\u0107a dna zdjelice, maternica sklizne u rodnicu ili izvan nje.\" \/>\n<meta property=\"og:url\" content=\"https:\/\/www.klinika-but.si\/hr\/prolaps-maternice\/\" \/>\n<meta property=\"og:site_name\" content=\"Klinika BUT\" \/>\n<meta property=\"article:modified_time\" content=\"2025-11-17T11:54:42+00:00\" \/>\n<meta property=\"og:image\" content=\"https:\/\/www.klinika-but.si\/wp-content\/uploads\/2025\/05\/Prolaps-maternice-02.jpg\" \/>\n\t<meta property=\"og:image:width\" content=\"1216\" \/>\n\t<meta property=\"og:image:height\" content=\"1182\" \/>\n\t<meta property=\"og:image:type\" content=\"image\/jpeg\" \/>\n<meta name=\"twitter:card\" content=\"summary_large_image\" \/>\n<meta name=\"twitter:label1\" content=\"Procijenjeno vrijeme \u010ditanja\" \/>\n\t<meta name=\"twitter:data1\" content=\"2 minute\" \/>\n<script type=\"application\/ld+json\" class=\"yoast-schema-graph\">{\"@context\":\"https:\/\/schema.org\",\"@graph\":[{\"@type\":\"WebPage\",\"@id\":\"https:\/\/www.klinika-but.si\/hr\/prolaps-maternice\/\",\"url\":\"https:\/\/www.klinika-but.si\/hr\/prolaps-maternice\/\",\"name\":\"Prolaps maternice - Klinika BUT\",\"isPartOf\":{\"@id\":\"https:\/\/www.klinika-but.si\/hr\/#website\"},\"primaryImageOfPage\":{\"@id\":\"https:\/\/www.klinika-but.si\/hr\/prolaps-maternice\/#primaryimage\"},\"image\":{\"@id\":\"https:\/\/www.klinika-but.si\/hr\/prolaps-maternice\/#primaryimage\"},\"thumbnailUrl\":\"https:\/\/www.klinika-but.si\/wp-content\/uploads\/2025\/05\/Prolaps-maternice-02.jpg\",\"datePublished\":\"2025-05-21T09:19:52+00:00\",\"dateModified\":\"2025-11-17T11:54:42+00:00\",\"description\":\"O prolapsu, odnosno ispadanju maternice govorimo kada zbog oslabljenog veziva i mi\u0161i\u0107a dna zdjelice, maternica sklizne u rodnicu ili izvan nje.\",\"breadcrumb\":{\"@id\":\"https:\/\/www.klinika-but.si\/hr\/prolaps-maternice\/#breadcrumb\"},\"inLanguage\":\"hr\",\"potentialAction\":[{\"@type\":\"ReadAction\",\"target\":[\"https:\/\/www.klinika-but.si\/hr\/prolaps-maternice\/\"]}]},{\"@type\":\"ImageObject\",\"inLanguage\":\"hr\",\"@id\":\"https:\/\/www.klinika-but.si\/hr\/prolaps-maternice\/#primaryimage\",\"url\":\"https:\/\/www.klinika-but.si\/wp-content\/uploads\/2025\/05\/Prolaps-maternice-02.jpg\",\"contentUrl\":\"https:\/\/www.klinika-but.si\/wp-content\/uploads\/2025\/05\/Prolaps-maternice-02.jpg\",\"width\":1216,\"height\":1182},{\"@type\":\"BreadcrumbList\",\"@id\":\"https:\/\/www.klinika-but.si\/hr\/prolaps-maternice\/#breadcrumb\",\"itemListElement\":[{\"@type\":\"ListItem\",\"position\":1,\"name\":\"Home\",\"item\":\"https:\/\/www.klinika-but.si\/hr\/pocetna\/\"},{\"@type\":\"ListItem\",\"position\":2,\"name\":\"Prolaps maternice\"}]},{\"@type\":\"WebSite\",\"@id\":\"https:\/\/www.klinika-but.si\/hr\/#website\",\"url\":\"https:\/\/www.klinika-but.si\/hr\/\",\"name\":\"Klinika BUT\",\"description\":\"\",\"potentialAction\":[{\"@type\":\"SearchAction\",\"target\":{\"@type\":\"EntryPoint\",\"urlTemplate\":\"https:\/\/www.klinika-but.si\/hr\/?s={search_term_string}\"},\"query-input\":{\"@type\":\"PropertyValueSpecification\",\"valueRequired\":true,\"valueName\":\"search_term_string\"}}],\"inLanguage\":\"hr\"}]}<\/script>\n<!-- \/ Yoast SEO plugin. -->","yoast_head_json":{"title":"Prolaps maternice - Klinika BUT","description":"O prolapsu, odnosno ispadanju maternice govorimo kada zbog oslabljenog veziva i mi\u0161i\u0107a dna zdjelice, maternica sklizne u rodnicu ili izvan nje.","robots":{"index":"index","follow":"follow","max-snippet":"max-snippet:-1","max-image-preview":"max-image-preview:large","max-video-preview":"max-video-preview:-1"},"canonical":"https:\/\/www.klinika-but.si\/hr\/prolaps-maternice\/","og_locale":"hr_HR","og_type":"article","og_title":"Prolaps maternice - Klinika BUT","og_description":"O prolapsu, odnosno ispadanju maternice govorimo kada zbog oslabljenog veziva i mi\u0161i\u0107a dna zdjelice, maternica sklizne u rodnicu ili izvan nje.","og_url":"https:\/\/www.klinika-but.si\/hr\/prolaps-maternice\/","og_site_name":"Klinika BUT","article_modified_time":"2025-11-17T11:54:42+00:00","og_image":[{"width":1216,"height":1182,"url":"https:\/\/www.klinika-but.si\/wp-content\/uploads\/2025\/05\/Prolaps-maternice-02.jpg","type":"image\/jpeg"}],"twitter_card":"summary_large_image","twitter_misc":{"Procijenjeno vrijeme \u010ditanja":"2 minute"},"schema":{"@context":"https:\/\/schema.org","@graph":[{"@type":"WebPage","@id":"https:\/\/www.klinika-but.si\/hr\/prolaps-maternice\/","url":"https:\/\/www.klinika-but.si\/hr\/prolaps-maternice\/","name":"Prolaps maternice - Klinika BUT","isPartOf":{"@id":"https:\/\/www.klinika-but.si\/hr\/#website"},"primaryImageOfPage":{"@id":"https:\/\/www.klinika-but.si\/hr\/prolaps-maternice\/#primaryimage"},"image":{"@id":"https:\/\/www.klinika-but.si\/hr\/prolaps-maternice\/#primaryimage"},"thumbnailUrl":"https:\/\/www.klinika-but.si\/wp-content\/uploads\/2025\/05\/Prolaps-maternice-02.jpg","datePublished":"2025-05-21T09:19:52+00:00","dateModified":"2025-11-17T11:54:42+00:00","description":"O prolapsu, odnosno ispadanju maternice govorimo kada zbog oslabljenog veziva i mi\u0161i\u0107a dna zdjelice, maternica sklizne u rodnicu ili izvan nje.","breadcrumb":{"@id":"https:\/\/www.klinika-but.si\/hr\/prolaps-maternice\/#breadcrumb"},"inLanguage":"hr","potentialAction":[{"@type":"ReadAction","target":["https:\/\/www.klinika-but.si\/hr\/prolaps-maternice\/"]}]},{"@type":"ImageObject","inLanguage":"hr","@id":"https:\/\/www.klinika-but.si\/hr\/prolaps-maternice\/#primaryimage","url":"https:\/\/www.klinika-but.si\/wp-content\/uploads\/2025\/05\/Prolaps-maternice-02.jpg","contentUrl":"https:\/\/www.klinika-but.si\/wp-content\/uploads\/2025\/05\/Prolaps-maternice-02.jpg","width":1216,"height":1182},{"@type":"BreadcrumbList","@id":"https:\/\/www.klinika-but.si\/hr\/prolaps-maternice\/#breadcrumb","itemListElement":[{"@type":"ListItem","position":1,"name":"Home","item":"https:\/\/www.klinika-but.si\/hr\/pocetna\/"},{"@type":"ListItem","position":2,"name":"Prolaps maternice"}]},{"@type":"WebSite","@id":"https:\/\/www.klinika-but.si\/hr\/#website","url":"https:\/\/www.klinika-but.si\/hr\/","name":"Klinika BUT","description":"","potentialAction":[{"@type":"SearchAction","target":{"@type":"EntryPoint","urlTemplate":"https:\/\/www.klinika-but.si\/hr\/?s={search_term_string}"},"query-input":{"@type":"PropertyValueSpecification","valueRequired":true,"valueName":"search_term_string"}}],"inLanguage":"hr"}]}},"_links":{"self":[{"href":"https:\/\/www.klinika-but.si\/hr\/wp-json\/wp\/v2\/pages\/6427","targetHints":{"allow":["GET"]}}],"collection":[{"href":"https:\/\/www.klinika-but.si\/hr\/wp-json\/wp\/v2\/pages"}],"about":[{"href":"https:\/\/www.klinika-but.si\/hr\/wp-json\/wp\/v2\/types\/page"}],"author":[{"embeddable":true,"href":"https:\/\/www.klinika-but.si\/hr\/wp-json\/wp\/v2\/users\/2"}],"replies":[{"embeddable":true,"href":"https:\/\/www.klinika-but.si\/hr\/wp-json\/wp\/v2\/comments?post=6427"}],"version-history":[{"count":6,"href":"https:\/\/www.klinika-but.si\/hr\/wp-json\/wp\/v2\/pages\/6427\/revisions"}],"predecessor-version":[{"id":7631,"href":"https:\/\/www.klinika-but.si\/hr\/wp-json\/wp\/v2\/pages\/6427\/revisions\/7631"}],"wp:featuredmedia":[{"embeddable":true,"href":"https:\/\/www.klinika-but.si\/hr\/wp-json\/wp\/v2\/media\/6430"}],"wp:attachment":[{"href":"https:\/\/www.klinika-but.si\/hr\/wp-json\/wp\/v2\/media?parent=6427"}],"curies":[{"name":"wp","href":"https:\/\/api.w.org\/{rel}","templated":true}]}}