{"id":6280,"date":"2025-05-30T09:50:51","date_gmt":"2025-05-30T08:50:51","guid":{"rendered":"https:\/\/www.klinika-but.si\/labioplastika\/"},"modified":"2025-11-17T13:31:04","modified_gmt":"2025-11-17T12:31:04","slug":"labioplastika","status":"publish","type":"page","link":"https:\/\/www.klinika-but.si\/hr\/labioplastika\/","title":{"rendered":"Labioplastika"},"content":{"rendered":"\t\t<div data-elementor-type=\"wp-page\" data-elementor-id=\"6280\" class=\"elementor elementor-6280 elementor-4838\" data-elementor-settings=\"{&quot;element_pack_global_tooltip_width&quot;:{&quot;unit&quot;:&quot;px&quot;,&quot;size&quot;:&quot;&quot;,&quot;sizes&quot;:[]},&quot;element_pack_global_tooltip_width_tablet&quot;:{&quot;unit&quot;:&quot;px&quot;,&quot;size&quot;:&quot;&quot;,&quot;sizes&quot;:[]},&quot;element_pack_global_tooltip_width_mobile&quot;:{&quot;unit&quot;:&quot;px&quot;,&quot;size&quot;:&quot;&quot;,&quot;sizes&quot;:[]},&quot;element_pack_global_tooltip_padding&quot;:{&quot;unit&quot;:&quot;px&quot;,&quot;top&quot;:&quot;&quot;,&quot;right&quot;:&quot;&quot;,&quot;bottom&quot;:&quot;&quot;,&quot;left&quot;:&quot;&quot;,&quot;isLinked&quot;:true},&quot;element_pack_global_tooltip_padding_tablet&quot;:{&quot;unit&quot;:&quot;px&quot;,&quot;top&quot;:&quot;&quot;,&quot;right&quot;:&quot;&quot;,&quot;bottom&quot;:&quot;&quot;,&quot;left&quot;:&quot;&quot;,&quot;isLinked&quot;:true},&quot;element_pack_global_tooltip_padding_mobile&quot;:{&quot;unit&quot;:&quot;px&quot;,&quot;top&quot;:&quot;&quot;,&quot;right&quot;:&quot;&quot;,&quot;bottom&quot;:&quot;&quot;,&quot;left&quot;:&quot;&quot;,&quot;isLinked&quot;:true},&quot;element_pack_global_tooltip_border_radius&quot;:{&quot;unit&quot;:&quot;px&quot;,&quot;top&quot;:&quot;&quot;,&quot;right&quot;:&quot;&quot;,&quot;bottom&quot;:&quot;&quot;,&quot;left&quot;:&quot;&quot;,&quot;isLinked&quot;:true},&quot;element_pack_global_tooltip_border_radius_tablet&quot;:{&quot;unit&quot;:&quot;px&quot;,&quot;top&quot;:&quot;&quot;,&quot;right&quot;:&quot;&quot;,&quot;bottom&quot;:&quot;&quot;,&quot;left&quot;:&quot;&quot;,&quot;isLinked&quot;:true},&quot;element_pack_global_tooltip_border_radius_mobile&quot;:{&quot;unit&quot;:&quot;px&quot;,&quot;top&quot;:&quot;&quot;,&quot;right&quot;:&quot;&quot;,&quot;bottom&quot;:&quot;&quot;,&quot;left&quot;:&quot;&quot;,&quot;isLinked&quot;:true}}\" data-elementor-post-type=\"page\">\n\t\t\t\t\t\t<section class=\"xts-negative-gap elementor-section elementor-top-section elementor-element elementor-element-873e85f elementor-section-content-middle elementor-section-boxed elementor-section-height-default elementor-section-height-default xts-section-disabled\" data-id=\"873e85f\" data-element_type=\"section\" data-settings=\"{&quot;background_background&quot;:&quot;classic&quot;}\">\n\t\t\t\t\t\t\t<div class=\"elementor-background-overlay\"><\/div>\n\t\t\t\t\t\t\t<div class=\"elementor-container elementor-column-gap-wider\">\n\t\t\t\t\t<div class=\"elementor-column elementor-col-50 elementor-top-column elementor-element elementor-element-6d8ca83\" data-id=\"6d8ca83\" data-element_type=\"column\">\n\t\t\t<div class=\"elementor-widget-wrap elementor-element-populated\">\n\t\t\t\t\t\t<div class=\"elementor-element elementor-element-31f29bc xts-parallax-on-scroll xts_scroll_y_-20 xts_scroll_smoothness_10 elementor-widget elementor-widget-xts_image\" data-id=\"31f29bc\" data-element_type=\"widget\" data-widget_type=\"xts_image.default\">\n\t\t\t\t<div class=\"elementor-widget-container\">\n\t\t\t\t\t\t\t\t<div class=\"xts-image-single xts-textalign-left\">\n\t\t\t\t<figure class=\"xts-image\">\n\t\t\t\t\t\t\t\t\t\t\t<div class=\"xts-image-inner\">\n\t\t\t\t\t\n\t\t\t\t\t\t<img fetchpriority=\"high\" decoding=\"async\" width=\"1216\" height=\"1182\" src=\"https:\/\/www.klinika-but.si\/wp-content\/uploads\/2025\/05\/Estetska_ginekologija-01.jpg\" class=\"attachment-full size-full wp-image-4840\" alt=\"\" srcset=\"https:\/\/www.klinika-but.si\/wp-content\/uploads\/2025\/05\/Estetska_ginekologija-01.jpg 1216w, https:\/\/www.klinika-but.si\/wp-content\/uploads\/2025\/05\/Estetska_ginekologija-01-460x447.jpg 460w, https:\/\/www.klinika-but.si\/wp-content\/uploads\/2025\/05\/Estetska_ginekologija-01-1024x995.jpg 1024w, https:\/\/www.klinika-but.si\/wp-content\/uploads\/2025\/05\/Estetska_ginekologija-01-768x747.jpg 768w, https:\/\/www.klinika-but.si\/wp-content\/uploads\/2025\/05\/Estetska_ginekologija-01-1000x972.jpg 1000w, https:\/\/www.klinika-but.si\/wp-content\/uploads\/2025\/05\/Estetska_ginekologija-01-300x292.jpg 300w\" sizes=\"(max-width: 1216px) 100vw, 1216px\" \/>\n\t\t\t\t\t\t\t\t\t\t\t<\/div>\n\t\t\t\t\t\n\t\t\t\t\t\t\t\t\t<\/figure>\n\n\t\t\t\t\t\t\t<\/div>\n\t\t\t\t\t\t<\/div>\n\t\t\t\t<\/div>\n\t\t\t\t<div class=\"elementor-element elementor-element-bb5a442 xts-parallax-on-scroll xts_scroll_y_20 xts_scroll_smoothness_10 elementor-absolute elementor-hidden-tablet elementor-hidden-mobile elementor-widget elementor-widget-xts_shape\" data-id=\"bb5a442\" data-element_type=\"widget\" data-settings=\"{&quot;_position&quot;:&quot;absolute&quot;}\" data-widget_type=\"xts_shape.default\">\n\t\t\t\t<div class=\"elementor-widget-container\">\n\t\t\t\t\t\t\t\t<div class=\"xts-shape\"><\/div>\n\t\t\t\t\t\t<\/div>\n\t\t\t\t<\/div>\n\t\t\t\t\t<\/div>\n\t\t<\/div>\n\t\t\t\t<div class=\"elementor-column elementor-col-50 elementor-top-column elementor-element elementor-element-1f13350\" data-id=\"1f13350\" data-element_type=\"column\">\n\t\t\t<div class=\"elementor-widget-wrap elementor-element-populated\">\n\t\t\t\t\t\t<div class=\"elementor-element elementor-element-624cd28 xts-width-100 elementor-widget elementor-widget-xts_title\" data-id=\"624cd28\" data-element_type=\"widget\" data-widget_type=\"xts_title.default\">\n\t\t\t\t<div class=\"elementor-widget-container\">\n\t\t\t\t\t\t\t\t<div class=\"xts-section-heading xts-reset-mb-10 xts-reset-last xts-textalign-left\" data-animation-delay=\"\">\n\t\t\t\t\t\t\t\t\t<div class=\"xts-section-subtitle xts-fontsize-s\">\n\t\t\t\t\t\t<span class=\"xts-section-subtitle-text\" data-elementor-setting-key=\"subtitle\">\n\t\t\t\t\t\t\tEstetska ginekologija\t\t\t\t\t\t<\/span>\n\n\t\t\t\t\t\t\t\t\t\t\t<\/div>\n\t\t\t\t\n\t\t\t\t\t\t\t\t\t<h4 class=\"xts-section-title title xts-design-default xts-fontsize-xxl\">\n\t\t\t\t\t\t<span class=\"xts-section-title-text\" data-elementor-setting-key=\"title\">\n\t\t\t\t\t\t\tLabioplastika\t\t\t\t\t\t<\/span>\n\n\t\t\t\t\t\t\t\t\t\t\t<\/h4>\n\t\t\t\t\n\t\t\t\t\n\t\t\t\t\t\t\t\t\t<div class=\"xts-section-desc\">\n\t\t\t\t\t\t<div class=\"xts-section-desc-text xts-reset-all-last\" data-elementor-setting-key=\"description\">\n\t\t\t\t\t\t\t<p>Labioplastika je kirur\u0161ki postupak kojim se smanjuju ili preoblikuju male stidne usne vanjskog spolovila.<\/p>\t\t\t\t\t\t<\/div>\n\t\t\t\t\t<\/div>\n\t\t\t\t\t\t\t<\/div>\n\t\t\t\t\t\t<\/div>\n\t\t\t\t<\/div>\n\t\t\t\t<div class=\"elementor-element elementor-element-167c7c2 elementor-widget elementor-widget-bdt-advanced-button\" data-id=\"167c7c2\" data-element_type=\"widget\" data-widget_type=\"bdt-advanced-button.default\">\n\t\t\t\t<div class=\"elementor-widget-container\">\n\t\t\t\t\t\t\t<div class=\"bdt-ep-button-wrapper\">\n\t\t\t<a href=\"https:\/\/www.klinika-but.si\/hr\/kontakt\/\" class=\"bdt-ep-button bdt-ep-button-effect-a bdt-ep-button-size-sm\">\n\t\t\t\t\t\t<div class=\"bdt-ep-button-content-wrapper bdt-flex bdt-flex-middle bdt-flex-center  \" data-text=\"NARU\u010cITE SE NA PREGLED\">\n\t\t\t\n\t\t\t<div class=\"bdt-ep-button-text\">\n\n\t\t\t\t<span class=\"avdbtn-text\">\n\t\t\t\t\tNARU\u010cITE SE NA PREGLED\t\t\t\t<\/span>\n\n\t\t\t\t\t\t\t<\/div>\n\n\t\t\t\n\t\t<\/div>\n\t\t\t\t\t<\/a>\n\t\t<\/div>\n\t\t\t\t\t\t<\/div>\n\t\t\t\t<\/div>\n\t\t\t\t\t<\/div>\n\t\t<\/div>\n\t\t\t\t\t<\/div>\n\t\t<\/section>\n\t\t<div class=\"xts-negative-gap elementor-element elementor-element-1165b3a e-flex e-con-boxed xts-section-disabled e-con e-parent\" data-id=\"1165b3a\" data-element_type=\"container\">\n\t\t\t\t\t<div class=\"e-con-inner\">\n\t\t<div class=\"elementor-element elementor-element-bdc91f7 e-con-full e-flex xts-section-disabled e-con e-child\" data-id=\"bdc91f7\" data-element_type=\"container\">\n\t\t\t\t<\/div>\n\t\t<div class=\"elementor-element elementor-element-5a96bde e-con-full e-flex xts-section-disabled e-con e-child\" data-id=\"5a96bde\" data-element_type=\"container\">\n\t\t\t\t<div class=\"elementor-element elementor-element-607172a xts-scheme-inherit xts-textalign-inherit elementor-widget elementor-widget-text-editor\" data-id=\"607172a\" data-element_type=\"widget\" data-widget_type=\"text-editor.default\">\n\t\t\t\t<div class=\"elementor-widget-container\">\n\t\t\t\t\t\t\t\t\t<p>Ako su stidne usne prevelike, mogu predstavljati estetski problem jer su vidljive pri no\u0161enju kupa\u0107eg kostima, a mogu se i trljati o donje rublje, \u0161to se mo\u017ee doga\u0111ati tijekom sportskih aktivnosti, npr. tijekom vo\u017enje biciklom. <\/p><p>Mogu biti ometaju\u0107e i tijekom spolnih odnosa jer ih ometaju, a sve to mo\u017ee dovesti do smanjenog samopouzdanja \u017eena i do inhibicija u spolnosti.<\/p><h2>Lije\u010denje<\/h2><p>Labioplastika traje otprilike do 30 minuta, izvodimo je u lokalnoj anesteziji, a ku\u0107i otpu\u0161tamo u roku od pola sata nakon operacije.<\/p><p>Tijekom zahvata mogu\u0107i su i komplikacije, koje su na sre\u0107u rijetke (krvarenje, dehiscencija rane, modrice). Nakon zahvata ne savjetujemo vaginalne spolne odnose i kupanje u vodama mjesec dana. <\/p>\t\t\t\t\t\t\t\t<\/div>\n\t\t\t\t<\/div>\n\t\t\t\t<\/div>\n\t\t<div class=\"elementor-element elementor-element-f3bb562 e-con-full e-flex xts-section-disabled e-con e-child\" data-id=\"f3bb562\" data-element_type=\"container\">\n\t\t\t\t<\/div>\n\t\t\t\t\t<\/div>\n\t\t\t\t<\/div>\n\t\t<div class=\"xts-negative-gap elementor-element elementor-element-cc75ae4 e-flex e-con-boxed xts-section-disabled e-con e-parent\" data-id=\"cc75ae4\" data-element_type=\"container\">\n\t\t\t\t\t<div class=\"e-con-inner\">\n\t\t\t\t<div class=\"elementor-element elementor-element-ca2e1b2 elementor-align-center elementor-widget elementor-widget-bdt-advanced-button\" data-id=\"ca2e1b2\" data-element_type=\"widget\" data-widget_type=\"bdt-advanced-button.default\">\n\t\t\t\t<div class=\"elementor-widget-container\">\n\t\t\t\t\t\t\t<div class=\"bdt-ep-button-wrapper\">\n\t\t\t<a href=\"https:\/\/www.klinika-but.si\/hr\/estetska-ginekologija\/\" class=\"bdt-ep-button bdt-ep-button-effect-a bdt-ep-button-size-md\">\n\t\t\t\t\t\t<div class=\"bdt-ep-button-content-wrapper bdt-flex bdt-flex-middle bdt-flex-center  \" data-text=\"OSTALE ESTETSKE USLUGE\">\n\t\t\t\n\t\t\t<div class=\"bdt-ep-button-text\">\n\n\t\t\t\t<span class=\"avdbtn-text\">\n\t\t\t\t\tOSTALE ESTETSKE USLUGE\t\t\t\t<\/span>\n\n\t\t\t\t\t\t\t<\/div>\n\n\t\t\t\n\t\t<\/div>\n\t\t\t\t\t<\/a>\n\t\t<\/div>\n\t\t\t\t\t\t<\/div>\n\t\t\t\t<\/div>\n\t\t\t\t\t<\/div>\n\t\t\t\t<\/div>\n\t\t\t\t<\/div>\n\t\t","protected":false},"excerpt":{"rendered":"<p>Estetska ginekologija Labioplastika Labioplastika je kirur\u0161ki postupak kojim se smanjuju ili preoblikuju male stidne usne vanjskog spolovila. NARU\u010cITE SE NA PREGLED Ako su stidne usne prevelike, mogu predstavljati estetski problem jer su vidljive pri no\u0161enju kupa\u0107eg kostima, a mogu se i trljati o donje rublje, \u0161to se mo\u017ee doga\u0111ati tijekom sportskih aktivnosti, npr. tijekom vo\u017enje [&hellip;]<\/p>\n","protected":false},"author":2,"featured_media":6283,"parent":0,"menu_order":0,"comment_status":"closed","ping_status":"closed","template":"","meta":{"footnotes":""},"class_list":["post-6280","page","type-page","status-publish","has-post-thumbnail","hentry"],"yoast_head":"<!-- This site is optimized with the Yoast SEO plugin v27.2 - https:\/\/yoast.com\/product\/yoast-seo-wordpress\/ -->\n<title>Labioplastika - Klinika BUT<\/title>\n<meta name=\"description\" content=\"Labioplastika je kirur\u0161ki postupak kojim se smanjuju ili preoblikuju male stidne usne vanjskog spolovila.\" \/>\n<meta name=\"robots\" content=\"index, follow, max-snippet:-1, max-image-preview:large, max-video-preview:-1\" \/>\n<link rel=\"canonical\" href=\"https:\/\/www.klinika-but.si\/hr\/labioplastika\/\" \/>\n<meta property=\"og:locale\" content=\"hr_HR\" \/>\n<meta property=\"og:type\" content=\"article\" \/>\n<meta property=\"og:title\" content=\"Labioplastika - Klinika BUT\" \/>\n<meta property=\"og:description\" content=\"Labioplastika je kirur\u0161ki postupak kojim se smanjuju ili preoblikuju male stidne usne vanjskog spolovila.\" \/>\n<meta property=\"og:url\" content=\"https:\/\/www.klinika-but.si\/hr\/labioplastika\/\" \/>\n<meta property=\"og:site_name\" content=\"Klinika BUT\" \/>\n<meta property=\"article:modified_time\" content=\"2025-11-17T12:31:04+00:00\" \/>\n<meta property=\"og:image\" content=\"https:\/\/www.klinika-but.si\/wp-content\/uploads\/2025\/05\/Estetska_ginekologija-01.jpg\" \/>\n\t<meta property=\"og:image:width\" content=\"1216\" \/>\n\t<meta property=\"og:image:height\" content=\"1182\" \/>\n\t<meta property=\"og:image:type\" content=\"image\/jpeg\" \/>\n<meta name=\"twitter:card\" content=\"summary_large_image\" \/>\n<meta name=\"twitter:label1\" content=\"Procijenjeno vrijeme \u010ditanja\" \/>\n\t<meta name=\"twitter:data1\" content=\"1 minuta\" \/>\n<script type=\"application\/ld+json\" class=\"yoast-schema-graph\">{\"@context\":\"https:\/\/schema.org\",\"@graph\":[{\"@type\":\"WebPage\",\"@id\":\"https:\/\/www.klinika-but.si\/hr\/labioplastika\/\",\"url\":\"https:\/\/www.klinika-but.si\/hr\/labioplastika\/\",\"name\":\"Labioplastika - Klinika BUT\",\"isPartOf\":{\"@id\":\"https:\/\/www.klinika-but.si\/hr\/#website\"},\"primaryImageOfPage\":{\"@id\":\"https:\/\/www.klinika-but.si\/hr\/labioplastika\/#primaryimage\"},\"image\":{\"@id\":\"https:\/\/www.klinika-but.si\/hr\/labioplastika\/#primaryimage\"},\"thumbnailUrl\":\"https:\/\/www.klinika-but.si\/wp-content\/uploads\/2025\/05\/Estetska_ginekologija-01.jpg\",\"datePublished\":\"2025-05-30T08:50:51+00:00\",\"dateModified\":\"2025-11-17T12:31:04+00:00\",\"description\":\"Labioplastika je kirur\u0161ki postupak kojim se smanjuju ili preoblikuju male stidne usne vanjskog spolovila.\",\"breadcrumb\":{\"@id\":\"https:\/\/www.klinika-but.si\/hr\/labioplastika\/#breadcrumb\"},\"inLanguage\":\"hr\",\"potentialAction\":[{\"@type\":\"ReadAction\",\"target\":[\"https:\/\/www.klinika-but.si\/hr\/labioplastika\/\"]}]},{\"@type\":\"ImageObject\",\"inLanguage\":\"hr\",\"@id\":\"https:\/\/www.klinika-but.si\/hr\/labioplastika\/#primaryimage\",\"url\":\"https:\/\/www.klinika-but.si\/wp-content\/uploads\/2025\/05\/Estetska_ginekologija-01.jpg\",\"contentUrl\":\"https:\/\/www.klinika-but.si\/wp-content\/uploads\/2025\/05\/Estetska_ginekologija-01.jpg\",\"width\":1216,\"height\":1182},{\"@type\":\"BreadcrumbList\",\"@id\":\"https:\/\/www.klinika-but.si\/hr\/labioplastika\/#breadcrumb\",\"itemListElement\":[{\"@type\":\"ListItem\",\"position\":1,\"name\":\"Home\",\"item\":\"https:\/\/www.klinika-but.si\/hr\/pocetna\/\"},{\"@type\":\"ListItem\",\"position\":2,\"name\":\"Labioplastika\"}]},{\"@type\":\"WebSite\",\"@id\":\"https:\/\/www.klinika-but.si\/hr\/#website\",\"url\":\"https:\/\/www.klinika-but.si\/hr\/\",\"name\":\"Klinika BUT\",\"description\":\"\",\"potentialAction\":[{\"@type\":\"SearchAction\",\"target\":{\"@type\":\"EntryPoint\",\"urlTemplate\":\"https:\/\/www.klinika-but.si\/hr\/?s={search_term_string}\"},\"query-input\":{\"@type\":\"PropertyValueSpecification\",\"valueRequired\":true,\"valueName\":\"search_term_string\"}}],\"inLanguage\":\"hr\"}]}<\/script>\n<!-- \/ Yoast SEO plugin. -->","yoast_head_json":{"title":"Labioplastika - Klinika BUT","description":"Labioplastika je kirur\u0161ki postupak kojim se smanjuju ili preoblikuju male stidne usne vanjskog spolovila.","robots":{"index":"index","follow":"follow","max-snippet":"max-snippet:-1","max-image-preview":"max-image-preview:large","max-video-preview":"max-video-preview:-1"},"canonical":"https:\/\/www.klinika-but.si\/hr\/labioplastika\/","og_locale":"hr_HR","og_type":"article","og_title":"Labioplastika - Klinika BUT","og_description":"Labioplastika je kirur\u0161ki postupak kojim se smanjuju ili preoblikuju male stidne usne vanjskog spolovila.","og_url":"https:\/\/www.klinika-but.si\/hr\/labioplastika\/","og_site_name":"Klinika BUT","article_modified_time":"2025-11-17T12:31:04+00:00","og_image":[{"width":1216,"height":1182,"url":"https:\/\/www.klinika-but.si\/wp-content\/uploads\/2025\/05\/Estetska_ginekologija-01.jpg","type":"image\/jpeg"}],"twitter_card":"summary_large_image","twitter_misc":{"Procijenjeno vrijeme \u010ditanja":"1 minuta"},"schema":{"@context":"https:\/\/schema.org","@graph":[{"@type":"WebPage","@id":"https:\/\/www.klinika-but.si\/hr\/labioplastika\/","url":"https:\/\/www.klinika-but.si\/hr\/labioplastika\/","name":"Labioplastika - Klinika BUT","isPartOf":{"@id":"https:\/\/www.klinika-but.si\/hr\/#website"},"primaryImageOfPage":{"@id":"https:\/\/www.klinika-but.si\/hr\/labioplastika\/#primaryimage"},"image":{"@id":"https:\/\/www.klinika-but.si\/hr\/labioplastika\/#primaryimage"},"thumbnailUrl":"https:\/\/www.klinika-but.si\/wp-content\/uploads\/2025\/05\/Estetska_ginekologija-01.jpg","datePublished":"2025-05-30T08:50:51+00:00","dateModified":"2025-11-17T12:31:04+00:00","description":"Labioplastika je kirur\u0161ki postupak kojim se smanjuju ili preoblikuju male stidne usne vanjskog spolovila.","breadcrumb":{"@id":"https:\/\/www.klinika-but.si\/hr\/labioplastika\/#breadcrumb"},"inLanguage":"hr","potentialAction":[{"@type":"ReadAction","target":["https:\/\/www.klinika-but.si\/hr\/labioplastika\/"]}]},{"@type":"ImageObject","inLanguage":"hr","@id":"https:\/\/www.klinika-but.si\/hr\/labioplastika\/#primaryimage","url":"https:\/\/www.klinika-but.si\/wp-content\/uploads\/2025\/05\/Estetska_ginekologija-01.jpg","contentUrl":"https:\/\/www.klinika-but.si\/wp-content\/uploads\/2025\/05\/Estetska_ginekologija-01.jpg","width":1216,"height":1182},{"@type":"BreadcrumbList","@id":"https:\/\/www.klinika-but.si\/hr\/labioplastika\/#breadcrumb","itemListElement":[{"@type":"ListItem","position":1,"name":"Home","item":"https:\/\/www.klinika-but.si\/hr\/pocetna\/"},{"@type":"ListItem","position":2,"name":"Labioplastika"}]},{"@type":"WebSite","@id":"https:\/\/www.klinika-but.si\/hr\/#website","url":"https:\/\/www.klinika-but.si\/hr\/","name":"Klinika BUT","description":"","potentialAction":[{"@type":"SearchAction","target":{"@type":"EntryPoint","urlTemplate":"https:\/\/www.klinika-but.si\/hr\/?s={search_term_string}"},"query-input":{"@type":"PropertyValueSpecification","valueRequired":true,"valueName":"search_term_string"}}],"inLanguage":"hr"}]}},"_links":{"self":[{"href":"https:\/\/www.klinika-but.si\/hr\/wp-json\/wp\/v2\/pages\/6280","targetHints":{"allow":["GET"]}}],"collection":[{"href":"https:\/\/www.klinika-but.si\/hr\/wp-json\/wp\/v2\/pages"}],"about":[{"href":"https:\/\/www.klinika-but.si\/hr\/wp-json\/wp\/v2\/types\/page"}],"author":[{"embeddable":true,"href":"https:\/\/www.klinika-but.si\/hr\/wp-json\/wp\/v2\/users\/2"}],"replies":[{"embeddable":true,"href":"https:\/\/www.klinika-but.si\/hr\/wp-json\/wp\/v2\/comments?post=6280"}],"version-history":[{"count":4,"href":"https:\/\/www.klinika-but.si\/hr\/wp-json\/wp\/v2\/pages\/6280\/revisions"}],"predecessor-version":[{"id":7705,"href":"https:\/\/www.klinika-but.si\/hr\/wp-json\/wp\/v2\/pages\/6280\/revisions\/7705"}],"wp:featuredmedia":[{"embeddable":true,"href":"https:\/\/www.klinika-but.si\/hr\/wp-json\/wp\/v2\/media\/6283"}],"wp:attachment":[{"href":"https:\/\/www.klinika-but.si\/hr\/wp-json\/wp\/v2\/media?parent=6280"}],"curies":[{"name":"wp","href":"https:\/\/api.w.org\/{rel}","templated":true}]}}