{"id":7205,"date":"2025-04-15T13:04:25","date_gmt":"2025-04-15T12:04:25","guid":{"rendered":"https:\/\/www.klinika-but.si\/eierstockzysten\/"},"modified":"2025-11-13T13:10:34","modified_gmt":"2025-11-13T12:10:34","slug":"eierstockzysten","status":"publish","type":"page","link":"https:\/\/www.klinika-but.si\/de\/eierstockzysten\/","title":{"rendered":"Eierstockzysten"},"content":{"rendered":"\t\t<div data-elementor-type=\"wp-page\" data-elementor-id=\"7205\" class=\"elementor elementor-7205 elementor-3566\" data-elementor-settings=\"{&quot;element_pack_global_tooltip_width&quot;:{&quot;unit&quot;:&quot;px&quot;,&quot;size&quot;:&quot;&quot;,&quot;sizes&quot;:[]},&quot;element_pack_global_tooltip_width_tablet&quot;:{&quot;unit&quot;:&quot;px&quot;,&quot;size&quot;:&quot;&quot;,&quot;sizes&quot;:[]},&quot;element_pack_global_tooltip_width_mobile&quot;:{&quot;unit&quot;:&quot;px&quot;,&quot;size&quot;:&quot;&quot;,&quot;sizes&quot;:[]},&quot;element_pack_global_tooltip_padding&quot;:{&quot;unit&quot;:&quot;px&quot;,&quot;top&quot;:&quot;&quot;,&quot;right&quot;:&quot;&quot;,&quot;bottom&quot;:&quot;&quot;,&quot;left&quot;:&quot;&quot;,&quot;isLinked&quot;:true},&quot;element_pack_global_tooltip_padding_tablet&quot;:{&quot;unit&quot;:&quot;px&quot;,&quot;top&quot;:&quot;&quot;,&quot;right&quot;:&quot;&quot;,&quot;bottom&quot;:&quot;&quot;,&quot;left&quot;:&quot;&quot;,&quot;isLinked&quot;:true},&quot;element_pack_global_tooltip_padding_mobile&quot;:{&quot;unit&quot;:&quot;px&quot;,&quot;top&quot;:&quot;&quot;,&quot;right&quot;:&quot;&quot;,&quot;bottom&quot;:&quot;&quot;,&quot;left&quot;:&quot;&quot;,&quot;isLinked&quot;:true},&quot;element_pack_global_tooltip_border_radius&quot;:{&quot;unit&quot;:&quot;px&quot;,&quot;top&quot;:&quot;&quot;,&quot;right&quot;:&quot;&quot;,&quot;bottom&quot;:&quot;&quot;,&quot;left&quot;:&quot;&quot;,&quot;isLinked&quot;:true},&quot;element_pack_global_tooltip_border_radius_tablet&quot;:{&quot;unit&quot;:&quot;px&quot;,&quot;top&quot;:&quot;&quot;,&quot;right&quot;:&quot;&quot;,&quot;bottom&quot;:&quot;&quot;,&quot;left&quot;:&quot;&quot;,&quot;isLinked&quot;:true},&quot;element_pack_global_tooltip_border_radius_mobile&quot;:{&quot;unit&quot;:&quot;px&quot;,&quot;top&quot;:&quot;&quot;,&quot;right&quot;:&quot;&quot;,&quot;bottom&quot;:&quot;&quot;,&quot;left&quot;:&quot;&quot;,&quot;isLinked&quot;:true}}\" data-elementor-post-type=\"page\">\n\t\t\t\t\t\t<section class=\"xts-negative-gap elementor-section elementor-top-section elementor-element elementor-element-873e85f elementor-section-content-middle elementor-section-boxed elementor-section-height-default elementor-section-height-default xts-section-disabled\" data-id=\"873e85f\" data-element_type=\"section\" data-settings=\"{&quot;background_background&quot;:&quot;classic&quot;}\">\n\t\t\t\t\t\t\t<div class=\"elementor-background-overlay\"><\/div>\n\t\t\t\t\t\t\t<div class=\"elementor-container elementor-column-gap-wider\">\n\t\t\t\t\t<div class=\"elementor-column elementor-col-50 elementor-top-column elementor-element elementor-element-6d8ca83\" data-id=\"6d8ca83\" data-element_type=\"column\">\n\t\t\t<div class=\"elementor-widget-wrap elementor-element-populated\">\n\t\t\t\t\t\t<div class=\"elementor-element elementor-element-31f29bc xts-parallax-on-scroll xts_scroll_y_-20 xts_scroll_smoothness_10 elementor-widget elementor-widget-xts_image\" data-id=\"31f29bc\" data-element_type=\"widget\" data-widget_type=\"xts_image.default\">\n\t\t\t\t<div class=\"elementor-widget-container\">\n\t\t\t\t\t\t\t\t<div class=\"xts-image-single xts-textalign-left\">\n\t\t\t\t<figure class=\"xts-image\">\n\t\t\t\t\t\t\t\t\t\t\t<div class=\"xts-image-inner\">\n\t\t\t\t\t\n\t\t\t\t\t\t<img fetchpriority=\"high\" decoding=\"async\" width=\"1216\" height=\"1182\" src=\"https:\/\/www.klinika-but.si\/wp-content\/uploads\/2025\/04\/Ciste-na-jajcniku-02.jpg\" class=\"attachment-full size-full wp-image-3567\" alt=\"\" srcset=\"https:\/\/www.klinika-but.si\/wp-content\/uploads\/2025\/04\/Ciste-na-jajcniku-02.jpg 1216w, https:\/\/www.klinika-but.si\/wp-content\/uploads\/2025\/04\/Ciste-na-jajcniku-02-460x447.jpg 460w, https:\/\/www.klinika-but.si\/wp-content\/uploads\/2025\/04\/Ciste-na-jajcniku-02-1024x995.jpg 1024w, https:\/\/www.klinika-but.si\/wp-content\/uploads\/2025\/04\/Ciste-na-jajcniku-02-768x747.jpg 768w, https:\/\/www.klinika-but.si\/wp-content\/uploads\/2025\/04\/Ciste-na-jajcniku-02-1000x972.jpg 1000w, https:\/\/www.klinika-but.si\/wp-content\/uploads\/2025\/04\/Ciste-na-jajcniku-02-300x292.jpg 300w\" sizes=\"(max-width: 1216px) 100vw, 1216px\" \/>\n\t\t\t\t\t\t\t\t\t\t\t<\/div>\n\t\t\t\t\t\n\t\t\t\t\t\t\t\t\t<\/figure>\n\n\t\t\t\t\t\t\t<\/div>\n\t\t\t\t\t\t<\/div>\n\t\t\t\t<\/div>\n\t\t\t\t<div class=\"elementor-element elementor-element-bb5a442 xts-parallax-on-scroll xts_scroll_y_20 xts_scroll_smoothness_10 elementor-absolute elementor-hidden-tablet elementor-hidden-mobile elementor-widget elementor-widget-xts_shape\" data-id=\"bb5a442\" data-element_type=\"widget\" data-settings=\"{&quot;_position&quot;:&quot;absolute&quot;}\" data-widget_type=\"xts_shape.default\">\n\t\t\t\t<div class=\"elementor-widget-container\">\n\t\t\t\t\t\t\t\t<div class=\"xts-shape\"><\/div>\n\t\t\t\t\t\t<\/div>\n\t\t\t\t<\/div>\n\t\t\t\t\t<\/div>\n\t\t<\/div>\n\t\t\t\t<div class=\"elementor-column elementor-col-50 elementor-top-column elementor-element elementor-element-1f13350\" data-id=\"1f13350\" data-element_type=\"column\">\n\t\t\t<div class=\"elementor-widget-wrap elementor-element-populated\">\n\t\t\t\t\t\t<div class=\"elementor-element elementor-element-624cd28 xts-width-100 elementor-widget elementor-widget-xts_title\" data-id=\"624cd28\" data-element_type=\"widget\" data-widget_type=\"xts_title.default\">\n\t\t\t\t<div class=\"elementor-widget-container\">\n\t\t\t\t\t\t\t\t<div class=\"xts-section-heading xts-reset-mb-10 xts-reset-last xts-textalign-left\" data-animation-delay=\"\">\n\t\t\t\t\t\t\t\t\t<div class=\"xts-section-subtitle xts-fontsize-s\">\n\t\t\t\t\t\t<span class=\"xts-section-subtitle-text\" data-elementor-setting-key=\"subtitle\">\n\t\t\t\t\t\t\tGyn\u00e4kologie\t\t\t\t\t\t<\/span>\n\n\t\t\t\t\t\t\t\t\t\t\t<\/div>\n\t\t\t\t\n\t\t\t\t\t\t\t\t\t<h4 class=\"xts-section-title title xts-design-default xts-fontsize-xxl\">\n\t\t\t\t\t\t<span class=\"xts-section-title-text\" data-elementor-setting-key=\"title\">\n\t\t\t\t\t\t\tEierstockzysten\t\t\t\t\t\t<\/span>\n\n\t\t\t\t\t\t\t\t\t\t\t<\/h4>\n\t\t\t\t\n\t\t\t\t\n\t\t\t\t\t\t\t\t\t<div class=\"xts-section-desc\">\n\t\t\t\t\t\t<div class=\"xts-section-desc-text xts-reset-all-last\" data-elementor-setting-key=\"description\">\n\t\t\t\t\t\t\t<p>Eierstockzysten stellen gr\u00f6\u00dftenteils ungef\u00e4hrliche Ver\u00e4nderungen dar, die vor der Menopause zyklisch auftreten und die hormonelle Aktivit\u00e4t des Eierstocks widerspiegeln.<\/p>\t\t\t\t\t\t<\/div>\n\t\t\t\t\t<\/div>\n\t\t\t\t\t\t\t<\/div>\n\t\t\t\t\t\t<\/div>\n\t\t\t\t<\/div>\n\t\t\t\t<div class=\"elementor-element elementor-element-42b1021 elementor-widget elementor-widget-bdt-advanced-button\" data-id=\"42b1021\" data-element_type=\"widget\" data-widget_type=\"bdt-advanced-button.default\">\n\t\t\t\t<div class=\"elementor-widget-container\">\n\t\t\t\t\t\t\t<div class=\"bdt-ep-button-wrapper\">\n\t\t\t<a href=\"https:\/\/www.klinika-but.si\/de\/kontakt\/\" class=\"bdt-ep-button bdt-ep-button-effect-a bdt-ep-button-size-sm\">\n\t\t\t\t\t\t<div class=\"bdt-ep-button-content-wrapper bdt-flex bdt-flex-middle bdt-flex-center  \" data-text=\"VEREINBAREN SIE EINEN TERMIN\">\n\t\t\t\n\t\t\t<div class=\"bdt-ep-button-text\">\n\n\t\t\t\t<span class=\"avdbtn-text\">\n\t\t\t\t\tVEREINBAREN SIE EINEN TERMIN\t\t\t\t<\/span>\n\n\t\t\t\t\t\t\t<\/div>\n\n\t\t\t\n\t\t<\/div>\n\t\t\t\t\t<\/a>\n\t\t<\/div>\n\t\t\t\t\t\t<\/div>\n\t\t\t\t<\/div>\n\t\t\t\t\t<\/div>\n\t\t<\/div>\n\t\t\t\t\t<\/div>\n\t\t<\/section>\n\t\t<div class=\"xts-negative-gap elementor-element elementor-element-1165b3a e-flex e-con-boxed xts-section-disabled e-con e-parent\" data-id=\"1165b3a\" data-element_type=\"container\">\n\t\t\t\t\t<div class=\"e-con-inner\">\n\t\t<div class=\"elementor-element elementor-element-bdc91f7 e-con-full e-flex xts-section-disabled e-con e-child\" data-id=\"bdc91f7\" data-element_type=\"container\">\n\t\t\t\t<\/div>\n\t\t<div class=\"elementor-element elementor-element-5a96bde e-con-full e-flex xts-section-disabled e-con e-child\" data-id=\"5a96bde\" data-element_type=\"container\">\n\t\t\t\t<div class=\"elementor-element elementor-element-607172a xts-scheme-inherit xts-textalign-inherit elementor-widget elementor-widget-text-editor\" data-id=\"607172a\" data-element_type=\"widget\" data-widget_type=\"text-editor.default\">\n\t\t\t\t<div class=\"elementor-widget-container\">\n\t\t\t\t\t\t\t\t\t<p>Es handelt sich um ein normales Ph\u00e4nomen, bei dem die Follikel (Zysten) eine Gr\u00f6\u00dfe von bis zu 30 mm erreichen und dann platzen, wodurch die Eizelle freigesetzt wird (Ovulation). Die Zysten k\u00f6nnen funktionell sein und im n\u00e4chsten Zyklus verschwinden, sie k\u00f6nnen aber auch innerlich bluten und platzen, was zu st\u00e4rkeren Blutungen im Bauchraum f\u00fchren kann, die gelegentlich operativ, laparoskopisch gestoppt werden m\u00fcssen.  <\/p><p>Unter den Zysten, die nicht verschwinden, sind Teratome (Dermoide) und Schokoladenzysten (Endometriome) am h\u00e4ufigsten. <\/p><h1>Dermoidzysten<\/h1><p>enthalten Fettgewebe, Haare, Schilddr\u00fcsengewebe und Z\u00e4hne. Diese Zysten verursachen in der Regel keine Beschwerden und werden meist zuf\u00e4llig entdeckt, oft erst bei einer routinem\u00e4\u00dfigen Ultraschalluntersuchung in der Fr\u00fchschwangerschaft. <\/p><p>Teratome k\u00f6nnen durch ihr Wachstum den Eierstock zerst\u00f6ren und die ovarielle Reserve verringern, sehr selten, bzw. in 1-3 % der F\u00e4lle k\u00f6nnen sie sich auch b\u00f6sartig ver\u00e4ndern. <\/p><p>Die h\u00e4ufigste Komplikation bei einem Teratom des Eierstocks ist seine Verdrehung oder Torsion, bei der sich der Eierstock um seine Achse dreht, wodurch der Blutfluss durch die ihn versorgenden Gef\u00e4\u00dfe verringert wird. Wenn sich die Torsion verst\u00e4rkt, kann dies zu einer vollst\u00e4ndigen Unterbrechung der Durchblutung (Isch\u00e4mie) f\u00fchren, was zum Absterben des Eierstocks f\u00fchrt. F\u00fcr die Diagnose der Torsion ist eine genaue Ultraschalluntersuchung sehr wichtig.  <\/p><h2>Behandlung<\/h2><p>Die Behandlung von Teratomen erfolgt laparoskopisch, die Zyste wird ausgesch\u00e4lt und der Eierstock wird vern\u00e4ht, wodurch er erhalten bleibt.<\/p>\t\t\t\t\t\t\t\t<\/div>\n\t\t\t\t<\/div>\n\t\t\t\t<div class=\"elementor-element elementor-element-b6e526b elementor-widget-divider--view-line elementor-widget elementor-widget-divider\" data-id=\"b6e526b\" data-element_type=\"widget\" data-widget_type=\"divider.default\">\n\t\t\t\t<div class=\"elementor-widget-container\">\n\t\t\t\t\t\t\t<div class=\"elementor-divider\">\n\t\t\t<span class=\"elementor-divider-separator\">\n\t\t\t\t\t\t<\/span>\n\t\t<\/div>\n\t\t\t\t\t\t<\/div>\n\t\t\t\t<\/div>\n\t\t\t\t<div class=\"elementor-element elementor-element-b078337 xts-scheme-inherit xts-textalign-inherit elementor-widget elementor-widget-text-editor\" data-id=\"b078337\" data-element_type=\"widget\" data-widget_type=\"text-editor.default\">\n\t\t\t\t<div class=\"elementor-widget-container\">\n\t\t\t\t\t\t\t\t\t<h1>Endometriome oder Schokoladenzysten des Eierstocks<\/h1><p>werden oft zuf\u00e4llig bei einer routinem\u00e4\u00dfigen Ultraschalluntersuchung entdeckt. Die Entscheidung \u00fcber die Behandlung h\u00e4ngt von den W\u00fcnschen der Patientin bez\u00fcglich einer Schwangerschaft und von eventuellen Begleitbeschwerden ab. <\/p><p>Wenn ein Endometriom bei Ber\u00fchrung schmerzhaft und schwer verschiebbar ist und die Patientin auch Schmerzen beim Geschlechtsverkehr hat, muss auch in Betracht gezogen werden, dass es sich m\u00f6glicherweise um eine begleitende tiefe, infiltrierende Endometriose handelt. Endometriome sind oft in Adh\u00e4sionen (Verwachsungen), die ihre Torsion verhindern. <\/p><p>In der Postmenopause sind ser\u00f6se und muzin\u00f6se Zysten des Eierstocks h\u00e4ufiger, die ebenfalls meist ungef\u00e4hrlich sind.<\/p><h2><strong>Behandlung <\/strong><\/h2><p>Endometriome werden laparoskopisch entfernt, wobei die Zyste ausgesch\u00e4lt und in einem speziell geformten Beutel aus der Bauchh\u00f6hle entfernt wird, wodurch verhindert wird, dass sich der Inhalt im Inneren der Bauchh\u00f6hle verteilt.<\/p>\t\t\t\t\t\t\t\t<\/div>\n\t\t\t\t<\/div>\n\t\t\t\t<\/div>\n\t\t<div class=\"elementor-element elementor-element-f3bb562 e-con-full e-flex xts-section-disabled e-con e-child\" data-id=\"f3bb562\" data-element_type=\"container\">\n\t\t\t\t<\/div>\n\t\t\t\t\t<\/div>\n\t\t\t\t<\/div>\n\t\t<div class=\"xts-negative-gap elementor-element elementor-element-8a2dc01 e-flex e-con-boxed xts-section-disabled e-con e-parent\" data-id=\"8a2dc01\" data-element_type=\"container\">\n\t\t\t\t\t<div class=\"e-con-inner\">\n\t\t\t\t<div class=\"elementor-element elementor-element-4aaba52 elementor-align-center elementor-widget elementor-widget-bdt-advanced-button\" data-id=\"4aaba52\" data-element_type=\"widget\" data-widget_type=\"bdt-advanced-button.default\">\n\t\t\t\t<div class=\"elementor-widget-container\">\n\t\t\t\t\t\t\t<div class=\"bdt-ep-button-wrapper\">\n\t\t\t<a href=\"https:\/\/www.klinika-but.si\/de\/gynaekologie\/\" class=\"bdt-ep-button bdt-ep-button-effect-a bdt-ep-button-size-md\">\n\t\t\t\t\t\t<div class=\"bdt-ep-button-content-wrapper bdt-flex bdt-flex-middle bdt-flex-center  \" data-text=\"ANDERE GYN\u00c4KOLOGISCHE LEISTUNGEN\">\n\t\t\t\n\t\t\t<div class=\"bdt-ep-button-text\">\n\n\t\t\t\t<span class=\"avdbtn-text\">\n\t\t\t\t\tANDERE GYN\u00c4KOLOGISCHE LEISTUNGEN\t\t\t\t<\/span>\n\n\t\t\t\t\t\t\t<\/div>\n\n\t\t\t\n\t\t<\/div>\n\t\t\t\t\t<\/a>\n\t\t<\/div>\n\t\t\t\t\t\t<\/div>\n\t\t\t\t<\/div>\n\t\t\t\t\t<\/div>\n\t\t\t\t<\/div>\n\t\t\t\t<\/div>\n\t\t","protected":false},"excerpt":{"rendered":"<p>Gyn\u00e4kologie Eierstockzysten Eierstockzysten stellen gr\u00f6\u00dftenteils ungef\u00e4hrliche Ver\u00e4nderungen dar, die vor der Menopause zyklisch auftreten und die hormonelle Aktivit\u00e4t des Eierstocks widerspiegeln. VEREINBAREN SIE EINEN TERMIN Es handelt sich um ein normales Ph\u00e4nomen, bei dem die Follikel (Zysten) eine Gr\u00f6\u00dfe von bis zu 30 mm erreichen und dann platzen, wodurch die Eizelle freigesetzt wird (Ovulation). Die [&hellip;]<\/p>\n","protected":false},"author":2,"featured_media":7207,"parent":0,"menu_order":0,"comment_status":"closed","ping_status":"closed","template":"","meta":{"footnotes":""},"class_list":["post-7205","page","type-page","status-publish","has-post-thumbnail","hentry"],"yoast_head":"<!-- This site is optimized with the Yoast SEO plugin v27.2 - https:\/\/yoast.com\/product\/yoast-seo-wordpress\/ -->\n<title>Eierstockzysten - Klinika BUT<\/title>\n<meta name=\"description\" content=\"Eierstockzysten stellen gr\u00f6\u00dftenteils ungef\u00e4hrliche Ver\u00e4nderungen dar, die vor der Menopause zyklisch auftreten.\" \/>\n<meta name=\"robots\" content=\"index, follow, max-snippet:-1, max-image-preview:large, max-video-preview:-1\" \/>\n<link rel=\"canonical\" href=\"https:\/\/www.klinika-but.si\/de\/eierstockzysten\/\" \/>\n<meta property=\"og:locale\" content=\"de_DE\" \/>\n<meta property=\"og:type\" content=\"article\" \/>\n<meta property=\"og:title\" content=\"Eierstockzysten - Klinika BUT\" \/>\n<meta property=\"og:description\" content=\"Eierstockzysten stellen gr\u00f6\u00dftenteils ungef\u00e4hrliche Ver\u00e4nderungen dar, die vor der Menopause zyklisch auftreten.\" \/>\n<meta property=\"og:url\" content=\"https:\/\/www.klinika-but.si\/de\/eierstockzysten\/\" \/>\n<meta property=\"og:site_name\" content=\"Klinika BUT\" \/>\n<meta property=\"article:modified_time\" content=\"2025-11-13T12:10:34+00:00\" \/>\n<meta property=\"og:image\" content=\"https:\/\/www.klinika-but.si\/wp-content\/uploads\/2025\/04\/Ciste-na-jajcniku-02.jpg\" \/>\n\t<meta property=\"og:image:width\" content=\"1216\" \/>\n\t<meta property=\"og:image:height\" content=\"1182\" \/>\n\t<meta property=\"og:image:type\" content=\"image\/jpeg\" \/>\n<meta name=\"twitter:card\" content=\"summary_large_image\" \/>\n<meta name=\"twitter:label1\" content=\"Gesch\u00e4tzte Lesezeit\" \/>\n\t<meta name=\"twitter:data1\" content=\"2\u00a0Minuten\" \/>\n<script type=\"application\/ld+json\" class=\"yoast-schema-graph\">{\"@context\":\"https:\/\/schema.org\",\"@graph\":[{\"@type\":\"WebPage\",\"@id\":\"https:\/\/www.klinika-but.si\/de\/eierstockzysten\/\",\"url\":\"https:\/\/www.klinika-but.si\/de\/eierstockzysten\/\",\"name\":\"Eierstockzysten - Klinika BUT\",\"isPartOf\":{\"@id\":\"https:\/\/www.klinika-but.si\/de\/#website\"},\"primaryImageOfPage\":{\"@id\":\"https:\/\/www.klinika-but.si\/de\/eierstockzysten\/#primaryimage\"},\"image\":{\"@id\":\"https:\/\/www.klinika-but.si\/de\/eierstockzysten\/#primaryimage\"},\"thumbnailUrl\":\"https:\/\/www.klinika-but.si\/wp-content\/uploads\/2025\/04\/Ciste-na-jajcniku-02.jpg\",\"datePublished\":\"2025-04-15T12:04:25+00:00\",\"dateModified\":\"2025-11-13T12:10:34+00:00\",\"description\":\"Eierstockzysten stellen gr\u00f6\u00dftenteils ungef\u00e4hrliche Ver\u00e4nderungen dar, die vor der Menopause zyklisch auftreten.\",\"breadcrumb\":{\"@id\":\"https:\/\/www.klinika-but.si\/de\/eierstockzysten\/#breadcrumb\"},\"inLanguage\":\"de\",\"potentialAction\":[{\"@type\":\"ReadAction\",\"target\":[\"https:\/\/www.klinika-but.si\/de\/eierstockzysten\/\"]}]},{\"@type\":\"ImageObject\",\"inLanguage\":\"de\",\"@id\":\"https:\/\/www.klinika-but.si\/de\/eierstockzysten\/#primaryimage\",\"url\":\"https:\/\/www.klinika-but.si\/wp-content\/uploads\/2025\/04\/Ciste-na-jajcniku-02.jpg\",\"contentUrl\":\"https:\/\/www.klinika-but.si\/wp-content\/uploads\/2025\/04\/Ciste-na-jajcniku-02.jpg\",\"width\":1216,\"height\":1182},{\"@type\":\"BreadcrumbList\",\"@id\":\"https:\/\/www.klinika-but.si\/de\/eierstockzysten\/#breadcrumb\",\"itemListElement\":[{\"@type\":\"ListItem\",\"position\":1,\"name\":\"Home\",\"item\":\"https:\/\/www.klinika-but.si\/de\/startseite\/\"},{\"@type\":\"ListItem\",\"position\":2,\"name\":\"Eierstockzysten\"}]},{\"@type\":\"WebSite\",\"@id\":\"https:\/\/www.klinika-but.si\/de\/#website\",\"url\":\"https:\/\/www.klinika-but.si\/de\/\",\"name\":\"Klinika BUT\",\"description\":\"\",\"potentialAction\":[{\"@type\":\"SearchAction\",\"target\":{\"@type\":\"EntryPoint\",\"urlTemplate\":\"https:\/\/www.klinika-but.si\/de\/?s={search_term_string}\"},\"query-input\":{\"@type\":\"PropertyValueSpecification\",\"valueRequired\":true,\"valueName\":\"search_term_string\"}}],\"inLanguage\":\"de\"}]}<\/script>\n<!-- \/ Yoast SEO plugin. -->","yoast_head_json":{"title":"Eierstockzysten - Klinika BUT","description":"Eierstockzysten stellen gr\u00f6\u00dftenteils ungef\u00e4hrliche Ver\u00e4nderungen dar, die vor der Menopause zyklisch auftreten.","robots":{"index":"index","follow":"follow","max-snippet":"max-snippet:-1","max-image-preview":"max-image-preview:large","max-video-preview":"max-video-preview:-1"},"canonical":"https:\/\/www.klinika-but.si\/de\/eierstockzysten\/","og_locale":"de_DE","og_type":"article","og_title":"Eierstockzysten - Klinika BUT","og_description":"Eierstockzysten stellen gr\u00f6\u00dftenteils ungef\u00e4hrliche Ver\u00e4nderungen dar, die vor der Menopause zyklisch auftreten.","og_url":"https:\/\/www.klinika-but.si\/de\/eierstockzysten\/","og_site_name":"Klinika BUT","article_modified_time":"2025-11-13T12:10:34+00:00","og_image":[{"width":1216,"height":1182,"url":"https:\/\/www.klinika-but.si\/wp-content\/uploads\/2025\/04\/Ciste-na-jajcniku-02.jpg","type":"image\/jpeg"}],"twitter_card":"summary_large_image","twitter_misc":{"Gesch\u00e4tzte Lesezeit":"2\u00a0Minuten"},"schema":{"@context":"https:\/\/schema.org","@graph":[{"@type":"WebPage","@id":"https:\/\/www.klinika-but.si\/de\/eierstockzysten\/","url":"https:\/\/www.klinika-but.si\/de\/eierstockzysten\/","name":"Eierstockzysten - Klinika BUT","isPartOf":{"@id":"https:\/\/www.klinika-but.si\/de\/#website"},"primaryImageOfPage":{"@id":"https:\/\/www.klinika-but.si\/de\/eierstockzysten\/#primaryimage"},"image":{"@id":"https:\/\/www.klinika-but.si\/de\/eierstockzysten\/#primaryimage"},"thumbnailUrl":"https:\/\/www.klinika-but.si\/wp-content\/uploads\/2025\/04\/Ciste-na-jajcniku-02.jpg","datePublished":"2025-04-15T12:04:25+00:00","dateModified":"2025-11-13T12:10:34+00:00","description":"Eierstockzysten stellen gr\u00f6\u00dftenteils ungef\u00e4hrliche Ver\u00e4nderungen dar, die vor der Menopause zyklisch auftreten.","breadcrumb":{"@id":"https:\/\/www.klinika-but.si\/de\/eierstockzysten\/#breadcrumb"},"inLanguage":"de","potentialAction":[{"@type":"ReadAction","target":["https:\/\/www.klinika-but.si\/de\/eierstockzysten\/"]}]},{"@type":"ImageObject","inLanguage":"de","@id":"https:\/\/www.klinika-but.si\/de\/eierstockzysten\/#primaryimage","url":"https:\/\/www.klinika-but.si\/wp-content\/uploads\/2025\/04\/Ciste-na-jajcniku-02.jpg","contentUrl":"https:\/\/www.klinika-but.si\/wp-content\/uploads\/2025\/04\/Ciste-na-jajcniku-02.jpg","width":1216,"height":1182},{"@type":"BreadcrumbList","@id":"https:\/\/www.klinika-but.si\/de\/eierstockzysten\/#breadcrumb","itemListElement":[{"@type":"ListItem","position":1,"name":"Home","item":"https:\/\/www.klinika-but.si\/de\/startseite\/"},{"@type":"ListItem","position":2,"name":"Eierstockzysten"}]},{"@type":"WebSite","@id":"https:\/\/www.klinika-but.si\/de\/#website","url":"https:\/\/www.klinika-but.si\/de\/","name":"Klinika BUT","description":"","potentialAction":[{"@type":"SearchAction","target":{"@type":"EntryPoint","urlTemplate":"https:\/\/www.klinika-but.si\/de\/?s={search_term_string}"},"query-input":{"@type":"PropertyValueSpecification","valueRequired":true,"valueName":"search_term_string"}}],"inLanguage":"de"}]}},"_links":{"self":[{"href":"https:\/\/www.klinika-but.si\/de\/wp-json\/wp\/v2\/pages\/7205","targetHints":{"allow":["GET"]}}],"collection":[{"href":"https:\/\/www.klinika-but.si\/de\/wp-json\/wp\/v2\/pages"}],"about":[{"href":"https:\/\/www.klinika-but.si\/de\/wp-json\/wp\/v2\/types\/page"}],"author":[{"embeddable":true,"href":"https:\/\/www.klinika-but.si\/de\/wp-json\/wp\/v2\/users\/2"}],"replies":[{"embeddable":true,"href":"https:\/\/www.klinika-but.si\/de\/wp-json\/wp\/v2\/comments?post=7205"}],"version-history":[{"count":9,"href":"https:\/\/www.klinika-but.si\/de\/wp-json\/wp\/v2\/pages\/7205\/revisions"}],"predecessor-version":[{"id":7407,"href":"https:\/\/www.klinika-but.si\/de\/wp-json\/wp\/v2\/pages\/7205\/revisions\/7407"}],"wp:featuredmedia":[{"embeddable":true,"href":"https:\/\/www.klinika-but.si\/de\/wp-json\/wp\/v2\/media\/7207"}],"wp:attachment":[{"href":"https:\/\/www.klinika-but.si\/de\/wp-json\/wp\/v2\/media?parent=7205"}],"curies":[{"name":"wp","href":"https:\/\/api.w.org\/{rel}","templated":true}]}}