{"id":6940,"date":"2025-05-20T17:32:38","date_gmt":"2025-05-20T16:32:38","guid":{"rendered":"https:\/\/www.klinika-but.si\/schmerzambulanz\/"},"modified":"2025-11-17T12:51:44","modified_gmt":"2025-11-17T11:51:44","slug":"schmerzambulanz","status":"publish","type":"page","link":"https:\/\/www.klinika-but.si\/de\/schmerzambulanz\/","title":{"rendered":"Schmerzambulanz"},"content":{"rendered":"\t\t<div data-elementor-type=\"wp-page\" data-elementor-id=\"6940\" class=\"elementor elementor-6940 elementor-4407\" data-elementor-settings=\"{&quot;element_pack_global_tooltip_width&quot;:{&quot;unit&quot;:&quot;px&quot;,&quot;size&quot;:&quot;&quot;,&quot;sizes&quot;:[]},&quot;element_pack_global_tooltip_width_tablet&quot;:{&quot;unit&quot;:&quot;px&quot;,&quot;size&quot;:&quot;&quot;,&quot;sizes&quot;:[]},&quot;element_pack_global_tooltip_width_mobile&quot;:{&quot;unit&quot;:&quot;px&quot;,&quot;size&quot;:&quot;&quot;,&quot;sizes&quot;:[]},&quot;element_pack_global_tooltip_padding&quot;:{&quot;unit&quot;:&quot;px&quot;,&quot;top&quot;:&quot;&quot;,&quot;right&quot;:&quot;&quot;,&quot;bottom&quot;:&quot;&quot;,&quot;left&quot;:&quot;&quot;,&quot;isLinked&quot;:true},&quot;element_pack_global_tooltip_padding_tablet&quot;:{&quot;unit&quot;:&quot;px&quot;,&quot;top&quot;:&quot;&quot;,&quot;right&quot;:&quot;&quot;,&quot;bottom&quot;:&quot;&quot;,&quot;left&quot;:&quot;&quot;,&quot;isLinked&quot;:true},&quot;element_pack_global_tooltip_padding_mobile&quot;:{&quot;unit&quot;:&quot;px&quot;,&quot;top&quot;:&quot;&quot;,&quot;right&quot;:&quot;&quot;,&quot;bottom&quot;:&quot;&quot;,&quot;left&quot;:&quot;&quot;,&quot;isLinked&quot;:true},&quot;element_pack_global_tooltip_border_radius&quot;:{&quot;unit&quot;:&quot;px&quot;,&quot;top&quot;:&quot;&quot;,&quot;right&quot;:&quot;&quot;,&quot;bottom&quot;:&quot;&quot;,&quot;left&quot;:&quot;&quot;,&quot;isLinked&quot;:true},&quot;element_pack_global_tooltip_border_radius_tablet&quot;:{&quot;unit&quot;:&quot;px&quot;,&quot;top&quot;:&quot;&quot;,&quot;right&quot;:&quot;&quot;,&quot;bottom&quot;:&quot;&quot;,&quot;left&quot;:&quot;&quot;,&quot;isLinked&quot;:true},&quot;element_pack_global_tooltip_border_radius_mobile&quot;:{&quot;unit&quot;:&quot;px&quot;,&quot;top&quot;:&quot;&quot;,&quot;right&quot;:&quot;&quot;,&quot;bottom&quot;:&quot;&quot;,&quot;left&quot;:&quot;&quot;,&quot;isLinked&quot;:true}}\" data-elementor-post-type=\"page\">\n\t\t\t\t\t\t<section class=\"xts-negative-gap elementor-section elementor-top-section elementor-element elementor-element-873e85f elementor-section-content-middle elementor-section-boxed elementor-section-height-default elementor-section-height-default xts-section-disabled\" data-id=\"873e85f\" data-element_type=\"section\" data-settings=\"{&quot;background_background&quot;:&quot;classic&quot;}\">\n\t\t\t\t\t\t\t<div class=\"elementor-background-overlay\"><\/div>\n\t\t\t\t\t\t\t<div class=\"elementor-container elementor-column-gap-wider\">\n\t\t\t\t\t<div class=\"elementor-column elementor-col-50 elementor-top-column elementor-element elementor-element-6d8ca83\" data-id=\"6d8ca83\" data-element_type=\"column\">\n\t\t\t<div class=\"elementor-widget-wrap elementor-element-populated\">\n\t\t\t\t\t\t<div class=\"elementor-element elementor-element-31f29bc xts-parallax-on-scroll xts_scroll_y_-20 xts_scroll_smoothness_10 elementor-widget elementor-widget-xts_image\" data-id=\"31f29bc\" data-element_type=\"widget\" data-widget_type=\"xts_image.default\">\n\t\t\t\t<div class=\"elementor-widget-container\">\n\t\t\t\t\t\t\t\t<div class=\"xts-image-single xts-textalign-left\">\n\t\t\t\t<figure class=\"xts-image\">\n\t\t\t\t\t\t\t\t\t\t\t<div class=\"xts-image-inner\">\n\t\t\t\t\t\n\t\t\t\t\t\t<img fetchpriority=\"high\" decoding=\"async\" width=\"1216\" height=\"1182\" src=\"https:\/\/www.klinika-but.si\/wp-content\/uploads\/2025\/10\/Protibolecinska-ambulanta-01.jpg\" class=\"attachment-full size-full wp-image-5814\" alt=\"\" srcset=\"https:\/\/www.klinika-but.si\/wp-content\/uploads\/2025\/10\/Protibolecinska-ambulanta-01.jpg 1216w, https:\/\/www.klinika-but.si\/wp-content\/uploads\/2025\/10\/Protibolecinska-ambulanta-01-460x447.jpg 460w, https:\/\/www.klinika-but.si\/wp-content\/uploads\/2025\/10\/Protibolecinska-ambulanta-01-1024x995.jpg 1024w, https:\/\/www.klinika-but.si\/wp-content\/uploads\/2025\/10\/Protibolecinska-ambulanta-01-768x747.jpg 768w, https:\/\/www.klinika-but.si\/wp-content\/uploads\/2025\/10\/Protibolecinska-ambulanta-01-1000x972.jpg 1000w, https:\/\/www.klinika-but.si\/wp-content\/uploads\/2025\/10\/Protibolecinska-ambulanta-01-300x292.jpg 300w\" sizes=\"(max-width: 1216px) 100vw, 1216px\" \/>\n\t\t\t\t\t\t\t\t\t\t\t<\/div>\n\t\t\t\t\t\n\t\t\t\t\t\t\t\t\t<\/figure>\n\n\t\t\t\t\t\t\t<\/div>\n\t\t\t\t\t\t<\/div>\n\t\t\t\t<\/div>\n\t\t\t\t<div class=\"elementor-element elementor-element-bb5a442 xts-parallax-on-scroll xts_scroll_y_20 xts_scroll_smoothness_10 elementor-absolute elementor-hidden-tablet elementor-hidden-mobile elementor-widget elementor-widget-xts_shape\" data-id=\"bb5a442\" data-element_type=\"widget\" data-settings=\"{&quot;_position&quot;:&quot;absolute&quot;}\" data-widget_type=\"xts_shape.default\">\n\t\t\t\t<div class=\"elementor-widget-container\">\n\t\t\t\t\t\t\t\t<div class=\"xts-shape\"><\/div>\n\t\t\t\t\t\t<\/div>\n\t\t\t\t<\/div>\n\t\t\t\t\t<\/div>\n\t\t<\/div>\n\t\t\t\t<div class=\"elementor-column elementor-col-50 elementor-top-column elementor-element elementor-element-1f13350\" data-id=\"1f13350\" data-element_type=\"column\">\n\t\t\t<div class=\"elementor-widget-wrap elementor-element-populated\">\n\t\t\t\t\t\t<div class=\"elementor-element elementor-element-624cd28 xts-width-100 elementor-widget elementor-widget-xts_title\" data-id=\"624cd28\" data-element_type=\"widget\" data-widget_type=\"xts_title.default\">\n\t\t\t\t<div class=\"elementor-widget-container\">\n\t\t\t\t\t\t\t\t<div class=\"xts-section-heading xts-reset-mb-10 xts-reset-last xts-textalign-left\" data-animation-delay=\"\">\n\t\t\t\t\t\t\t\t\t<div class=\"xts-section-subtitle xts-fontsize-s\">\n\t\t\t\t\t\t<span class=\"xts-section-subtitle-text\" data-elementor-setting-key=\"subtitle\">\n\t\t\t\t\t\t\tUrogyn\u00e4kologie\t\t\t\t\t\t<\/span>\n\n\t\t\t\t\t\t\t\t\t\t\t<\/div>\n\t\t\t\t\n\t\t\t\t\t\t\t\t\t<h4 class=\"xts-section-title title xts-design-default xts-fontsize-xxl\">\n\t\t\t\t\t\t<span class=\"xts-section-title-text\" data-elementor-setting-key=\"title\">\n\t\t\t\t\t\t\tSchmerzambulanz \t\t\t\t\t\t<\/span>\n\n\t\t\t\t\t\t\t\t\t\t\t<\/h4>\n\t\t\t\t\n\t\t\t\t\n\t\t\t\t\t\t\t\t\t<div class=\"xts-section-desc\">\n\t\t\t\t\t\t<div class=\"xts-section-desc-text xts-reset-all-last\" data-elementor-setting-key=\"description\">\n\t\t\t\t\t\t\t<p>Die Schmerzambulanz richtet sich an Frauen mit pl\u00f6tzlich auftretenden (akuten) oder chronischen Schmerzen, die mit Medikamenten oder anderen Behandlungsmethoden nicht beherrschbar waren.<\/p>\t\t\t\t\t\t<\/div>\n\t\t\t\t\t<\/div>\n\t\t\t\t\t\t\t<\/div>\n\t\t\t\t\t\t<\/div>\n\t\t\t\t<\/div>\n\t\t\t\t<div class=\"elementor-element elementor-element-983a6e4 elementor-widget elementor-widget-bdt-advanced-button\" data-id=\"983a6e4\" data-element_type=\"widget\" data-widget_type=\"bdt-advanced-button.default\">\n\t\t\t\t<div class=\"elementor-widget-container\">\n\t\t\t\t\t\t\t<div class=\"bdt-ep-button-wrapper\">\n\t\t\t<a href=\"https:\/\/www.klinika-but.si\/de\/kontakt\/\" class=\"bdt-ep-button bdt-ep-button-effect-a bdt-ep-button-size-sm\">\n\t\t\t\t\t\t<div class=\"bdt-ep-button-content-wrapper bdt-flex bdt-flex-middle bdt-flex-center  \" data-text=\"VEREINBAREN SIE EINEN TERMIN\">\n\t\t\t\n\t\t\t<div class=\"bdt-ep-button-text\">\n\n\t\t\t\t<span class=\"avdbtn-text\">\n\t\t\t\t\tVEREINBAREN SIE EINEN TERMIN\t\t\t\t<\/span>\n\n\t\t\t\t\t\t\t<\/div>\n\n\t\t\t\n\t\t<\/div>\n\t\t\t\t\t<\/a>\n\t\t<\/div>\n\t\t\t\t\t\t<\/div>\n\t\t\t\t<\/div>\n\t\t\t\t\t<\/div>\n\t\t<\/div>\n\t\t\t\t\t<\/div>\n\t\t<\/section>\n\t\t<div class=\"xts-negative-gap elementor-element elementor-element-1165b3a e-flex e-con-boxed xts-section-disabled e-con e-parent\" data-id=\"1165b3a\" data-element_type=\"container\">\n\t\t\t\t\t<div class=\"e-con-inner\">\n\t\t<div class=\"elementor-element elementor-element-bdc91f7 e-con-full e-flex xts-section-disabled e-con e-child\" data-id=\"bdc91f7\" data-element_type=\"container\">\n\t\t\t\t<\/div>\n\t\t<div class=\"elementor-element elementor-element-5a96bde e-con-full e-flex xts-section-disabled e-con e-child\" data-id=\"5a96bde\" data-element_type=\"container\">\n\t\t\t\t<div class=\"elementor-element elementor-element-607172a xts-scheme-inherit xts-textalign-inherit elementor-widget elementor-widget-text-editor\" data-id=\"607172a\" data-element_type=\"widget\" data-widget_type=\"text-editor.default\">\n\t\t\t\t<div class=\"elementor-widget-container\">\n\t\t\t\t\t\t\t\t\t<p class=\"v1MsoNormal\">Im Rahmen der Ambulanz befassen wir uns in unserer Klinik sowohl mit der Diagnose als auch mit der Behandlung chronischer Schmerzen, die definitionsgem\u00e4\u00df l\u00e4nger als sechs Monate andauern und unterschiedlicher Herkunft sein k\u00f6nnen. Meist handelt es sich um Schmerzen im unteren R\u00fccken, in der Wirbels\u00e4ule, im Becken und in den Gelenken, die nach der Einnahme von Schmerzmitteln nicht verschwinden. Es kann sich aber auch um neuropathische Schmerzen handeln, die durch Nervensch\u00e4den entstehen.  <\/p><p class=\"v1MsoNormal\">In unserem Team haben wir einen erfahrenen Spezialisten, der sich intensiv mit der Schmerzbehandlung befasst und bei der Schmerzbehandlung stets individuell vorgeht und fortschrittliche Behandlungsmethoden anwendet.<\/p><p class=\"v1MsoNormal\">Untersuchung beim Spezialisten: Bei der Untersuchung besprechen Sie mit dem Arzt die Art, Intensit\u00e4t, Dauer und Ausstrahlung der Schmerzen. Auf Grundlage dieser Informationen sowie einer klinischen und gegebenenfalls Ultraschalluntersuchung erstellt der Spezialist einen individuellen Schmerzbehandlungsplan f\u00fcr Sie und wird auf Ihren Wunsch hin auch die vorgeschlagene Behandlung einleiten. <\/p>\t\t\t\t\t\t\t\t<\/div>\n\t\t\t\t<\/div>\n\t\t\t\t<\/div>\n\t\t<div class=\"elementor-element elementor-element-f3bb562 e-con-full e-flex xts-section-disabled e-con e-child\" data-id=\"f3bb562\" data-element_type=\"container\">\n\t\t\t\t<\/div>\n\t\t\t\t\t<\/div>\n\t\t\t\t<\/div>\n\t\t<div class=\"xts-negative-gap elementor-element elementor-element-cc75ae4 e-flex e-con-boxed xts-section-disabled e-con e-parent\" data-id=\"cc75ae4\" data-element_type=\"container\">\n\t\t\t\t\t<div class=\"e-con-inner\">\n\t\t\t\t<div class=\"elementor-element elementor-element-4aa95fa elementor-align-center elementor-widget elementor-widget-bdt-advanced-button\" data-id=\"4aa95fa\" data-element_type=\"widget\" data-widget_type=\"bdt-advanced-button.default\">\n\t\t\t\t<div class=\"elementor-widget-container\">\n\t\t\t\t\t\t\t<div class=\"bdt-ep-button-wrapper\">\n\t\t\t<a href=\"https:\/\/www.klinika-but.si\/de\/urogynaekologie\/\" class=\"bdt-ep-button bdt-ep-button-effect-a bdt-ep-button-size-md\">\n\t\t\t\t\t\t<div class=\"bdt-ep-button-content-wrapper bdt-flex bdt-flex-middle bdt-flex-center  \" data-text=\"ANDERE UROGYN\u00c4KOLOGISCHE LEISTUNGEN\">\n\t\t\t\n\t\t\t<div class=\"bdt-ep-button-text\">\n\n\t\t\t\t<span class=\"avdbtn-text\">\n\t\t\t\t\tANDERE UROGYN\u00c4KOLOGISCHE LEISTUNGEN\t\t\t\t<\/span>\n\n\t\t\t\t\t\t\t<\/div>\n\n\t\t\t\n\t\t<\/div>\n\t\t\t\t\t<\/a>\n\t\t<\/div>\n\t\t\t\t\t\t<\/div>\n\t\t\t\t<\/div>\n\t\t\t\t\t<\/div>\n\t\t\t\t<\/div>\n\t\t\t\t<\/div>\n\t\t","protected":false},"excerpt":{"rendered":"<p>Urogyn\u00e4kologie Schmerzambulanz Die Schmerzambulanz richtet sich an Frauen mit pl\u00f6tzlich auftretenden (akuten) oder chronischen Schmerzen, die mit Medikamenten oder anderen Behandlungsmethoden nicht beherrschbar waren. VEREINBAREN SIE EINEN TERMIN Im Rahmen der Ambulanz befassen wir uns in unserer Klinik sowohl mit der Diagnose als auch mit der Behandlung chronischer Schmerzen, die definitionsgem\u00e4\u00df l\u00e4nger als sechs Monate [&hellip;]<\/p>\n","protected":false},"author":2,"featured_media":6942,"parent":0,"menu_order":0,"comment_status":"closed","ping_status":"closed","template":"","meta":{"footnotes":""},"class_list":["post-6940","page","type-page","status-publish","has-post-thumbnail","hentry"],"yoast_head":"<!-- This site is optimized with the Yoast SEO plugin v27.2 - https:\/\/yoast.com\/product\/yoast-seo-wordpress\/ -->\n<title>Schmerzambulanz - Klinika BUT<\/title>\n<meta name=\"description\" content=\"Die Schmerzambulanz richtet sich an Frauen mit pl\u00f6tzlich auftretenden (akuten) oder chronischen Schmerzen, die mit Medikamenten oder anderen Behandlungsmethoden nicht beherrschbar waren.\" \/>\n<meta name=\"robots\" content=\"index, follow, max-snippet:-1, max-image-preview:large, max-video-preview:-1\" \/>\n<link rel=\"canonical\" href=\"https:\/\/www.klinika-but.si\/de\/schmerzambulanz\/\" \/>\n<meta property=\"og:locale\" content=\"de_DE\" \/>\n<meta property=\"og:type\" content=\"article\" \/>\n<meta property=\"og:title\" content=\"Schmerzambulanz - Klinika BUT\" \/>\n<meta property=\"og:description\" content=\"Die Schmerzambulanz richtet sich an Frauen mit pl\u00f6tzlich auftretenden (akuten) oder chronischen Schmerzen, die mit Medikamenten oder anderen Behandlungsmethoden nicht beherrschbar waren.\" \/>\n<meta property=\"og:url\" content=\"https:\/\/www.klinika-but.si\/de\/schmerzambulanz\/\" \/>\n<meta property=\"og:site_name\" content=\"Klinika BUT\" \/>\n<meta property=\"article:modified_time\" content=\"2025-11-17T11:51:44+00:00\" \/>\n<meta property=\"og:image\" content=\"https:\/\/www.klinika-but.si\/wp-content\/uploads\/2025\/10\/Protibolecinska-ambulanta-01.jpg\" \/>\n\t<meta property=\"og:image:width\" content=\"1216\" \/>\n\t<meta property=\"og:image:height\" content=\"1182\" \/>\n\t<meta property=\"og:image:type\" content=\"image\/jpeg\" \/>\n<meta name=\"twitter:card\" content=\"summary_large_image\" \/>\n<meta name=\"twitter:label1\" content=\"Gesch\u00e4tzte Lesezeit\" \/>\n\t<meta name=\"twitter:data1\" content=\"1\u00a0Minute\" \/>\n<script type=\"application\/ld+json\" class=\"yoast-schema-graph\">{\"@context\":\"https:\/\/schema.org\",\"@graph\":[{\"@type\":\"WebPage\",\"@id\":\"https:\/\/www.klinika-but.si\/de\/schmerzambulanz\/\",\"url\":\"https:\/\/www.klinika-but.si\/de\/schmerzambulanz\/\",\"name\":\"Schmerzambulanz - Klinika BUT\",\"isPartOf\":{\"@id\":\"https:\/\/www.klinika-but.si\/de\/#website\"},\"primaryImageOfPage\":{\"@id\":\"https:\/\/www.klinika-but.si\/de\/schmerzambulanz\/#primaryimage\"},\"image\":{\"@id\":\"https:\/\/www.klinika-but.si\/de\/schmerzambulanz\/#primaryimage\"},\"thumbnailUrl\":\"https:\/\/www.klinika-but.si\/wp-content\/uploads\/2025\/10\/Protibolecinska-ambulanta-01.jpg\",\"datePublished\":\"2025-05-20T16:32:38+00:00\",\"dateModified\":\"2025-11-17T11:51:44+00:00\",\"description\":\"Die Schmerzambulanz richtet sich an Frauen mit pl\u00f6tzlich auftretenden (akuten) oder chronischen Schmerzen, die mit Medikamenten oder anderen Behandlungsmethoden nicht beherrschbar waren.\",\"breadcrumb\":{\"@id\":\"https:\/\/www.klinika-but.si\/de\/schmerzambulanz\/#breadcrumb\"},\"inLanguage\":\"de\",\"potentialAction\":[{\"@type\":\"ReadAction\",\"target\":[\"https:\/\/www.klinika-but.si\/de\/schmerzambulanz\/\"]}]},{\"@type\":\"ImageObject\",\"inLanguage\":\"de\",\"@id\":\"https:\/\/www.klinika-but.si\/de\/schmerzambulanz\/#primaryimage\",\"url\":\"https:\/\/www.klinika-but.si\/wp-content\/uploads\/2025\/10\/Protibolecinska-ambulanta-01.jpg\",\"contentUrl\":\"https:\/\/www.klinika-but.si\/wp-content\/uploads\/2025\/10\/Protibolecinska-ambulanta-01.jpg\",\"width\":1216,\"height\":1182},{\"@type\":\"BreadcrumbList\",\"@id\":\"https:\/\/www.klinika-but.si\/de\/schmerzambulanz\/#breadcrumb\",\"itemListElement\":[{\"@type\":\"ListItem\",\"position\":1,\"name\":\"Home\",\"item\":\"https:\/\/www.klinika-but.si\/de\/startseite\/\"},{\"@type\":\"ListItem\",\"position\":2,\"name\":\"Schmerzambulanz\"}]},{\"@type\":\"WebSite\",\"@id\":\"https:\/\/www.klinika-but.si\/de\/#website\",\"url\":\"https:\/\/www.klinika-but.si\/de\/\",\"name\":\"Klinika BUT\",\"description\":\"\",\"potentialAction\":[{\"@type\":\"SearchAction\",\"target\":{\"@type\":\"EntryPoint\",\"urlTemplate\":\"https:\/\/www.klinika-but.si\/de\/?s={search_term_string}\"},\"query-input\":{\"@type\":\"PropertyValueSpecification\",\"valueRequired\":true,\"valueName\":\"search_term_string\"}}],\"inLanguage\":\"de\"}]}<\/script>\n<!-- \/ Yoast SEO plugin. -->","yoast_head_json":{"title":"Schmerzambulanz - Klinika BUT","description":"Die Schmerzambulanz richtet sich an Frauen mit pl\u00f6tzlich auftretenden (akuten) oder chronischen Schmerzen, die mit Medikamenten oder anderen Behandlungsmethoden nicht beherrschbar waren.","robots":{"index":"index","follow":"follow","max-snippet":"max-snippet:-1","max-image-preview":"max-image-preview:large","max-video-preview":"max-video-preview:-1"},"canonical":"https:\/\/www.klinika-but.si\/de\/schmerzambulanz\/","og_locale":"de_DE","og_type":"article","og_title":"Schmerzambulanz - Klinika BUT","og_description":"Die Schmerzambulanz richtet sich an Frauen mit pl\u00f6tzlich auftretenden (akuten) oder chronischen Schmerzen, die mit Medikamenten oder anderen Behandlungsmethoden nicht beherrschbar waren.","og_url":"https:\/\/www.klinika-but.si\/de\/schmerzambulanz\/","og_site_name":"Klinika BUT","article_modified_time":"2025-11-17T11:51:44+00:00","og_image":[{"width":1216,"height":1182,"url":"https:\/\/www.klinika-but.si\/wp-content\/uploads\/2025\/10\/Protibolecinska-ambulanta-01.jpg","type":"image\/jpeg"}],"twitter_card":"summary_large_image","twitter_misc":{"Gesch\u00e4tzte Lesezeit":"1\u00a0Minute"},"schema":{"@context":"https:\/\/schema.org","@graph":[{"@type":"WebPage","@id":"https:\/\/www.klinika-but.si\/de\/schmerzambulanz\/","url":"https:\/\/www.klinika-but.si\/de\/schmerzambulanz\/","name":"Schmerzambulanz - Klinika BUT","isPartOf":{"@id":"https:\/\/www.klinika-but.si\/de\/#website"},"primaryImageOfPage":{"@id":"https:\/\/www.klinika-but.si\/de\/schmerzambulanz\/#primaryimage"},"image":{"@id":"https:\/\/www.klinika-but.si\/de\/schmerzambulanz\/#primaryimage"},"thumbnailUrl":"https:\/\/www.klinika-but.si\/wp-content\/uploads\/2025\/10\/Protibolecinska-ambulanta-01.jpg","datePublished":"2025-05-20T16:32:38+00:00","dateModified":"2025-11-17T11:51:44+00:00","description":"Die Schmerzambulanz richtet sich an Frauen mit pl\u00f6tzlich auftretenden (akuten) oder chronischen Schmerzen, die mit Medikamenten oder anderen Behandlungsmethoden nicht beherrschbar waren.","breadcrumb":{"@id":"https:\/\/www.klinika-but.si\/de\/schmerzambulanz\/#breadcrumb"},"inLanguage":"de","potentialAction":[{"@type":"ReadAction","target":["https:\/\/www.klinika-but.si\/de\/schmerzambulanz\/"]}]},{"@type":"ImageObject","inLanguage":"de","@id":"https:\/\/www.klinika-but.si\/de\/schmerzambulanz\/#primaryimage","url":"https:\/\/www.klinika-but.si\/wp-content\/uploads\/2025\/10\/Protibolecinska-ambulanta-01.jpg","contentUrl":"https:\/\/www.klinika-but.si\/wp-content\/uploads\/2025\/10\/Protibolecinska-ambulanta-01.jpg","width":1216,"height":1182},{"@type":"BreadcrumbList","@id":"https:\/\/www.klinika-but.si\/de\/schmerzambulanz\/#breadcrumb","itemListElement":[{"@type":"ListItem","position":1,"name":"Home","item":"https:\/\/www.klinika-but.si\/de\/startseite\/"},{"@type":"ListItem","position":2,"name":"Schmerzambulanz"}]},{"@type":"WebSite","@id":"https:\/\/www.klinika-but.si\/de\/#website","url":"https:\/\/www.klinika-but.si\/de\/","name":"Klinika BUT","description":"","potentialAction":[{"@type":"SearchAction","target":{"@type":"EntryPoint","urlTemplate":"https:\/\/www.klinika-but.si\/de\/?s={search_term_string}"},"query-input":{"@type":"PropertyValueSpecification","valueRequired":true,"valueName":"search_term_string"}}],"inLanguage":"de"}]}},"_links":{"self":[{"href":"https:\/\/www.klinika-but.si\/de\/wp-json\/wp\/v2\/pages\/6940","targetHints":{"allow":["GET"]}}],"collection":[{"href":"https:\/\/www.klinika-but.si\/de\/wp-json\/wp\/v2\/pages"}],"about":[{"href":"https:\/\/www.klinika-but.si\/de\/wp-json\/wp\/v2\/types\/page"}],"author":[{"embeddable":true,"href":"https:\/\/www.klinika-but.si\/de\/wp-json\/wp\/v2\/users\/2"}],"replies":[{"embeddable":true,"href":"https:\/\/www.klinika-but.si\/de\/wp-json\/wp\/v2\/comments?post=6940"}],"version-history":[{"count":6,"href":"https:\/\/www.klinika-but.si\/de\/wp-json\/wp\/v2\/pages\/6940\/revisions"}],"predecessor-version":[{"id":7612,"href":"https:\/\/www.klinika-but.si\/de\/wp-json\/wp\/v2\/pages\/6940\/revisions\/7612"}],"wp:featuredmedia":[{"embeddable":true,"href":"https:\/\/www.klinika-but.si\/de\/wp-json\/wp\/v2\/media\/6942"}],"wp:attachment":[{"href":"https:\/\/www.klinika-but.si\/de\/wp-json\/wp\/v2\/media?parent=6940"}],"curies":[{"name":"wp","href":"https:\/\/api.w.org\/{rel}","templated":true}]}}