{"id":6426,"date":"2025-05-21T10:51:50","date_gmt":"2025-05-21T09:51:50","guid":{"rendered":"https:\/\/www.klinika-but.si\/zystozele\/"},"modified":"2025-11-17T13:16:36","modified_gmt":"2025-11-17T12:16:36","slug":"zystozele","status":"publish","type":"page","link":"https:\/\/www.klinika-but.si\/de\/zystozele\/","title":{"rendered":"Zystozele"},"content":{"rendered":"\t\t<div data-elementor-type=\"wp-page\" data-elementor-id=\"6426\" class=\"elementor elementor-6426 elementor-4524\" data-elementor-settings=\"{&quot;element_pack_global_tooltip_width&quot;:{&quot;unit&quot;:&quot;px&quot;,&quot;size&quot;:&quot;&quot;,&quot;sizes&quot;:[]},&quot;element_pack_global_tooltip_width_tablet&quot;:{&quot;unit&quot;:&quot;px&quot;,&quot;size&quot;:&quot;&quot;,&quot;sizes&quot;:[]},&quot;element_pack_global_tooltip_width_mobile&quot;:{&quot;unit&quot;:&quot;px&quot;,&quot;size&quot;:&quot;&quot;,&quot;sizes&quot;:[]},&quot;element_pack_global_tooltip_padding&quot;:{&quot;unit&quot;:&quot;px&quot;,&quot;top&quot;:&quot;&quot;,&quot;right&quot;:&quot;&quot;,&quot;bottom&quot;:&quot;&quot;,&quot;left&quot;:&quot;&quot;,&quot;isLinked&quot;:true},&quot;element_pack_global_tooltip_padding_tablet&quot;:{&quot;unit&quot;:&quot;px&quot;,&quot;top&quot;:&quot;&quot;,&quot;right&quot;:&quot;&quot;,&quot;bottom&quot;:&quot;&quot;,&quot;left&quot;:&quot;&quot;,&quot;isLinked&quot;:true},&quot;element_pack_global_tooltip_padding_mobile&quot;:{&quot;unit&quot;:&quot;px&quot;,&quot;top&quot;:&quot;&quot;,&quot;right&quot;:&quot;&quot;,&quot;bottom&quot;:&quot;&quot;,&quot;left&quot;:&quot;&quot;,&quot;isLinked&quot;:true},&quot;element_pack_global_tooltip_border_radius&quot;:{&quot;unit&quot;:&quot;px&quot;,&quot;top&quot;:&quot;&quot;,&quot;right&quot;:&quot;&quot;,&quot;bottom&quot;:&quot;&quot;,&quot;left&quot;:&quot;&quot;,&quot;isLinked&quot;:true},&quot;element_pack_global_tooltip_border_radius_tablet&quot;:{&quot;unit&quot;:&quot;px&quot;,&quot;top&quot;:&quot;&quot;,&quot;right&quot;:&quot;&quot;,&quot;bottom&quot;:&quot;&quot;,&quot;left&quot;:&quot;&quot;,&quot;isLinked&quot;:true},&quot;element_pack_global_tooltip_border_radius_mobile&quot;:{&quot;unit&quot;:&quot;px&quot;,&quot;top&quot;:&quot;&quot;,&quot;right&quot;:&quot;&quot;,&quot;bottom&quot;:&quot;&quot;,&quot;left&quot;:&quot;&quot;,&quot;isLinked&quot;:true}}\" data-elementor-post-type=\"page\">\n\t\t\t\t\t\t<section class=\"xts-negative-gap elementor-section elementor-top-section elementor-element elementor-element-873e85f elementor-section-content-middle elementor-section-boxed elementor-section-height-default elementor-section-height-default xts-section-disabled\" data-id=\"873e85f\" data-element_type=\"section\" data-settings=\"{&quot;background_background&quot;:&quot;classic&quot;}\">\n\t\t\t\t\t\t\t<div class=\"elementor-background-overlay\"><\/div>\n\t\t\t\t\t\t\t<div class=\"elementor-container elementor-column-gap-wider\">\n\t\t\t\t\t<div class=\"elementor-column elementor-col-50 elementor-top-column elementor-element elementor-element-6d8ca83\" data-id=\"6d8ca83\" data-element_type=\"column\">\n\t\t\t<div class=\"elementor-widget-wrap elementor-element-populated\">\n\t\t\t\t\t\t<div class=\"elementor-element elementor-element-31f29bc xts-parallax-on-scroll xts_scroll_y_-20 xts_scroll_smoothness_10 elementor-widget elementor-widget-xts_image\" data-id=\"31f29bc\" data-element_type=\"widget\" data-widget_type=\"xts_image.default\">\n\t\t\t\t<div class=\"elementor-widget-container\">\n\t\t\t\t\t\t\t\t<div class=\"xts-image-single xts-textalign-left\">\n\t\t\t\t<figure class=\"xts-image\">\n\t\t\t\t\t\t\t\t\t\t\t<div class=\"xts-image-inner\">\n\t\t\t\t\t\n\t\t\t\t\t\t<img fetchpriority=\"high\" decoding=\"async\" width=\"1216\" height=\"1182\" src=\"https:\/\/www.klinika-but.si\/wp-content\/uploads\/2025\/05\/Cistokela-02.jpg\" class=\"attachment-full size-full wp-image-4525\" alt=\"\" srcset=\"https:\/\/www.klinika-but.si\/wp-content\/uploads\/2025\/05\/Cistokela-02.jpg 1216w, https:\/\/www.klinika-but.si\/wp-content\/uploads\/2025\/05\/Cistokela-02-460x447.jpg 460w, https:\/\/www.klinika-but.si\/wp-content\/uploads\/2025\/05\/Cistokela-02-1024x995.jpg 1024w, https:\/\/www.klinika-but.si\/wp-content\/uploads\/2025\/05\/Cistokela-02-768x747.jpg 768w, https:\/\/www.klinika-but.si\/wp-content\/uploads\/2025\/05\/Cistokela-02-1000x972.jpg 1000w, https:\/\/www.klinika-but.si\/wp-content\/uploads\/2025\/05\/Cistokela-02-300x292.jpg 300w\" sizes=\"(max-width: 1216px) 100vw, 1216px\" \/>\n\t\t\t\t\t\t\t\t\t\t\t<\/div>\n\t\t\t\t\t\n\t\t\t\t\t\t\t\t\t<\/figure>\n\n\t\t\t\t\t\t\t<\/div>\n\t\t\t\t\t\t<\/div>\n\t\t\t\t<\/div>\n\t\t\t\t<div class=\"elementor-element elementor-element-bb5a442 xts-parallax-on-scroll xts_scroll_y_20 xts_scroll_smoothness_10 elementor-absolute elementor-hidden-tablet elementor-hidden-mobile elementor-widget elementor-widget-xts_shape\" data-id=\"bb5a442\" data-element_type=\"widget\" data-settings=\"{&quot;_position&quot;:&quot;absolute&quot;}\" data-widget_type=\"xts_shape.default\">\n\t\t\t\t<div class=\"elementor-widget-container\">\n\t\t\t\t\t\t\t\t<div class=\"xts-shape\"><\/div>\n\t\t\t\t\t\t<\/div>\n\t\t\t\t<\/div>\n\t\t\t\t\t<\/div>\n\t\t<\/div>\n\t\t\t\t<div class=\"elementor-column elementor-col-50 elementor-top-column elementor-element elementor-element-1f13350\" data-id=\"1f13350\" data-element_type=\"column\">\n\t\t\t<div class=\"elementor-widget-wrap elementor-element-populated\">\n\t\t\t\t\t\t<div class=\"elementor-element elementor-element-624cd28 xts-width-100 elementor-widget elementor-widget-xts_title\" data-id=\"624cd28\" data-element_type=\"widget\" data-widget_type=\"xts_title.default\">\n\t\t\t\t<div class=\"elementor-widget-container\">\n\t\t\t\t\t\t\t\t<div class=\"xts-section-heading xts-reset-mb-10 xts-reset-last xts-textalign-left\" data-animation-delay=\"\">\n\t\t\t\t\t\t\t\t\t<div class=\"xts-section-subtitle xts-fontsize-s\">\n\t\t\t\t\t\t<span class=\"xts-section-subtitle-text\" data-elementor-setting-key=\"subtitle\">\n\t\t\t\t\t\t\tUrogyn\u00e4kologie\t\t\t\t\t\t<\/span>\n\n\t\t\t\t\t\t\t\t\t\t\t<\/div>\n\t\t\t\t\n\t\t\t\t\t\t\t\t\t<h4 class=\"xts-section-title title xts-design-default xts-fontsize-xxl\">\n\t\t\t\t\t\t<span class=\"xts-section-title-text\" data-elementor-setting-key=\"title\">\n\t\t\t\t\t\t\tZystozele \t\t\t\t\t\t<\/span>\n\n\t\t\t\t\t\t\t\t\t\t\t<\/h4>\n\t\t\t\t\n\t\t\t\t\n\t\t\t\t\t\t\t\t\t<div class=\"xts-section-desc\">\n\t\t\t\t\t\t<div class=\"xts-section-desc-text xts-reset-all-last\" data-elementor-setting-key=\"description\">\n\t\t\t\t\t\t\t<p>Der Begriff Zystozele bedeutet ein Absinken bzw. Vorfall der Blase und stellt eine sehr h\u00e4ufige St\u00f6rung bei Frauen dar, die vaginal entbunden haben; h\u00e4ufig tritt eine Zystozele jedoch auch nach einer gyn\u00e4kologischen Operation auf. <\/p>\t\t\t\t\t\t<\/div>\n\t\t\t\t\t<\/div>\n\t\t\t\t\t\t\t<\/div>\n\t\t\t\t\t\t<\/div>\n\t\t\t\t<\/div>\n\t\t\t\t<div class=\"elementor-element elementor-element-4da2902 elementor-widget elementor-widget-bdt-advanced-button\" data-id=\"4da2902\" data-element_type=\"widget\" data-widget_type=\"bdt-advanced-button.default\">\n\t\t\t\t<div class=\"elementor-widget-container\">\n\t\t\t\t\t\t\t<div class=\"bdt-ep-button-wrapper\">\n\t\t\t<a href=\"https:\/\/www.klinika-but.si\/de\/kontakt\/\" class=\"bdt-ep-button bdt-ep-button-effect-a bdt-ep-button-size-sm\">\n\t\t\t\t\t\t<div class=\"bdt-ep-button-content-wrapper bdt-flex bdt-flex-middle bdt-flex-center  \" data-text=\"VEREINBAREN SIE EINEN TERMIN\">\n\t\t\t\n\t\t\t<div class=\"bdt-ep-button-text\">\n\n\t\t\t\t<span class=\"avdbtn-text\">\n\t\t\t\t\tVEREINBAREN SIE EINEN TERMIN\t\t\t\t<\/span>\n\n\t\t\t\t\t\t\t<\/div>\n\n\t\t\t\n\t\t<\/div>\n\t\t\t\t\t<\/a>\n\t\t<\/div>\n\t\t\t\t\t\t<\/div>\n\t\t\t\t<\/div>\n\t\t\t\t\t<\/div>\n\t\t<\/div>\n\t\t\t\t\t<\/div>\n\t\t<\/section>\n\t\t<div class=\"xts-negative-gap elementor-element elementor-element-1165b3a e-flex e-con-boxed xts-section-disabled e-con e-parent\" data-id=\"1165b3a\" data-element_type=\"container\">\n\t\t\t\t\t<div class=\"e-con-inner\">\n\t\t<div class=\"elementor-element elementor-element-5a96bde e-con-full e-flex xts-section-disabled e-con e-child\" data-id=\"5a96bde\" data-element_type=\"container\">\n\t\t\t\t<div class=\"elementor-element elementor-element-607172a xts-scheme-inherit xts-textalign-inherit elementor-widget elementor-widget-text-editor\" data-id=\"607172a\" data-element_type=\"widget\" data-widget_type=\"text-editor.default\">\n\t\t\t\t<div class=\"elementor-widget-container\">\n\t\t\t\t\t\t\t\t\t<p>Eine Frau kann eine Zystozele als glatte Vorw\u00f6lbung am Scheideneingang ertasten. Eine kleinere Zystozele verursacht normalerweise keine Beschwerden, bei gro\u00dfen Zystozelen kann sich die Scheidenschleimhaut jedoch an der Unterw\u00e4sche reiben und dadurch austrocknen oder sogar bluten. <\/p><p>Manchmal ist eine Zystozele die Ursache f\u00fcr eine schlechtere Blasenentleerung, wodurch Urin in der Blase verbleibt (Harnverhalt), was das Risiko einer Blasenentz\u00fcndung (Zystitis) erh\u00f6ht.<\/p>\t\t\t\t\t\t\t\t<\/div>\n\t\t\t\t<\/div>\n\t\t\t\t<div class=\"elementor-element elementor-element-56fc231 elementor-position-left elementor-vertical-align-middle elementor-widget elementor-widget-image-box\" data-id=\"56fc231\" data-element_type=\"widget\" data-widget_type=\"image-box.default\">\n\t\t\t\t<div class=\"elementor-widget-container\">\n\t\t\t\t\t<div class=\"elementor-image-box-wrapper\"><figure class=\"elementor-image-box-img\"><img decoding=\"async\" width=\"200\" height=\"200\" src=\"https:\/\/www.klinika-but.si\/wp-content\/uploads\/2025\/05\/Uhajanje-urina_zdravljenje.png\" class=\"attachment-full size-full wp-image-6294\" alt=\"\" \/><\/figure><div class=\"elementor-image-box-content\"><h2 class=\"elementor-image-box-title\">Behandlung<\/h2><\/div><\/div>\t\t\t\t<\/div>\n\t\t\t\t<\/div>\n\t\t\t\t<div class=\"elementor-element elementor-element-45b5404 xts-scheme-inherit xts-textalign-inherit elementor-widget elementor-widget-text-editor\" data-id=\"45b5404\" data-element_type=\"widget\" data-widget_type=\"text-editor.default\">\n\t\t\t\t<div class=\"elementor-widget-container\">\n\t\t\t\t\t\t\t\t\t<p>Da es sich um eine Sch\u00e4digung der Blasenst\u00fctze (Faszie) handelt, bedeutet dies, dass funktionelle Behandlungsmethoden (Kegel\u00fcbungen, Stimulationen auf dem Magnetstuhl) nicht helfen werden.<\/p><p>Eine Zystozele kann nur operativ behoben werden. Am h\u00e4ufigsten entscheiden wir uns f\u00fcr einen Eingriff unter Lokalan\u00e4sthesie, bei dem die Blase mit einer speziellen chirurgischen Technik durch die Scheide angehoben wird. Manchmal muss die Blase mit einem Netz unterst\u00fctzt werden, was insbesondere bei einem Rezidiv der Zystozele der Fall ist.  <\/p><p>Bei der Behandlung von Zystozelen ist ein eventueller vaginaler Laser v\u00f6llig wirkungslos!<\/p>\t\t\t\t\t\t\t\t<\/div>\n\t\t\t\t<\/div>\n\t\t\t\t<\/div>\n\t\t\t\t\t<\/div>\n\t\t\t\t<\/div>\n\t\t<div class=\"xts-negative-gap elementor-element elementor-element-cc75ae4 e-flex e-con-boxed xts-section-disabled e-con e-parent\" data-id=\"cc75ae4\" data-element_type=\"container\">\n\t\t\t\t\t<div class=\"e-con-inner\">\n\t\t\t\t<div class=\"elementor-element elementor-element-6769cd5 elementor-align-center elementor-widget elementor-widget-bdt-advanced-button\" data-id=\"6769cd5\" data-element_type=\"widget\" data-widget_type=\"bdt-advanced-button.default\">\n\t\t\t\t<div class=\"elementor-widget-container\">\n\t\t\t\t\t\t\t<div class=\"bdt-ep-button-wrapper\">\n\t\t\t<a href=\"https:\/\/www.klinika-but.si\/de\/urogynaekologie\/\" class=\"bdt-ep-button bdt-ep-button-effect-a bdt-ep-button-size-md\">\n\t\t\t\t\t\t<div class=\"bdt-ep-button-content-wrapper bdt-flex bdt-flex-middle bdt-flex-center  \" data-text=\"ANDERE UROGYN\u00c4KOLOGISCHE LEISTUNGEN\">\n\t\t\t\n\t\t\t<div class=\"bdt-ep-button-text\">\n\n\t\t\t\t<span class=\"avdbtn-text\">\n\t\t\t\t\tANDERE UROGYN\u00c4KOLOGISCHE LEISTUNGEN\t\t\t\t<\/span>\n\n\t\t\t\t\t\t\t<\/div>\n\n\t\t\t\n\t\t<\/div>\n\t\t\t\t\t<\/a>\n\t\t<\/div>\n\t\t\t\t\t\t<\/div>\n\t\t\t\t<\/div>\n\t\t\t\t\t<\/div>\n\t\t\t\t<\/div>\n\t\t\t\t<\/div>\n\t\t","protected":false},"excerpt":{"rendered":"<p>Urogyn\u00e4kologie Zystozele Der Begriff Zystozele bedeutet ein Absinken bzw. Vorfall der Blase und stellt eine sehr h\u00e4ufige St\u00f6rung bei Frauen dar, die vaginal entbunden haben; h\u00e4ufig tritt eine Zystozele jedoch auch nach einer gyn\u00e4kologischen Operation auf. VEREINBAREN SIE EINEN TERMIN Eine Frau kann eine Zystozele als glatte Vorw\u00f6lbung am Scheideneingang ertasten. Eine kleinere Zystozele verursacht [&hellip;]<\/p>\n","protected":false},"author":2,"featured_media":6431,"parent":0,"menu_order":0,"comment_status":"closed","ping_status":"closed","template":"","meta":{"footnotes":""},"class_list":["post-6426","page","type-page","status-publish","has-post-thumbnail","hentry"],"yoast_head":"<!-- This site is optimized with the Yoast SEO plugin v27.2 - https:\/\/yoast.com\/product\/yoast-seo-wordpress\/ -->\n<title>Zystozele - Klinika BUT<\/title>\n<meta name=\"description\" content=\"Der Begriff Zystozele bedeutet ein Absinken bzw. Vorfall der Blase und stellt eine sehr h\u00e4ufige St\u00f6rung bei Frauen dar, die vaginal entbunden haben.\" \/>\n<meta name=\"robots\" content=\"index, follow, max-snippet:-1, max-image-preview:large, max-video-preview:-1\" \/>\n<link rel=\"canonical\" href=\"https:\/\/www.klinika-but.si\/de\/zystozele\/\" \/>\n<meta property=\"og:locale\" content=\"de_DE\" \/>\n<meta property=\"og:type\" content=\"article\" \/>\n<meta property=\"og:title\" content=\"Zystozele - Klinika BUT\" \/>\n<meta property=\"og:description\" content=\"Der Begriff Zystozele bedeutet ein Absinken bzw. Vorfall der Blase und stellt eine sehr h\u00e4ufige St\u00f6rung bei Frauen dar, die vaginal entbunden haben.\" \/>\n<meta property=\"og:url\" content=\"https:\/\/www.klinika-but.si\/de\/zystozele\/\" \/>\n<meta property=\"og:site_name\" content=\"Klinika BUT\" \/>\n<meta property=\"article:modified_time\" content=\"2025-11-17T12:16:36+00:00\" \/>\n<meta property=\"og:image\" content=\"https:\/\/www.klinika-but.si\/wp-content\/uploads\/2025\/05\/Cistokela-02.jpg\" \/>\n\t<meta property=\"og:image:width\" content=\"1216\" \/>\n\t<meta property=\"og:image:height\" content=\"1182\" \/>\n\t<meta property=\"og:image:type\" content=\"image\/jpeg\" \/>\n<meta name=\"twitter:card\" content=\"summary_large_image\" \/>\n<meta name=\"twitter:label1\" content=\"Gesch\u00e4tzte Lesezeit\" \/>\n\t<meta name=\"twitter:data1\" content=\"1\u00a0Minute\" \/>\n<script type=\"application\/ld+json\" class=\"yoast-schema-graph\">{\"@context\":\"https:\/\/schema.org\",\"@graph\":[{\"@type\":\"WebPage\",\"@id\":\"https:\/\/www.klinika-but.si\/de\/zystozele\/\",\"url\":\"https:\/\/www.klinika-but.si\/de\/zystozele\/\",\"name\":\"Zystozele - Klinika BUT\",\"isPartOf\":{\"@id\":\"https:\/\/www.klinika-but.si\/de\/#website\"},\"primaryImageOfPage\":{\"@id\":\"https:\/\/www.klinika-but.si\/de\/zystozele\/#primaryimage\"},\"image\":{\"@id\":\"https:\/\/www.klinika-but.si\/de\/zystozele\/#primaryimage\"},\"thumbnailUrl\":\"https:\/\/www.klinika-but.si\/wp-content\/uploads\/2025\/05\/Cistokela-02.jpg\",\"datePublished\":\"2025-05-21T09:51:50+00:00\",\"dateModified\":\"2025-11-17T12:16:36+00:00\",\"description\":\"Der Begriff Zystozele bedeutet ein Absinken bzw. Vorfall der Blase und stellt eine sehr h\u00e4ufige St\u00f6rung bei Frauen dar, die vaginal entbunden haben.\",\"breadcrumb\":{\"@id\":\"https:\/\/www.klinika-but.si\/de\/zystozele\/#breadcrumb\"},\"inLanguage\":\"de\",\"potentialAction\":[{\"@type\":\"ReadAction\",\"target\":[\"https:\/\/www.klinika-but.si\/de\/zystozele\/\"]}]},{\"@type\":\"ImageObject\",\"inLanguage\":\"de\",\"@id\":\"https:\/\/www.klinika-but.si\/de\/zystozele\/#primaryimage\",\"url\":\"https:\/\/www.klinika-but.si\/wp-content\/uploads\/2025\/05\/Cistokela-02.jpg\",\"contentUrl\":\"https:\/\/www.klinika-but.si\/wp-content\/uploads\/2025\/05\/Cistokela-02.jpg\",\"width\":1216,\"height\":1182},{\"@type\":\"BreadcrumbList\",\"@id\":\"https:\/\/www.klinika-but.si\/de\/zystozele\/#breadcrumb\",\"itemListElement\":[{\"@type\":\"ListItem\",\"position\":1,\"name\":\"Home\",\"item\":\"https:\/\/www.klinika-but.si\/de\/startseite\/\"},{\"@type\":\"ListItem\",\"position\":2,\"name\":\"Zystozele\"}]},{\"@type\":\"WebSite\",\"@id\":\"https:\/\/www.klinika-but.si\/de\/#website\",\"url\":\"https:\/\/www.klinika-but.si\/de\/\",\"name\":\"Klinika BUT\",\"description\":\"\",\"potentialAction\":[{\"@type\":\"SearchAction\",\"target\":{\"@type\":\"EntryPoint\",\"urlTemplate\":\"https:\/\/www.klinika-but.si\/de\/?s={search_term_string}\"},\"query-input\":{\"@type\":\"PropertyValueSpecification\",\"valueRequired\":true,\"valueName\":\"search_term_string\"}}],\"inLanguage\":\"de\"}]}<\/script>\n<!-- \/ Yoast SEO plugin. -->","yoast_head_json":{"title":"Zystozele - Klinika BUT","description":"Der Begriff Zystozele bedeutet ein Absinken bzw. Vorfall der Blase und stellt eine sehr h\u00e4ufige St\u00f6rung bei Frauen dar, die vaginal entbunden haben.","robots":{"index":"index","follow":"follow","max-snippet":"max-snippet:-1","max-image-preview":"max-image-preview:large","max-video-preview":"max-video-preview:-1"},"canonical":"https:\/\/www.klinika-but.si\/de\/zystozele\/","og_locale":"de_DE","og_type":"article","og_title":"Zystozele - Klinika BUT","og_description":"Der Begriff Zystozele bedeutet ein Absinken bzw. Vorfall der Blase und stellt eine sehr h\u00e4ufige St\u00f6rung bei Frauen dar, die vaginal entbunden haben.","og_url":"https:\/\/www.klinika-but.si\/de\/zystozele\/","og_site_name":"Klinika BUT","article_modified_time":"2025-11-17T12:16:36+00:00","og_image":[{"width":1216,"height":1182,"url":"https:\/\/www.klinika-but.si\/wp-content\/uploads\/2025\/05\/Cistokela-02.jpg","type":"image\/jpeg"}],"twitter_card":"summary_large_image","twitter_misc":{"Gesch\u00e4tzte Lesezeit":"1\u00a0Minute"},"schema":{"@context":"https:\/\/schema.org","@graph":[{"@type":"WebPage","@id":"https:\/\/www.klinika-but.si\/de\/zystozele\/","url":"https:\/\/www.klinika-but.si\/de\/zystozele\/","name":"Zystozele - Klinika BUT","isPartOf":{"@id":"https:\/\/www.klinika-but.si\/de\/#website"},"primaryImageOfPage":{"@id":"https:\/\/www.klinika-but.si\/de\/zystozele\/#primaryimage"},"image":{"@id":"https:\/\/www.klinika-but.si\/de\/zystozele\/#primaryimage"},"thumbnailUrl":"https:\/\/www.klinika-but.si\/wp-content\/uploads\/2025\/05\/Cistokela-02.jpg","datePublished":"2025-05-21T09:51:50+00:00","dateModified":"2025-11-17T12:16:36+00:00","description":"Der Begriff Zystozele bedeutet ein Absinken bzw. Vorfall der Blase und stellt eine sehr h\u00e4ufige St\u00f6rung bei Frauen dar, die vaginal entbunden haben.","breadcrumb":{"@id":"https:\/\/www.klinika-but.si\/de\/zystozele\/#breadcrumb"},"inLanguage":"de","potentialAction":[{"@type":"ReadAction","target":["https:\/\/www.klinika-but.si\/de\/zystozele\/"]}]},{"@type":"ImageObject","inLanguage":"de","@id":"https:\/\/www.klinika-but.si\/de\/zystozele\/#primaryimage","url":"https:\/\/www.klinika-but.si\/wp-content\/uploads\/2025\/05\/Cistokela-02.jpg","contentUrl":"https:\/\/www.klinika-but.si\/wp-content\/uploads\/2025\/05\/Cistokela-02.jpg","width":1216,"height":1182},{"@type":"BreadcrumbList","@id":"https:\/\/www.klinika-but.si\/de\/zystozele\/#breadcrumb","itemListElement":[{"@type":"ListItem","position":1,"name":"Home","item":"https:\/\/www.klinika-but.si\/de\/startseite\/"},{"@type":"ListItem","position":2,"name":"Zystozele"}]},{"@type":"WebSite","@id":"https:\/\/www.klinika-but.si\/de\/#website","url":"https:\/\/www.klinika-but.si\/de\/","name":"Klinika BUT","description":"","potentialAction":[{"@type":"SearchAction","target":{"@type":"EntryPoint","urlTemplate":"https:\/\/www.klinika-but.si\/de\/?s={search_term_string}"},"query-input":{"@type":"PropertyValueSpecification","valueRequired":true,"valueName":"search_term_string"}}],"inLanguage":"de"}]}},"_links":{"self":[{"href":"https:\/\/www.klinika-but.si\/de\/wp-json\/wp\/v2\/pages\/6426","targetHints":{"allow":["GET"]}}],"collection":[{"href":"https:\/\/www.klinika-but.si\/de\/wp-json\/wp\/v2\/pages"}],"about":[{"href":"https:\/\/www.klinika-but.si\/de\/wp-json\/wp\/v2\/types\/page"}],"author":[{"embeddable":true,"href":"https:\/\/www.klinika-but.si\/de\/wp-json\/wp\/v2\/users\/2"}],"replies":[{"embeddable":true,"href":"https:\/\/www.klinika-but.si\/de\/wp-json\/wp\/v2\/comments?post=6426"}],"version-history":[{"count":8,"href":"https:\/\/www.klinika-but.si\/de\/wp-json\/wp\/v2\/pages\/6426\/revisions"}],"predecessor-version":[{"id":7648,"href":"https:\/\/www.klinika-but.si\/de\/wp-json\/wp\/v2\/pages\/6426\/revisions\/7648"}],"wp:featuredmedia":[{"embeddable":true,"href":"https:\/\/www.klinika-but.si\/de\/wp-json\/wp\/v2\/media\/6431"}],"wp:attachment":[{"href":"https:\/\/www.klinika-but.si\/de\/wp-json\/wp\/v2\/media?parent=6426"}],"curies":[{"name":"wp","href":"https:\/\/api.w.org\/{rel}","templated":true}]}}