{"id":6290,"date":"2025-05-21T10:19:52","date_gmt":"2025-05-21T09:19:52","guid":{"rendered":"https:\/\/www.klinika-but.si\/uterusprolaps\/"},"modified":"2025-11-17T12:54:47","modified_gmt":"2025-11-17T11:54:47","slug":"uterusprolaps","status":"publish","type":"page","link":"https:\/\/www.klinika-but.si\/de\/uterusprolaps\/","title":{"rendered":"Uterusprolaps"},"content":{"rendered":"\t\t<div data-elementor-type=\"wp-page\" data-elementor-id=\"6290\" class=\"elementor elementor-6290 elementor-4501\" data-elementor-settings=\"{&quot;element_pack_global_tooltip_width&quot;:{&quot;unit&quot;:&quot;px&quot;,&quot;size&quot;:&quot;&quot;,&quot;sizes&quot;:[]},&quot;element_pack_global_tooltip_width_tablet&quot;:{&quot;unit&quot;:&quot;px&quot;,&quot;size&quot;:&quot;&quot;,&quot;sizes&quot;:[]},&quot;element_pack_global_tooltip_width_mobile&quot;:{&quot;unit&quot;:&quot;px&quot;,&quot;size&quot;:&quot;&quot;,&quot;sizes&quot;:[]},&quot;element_pack_global_tooltip_padding&quot;:{&quot;unit&quot;:&quot;px&quot;,&quot;top&quot;:&quot;&quot;,&quot;right&quot;:&quot;&quot;,&quot;bottom&quot;:&quot;&quot;,&quot;left&quot;:&quot;&quot;,&quot;isLinked&quot;:true},&quot;element_pack_global_tooltip_padding_tablet&quot;:{&quot;unit&quot;:&quot;px&quot;,&quot;top&quot;:&quot;&quot;,&quot;right&quot;:&quot;&quot;,&quot;bottom&quot;:&quot;&quot;,&quot;left&quot;:&quot;&quot;,&quot;isLinked&quot;:true},&quot;element_pack_global_tooltip_padding_mobile&quot;:{&quot;unit&quot;:&quot;px&quot;,&quot;top&quot;:&quot;&quot;,&quot;right&quot;:&quot;&quot;,&quot;bottom&quot;:&quot;&quot;,&quot;left&quot;:&quot;&quot;,&quot;isLinked&quot;:true},&quot;element_pack_global_tooltip_border_radius&quot;:{&quot;unit&quot;:&quot;px&quot;,&quot;top&quot;:&quot;&quot;,&quot;right&quot;:&quot;&quot;,&quot;bottom&quot;:&quot;&quot;,&quot;left&quot;:&quot;&quot;,&quot;isLinked&quot;:true},&quot;element_pack_global_tooltip_border_radius_tablet&quot;:{&quot;unit&quot;:&quot;px&quot;,&quot;top&quot;:&quot;&quot;,&quot;right&quot;:&quot;&quot;,&quot;bottom&quot;:&quot;&quot;,&quot;left&quot;:&quot;&quot;,&quot;isLinked&quot;:true},&quot;element_pack_global_tooltip_border_radius_mobile&quot;:{&quot;unit&quot;:&quot;px&quot;,&quot;top&quot;:&quot;&quot;,&quot;right&quot;:&quot;&quot;,&quot;bottom&quot;:&quot;&quot;,&quot;left&quot;:&quot;&quot;,&quot;isLinked&quot;:true}}\" data-elementor-post-type=\"page\">\n\t\t\t\t\t\t<section class=\"xts-negative-gap elementor-section elementor-top-section elementor-element elementor-element-873e85f elementor-section-content-middle elementor-section-boxed elementor-section-height-default elementor-section-height-default xts-section-disabled\" data-id=\"873e85f\" data-element_type=\"section\" data-settings=\"{&quot;background_background&quot;:&quot;classic&quot;}\">\n\t\t\t\t\t\t\t<div class=\"elementor-background-overlay\"><\/div>\n\t\t\t\t\t\t\t<div class=\"elementor-container elementor-column-gap-wider\">\n\t\t\t\t\t<div class=\"elementor-column elementor-col-50 elementor-top-column elementor-element elementor-element-6d8ca83\" data-id=\"6d8ca83\" data-element_type=\"column\">\n\t\t\t<div class=\"elementor-widget-wrap elementor-element-populated\">\n\t\t\t\t\t\t<div class=\"elementor-element elementor-element-31f29bc xts-parallax-on-scroll xts_scroll_y_-20 xts_scroll_smoothness_10 elementor-widget elementor-widget-xts_image\" data-id=\"31f29bc\" data-element_type=\"widget\" data-widget_type=\"xts_image.default\">\n\t\t\t\t<div class=\"elementor-widget-container\">\n\t\t\t\t\t\t\t\t<div class=\"xts-image-single xts-textalign-left\">\n\t\t\t\t<figure class=\"xts-image\">\n\t\t\t\t\t\t\t\t\t\t\t<div class=\"xts-image-inner\">\n\t\t\t\t\t\n\t\t\t\t\t\t<img fetchpriority=\"high\" decoding=\"async\" width=\"1216\" height=\"1182\" src=\"https:\/\/www.klinika-but.si\/wp-content\/uploads\/2025\/05\/Prolaps-maternice-02.jpg\" class=\"attachment-full size-full wp-image-4502\" alt=\"\" srcset=\"https:\/\/www.klinika-but.si\/wp-content\/uploads\/2025\/05\/Prolaps-maternice-02.jpg 1216w, https:\/\/www.klinika-but.si\/wp-content\/uploads\/2025\/05\/Prolaps-maternice-02-460x447.jpg 460w, https:\/\/www.klinika-but.si\/wp-content\/uploads\/2025\/05\/Prolaps-maternice-02-1024x995.jpg 1024w, https:\/\/www.klinika-but.si\/wp-content\/uploads\/2025\/05\/Prolaps-maternice-02-768x747.jpg 768w, https:\/\/www.klinika-but.si\/wp-content\/uploads\/2025\/05\/Prolaps-maternice-02-1000x972.jpg 1000w, https:\/\/www.klinika-but.si\/wp-content\/uploads\/2025\/05\/Prolaps-maternice-02-300x292.jpg 300w\" sizes=\"(max-width: 1216px) 100vw, 1216px\" \/>\n\t\t\t\t\t\t\t\t\t\t\t<\/div>\n\t\t\t\t\t\n\t\t\t\t\t\t\t\t\t<\/figure>\n\n\t\t\t\t\t\t\t<\/div>\n\t\t\t\t\t\t<\/div>\n\t\t\t\t<\/div>\n\t\t\t\t<div class=\"elementor-element elementor-element-bb5a442 xts-parallax-on-scroll xts_scroll_y_20 xts_scroll_smoothness_10 elementor-absolute elementor-hidden-tablet elementor-hidden-mobile elementor-widget elementor-widget-xts_shape\" data-id=\"bb5a442\" data-element_type=\"widget\" data-settings=\"{&quot;_position&quot;:&quot;absolute&quot;}\" data-widget_type=\"xts_shape.default\">\n\t\t\t\t<div class=\"elementor-widget-container\">\n\t\t\t\t\t\t\t\t<div class=\"xts-shape\"><\/div>\n\t\t\t\t\t\t<\/div>\n\t\t\t\t<\/div>\n\t\t\t\t\t<\/div>\n\t\t<\/div>\n\t\t\t\t<div class=\"elementor-column elementor-col-50 elementor-top-column elementor-element elementor-element-1f13350\" data-id=\"1f13350\" data-element_type=\"column\">\n\t\t\t<div class=\"elementor-widget-wrap elementor-element-populated\">\n\t\t\t\t\t\t<div class=\"elementor-element elementor-element-624cd28 xts-width-100 elementor-widget elementor-widget-xts_title\" data-id=\"624cd28\" data-element_type=\"widget\" data-widget_type=\"xts_title.default\">\n\t\t\t\t<div class=\"elementor-widget-container\">\n\t\t\t\t\t\t\t\t<div class=\"xts-section-heading xts-reset-mb-10 xts-reset-last xts-textalign-left\" data-animation-delay=\"\">\n\t\t\t\t\t\t\t\t\t<div class=\"xts-section-subtitle xts-fontsize-s\">\n\t\t\t\t\t\t<span class=\"xts-section-subtitle-text\" data-elementor-setting-key=\"subtitle\">\n\t\t\t\t\t\t\tUrogyn\u00e4kologie\t\t\t\t\t\t<\/span>\n\n\t\t\t\t\t\t\t\t\t\t\t<\/div>\n\t\t\t\t\n\t\t\t\t\t\t\t\t\t<h4 class=\"xts-section-title title xts-design-default xts-fontsize-xxl\">\n\t\t\t\t\t\t<span class=\"xts-section-title-text\" data-elementor-setting-key=\"title\">\n\t\t\t\t\t\t\tUterusprolaps\t\t\t\t\t\t<\/span>\n\n\t\t\t\t\t\t\t\t\t\t\t<\/h4>\n\t\t\t\t\n\t\t\t\t\n\t\t\t\t\t\t\t\t\t<div class=\"xts-section-desc\">\n\t\t\t\t\t\t<div class=\"xts-section-desc-text xts-reset-all-last\" data-elementor-setting-key=\"description\">\n\t\t\t\t\t\t\t<p>Von einem Prolaps bzw. einer Geb\u00e4rmuttersenkung spricht man, wenn die Geb\u00e4rmutter aufgrund eines geschw\u00e4chten Bindegewebes und der Beckenbodenmuskulatur in die Vagina oder aus dieser herausrutscht.  <\/p>\t\t\t\t\t\t<\/div>\n\t\t\t\t\t<\/div>\n\t\t\t\t\t\t\t<\/div>\n\t\t\t\t\t\t<\/div>\n\t\t\t\t<\/div>\n\t\t\t\t<div class=\"elementor-element elementor-element-4848e99 elementor-widget elementor-widget-bdt-advanced-button\" data-id=\"4848e99\" data-element_type=\"widget\" data-widget_type=\"bdt-advanced-button.default\">\n\t\t\t\t<div class=\"elementor-widget-container\">\n\t\t\t\t\t\t\t<div class=\"bdt-ep-button-wrapper\">\n\t\t\t<a href=\"https:\/\/www.klinika-but.si\/de\/kontakt\/\" class=\"bdt-ep-button bdt-ep-button-effect-a bdt-ep-button-size-sm\">\n\t\t\t\t\t\t<div class=\"bdt-ep-button-content-wrapper bdt-flex bdt-flex-middle bdt-flex-center  \" data-text=\"VEREINBAREN SIE EINEN TERMIN\">\n\t\t\t\n\t\t\t<div class=\"bdt-ep-button-text\">\n\n\t\t\t\t<span class=\"avdbtn-text\">\n\t\t\t\t\tVEREINBAREN SIE EINEN TERMIN\t\t\t\t<\/span>\n\n\t\t\t\t\t\t\t<\/div>\n\n\t\t\t\n\t\t<\/div>\n\t\t\t\t\t<\/a>\n\t\t<\/div>\n\t\t\t\t\t\t<\/div>\n\t\t\t\t<\/div>\n\t\t\t\t\t<\/div>\n\t\t<\/div>\n\t\t\t\t\t<\/div>\n\t\t<\/section>\n\t\t<div class=\"xts-negative-gap elementor-element elementor-element-1165b3a e-flex e-con-boxed xts-section-disabled e-con e-parent\" data-id=\"1165b3a\" data-element_type=\"container\">\n\t\t\t\t\t<div class=\"e-con-inner\">\n\t\t<div class=\"elementor-element elementor-element-5a96bde e-con-full e-flex xts-section-disabled e-con e-child\" data-id=\"5a96bde\" data-element_type=\"container\">\n\t\t\t\t<div class=\"elementor-element elementor-element-607172a xts-scheme-inherit xts-textalign-inherit elementor-widget elementor-widget-text-editor\" data-id=\"607172a\" data-element_type=\"widget\" data-widget_type=\"text-editor.default\">\n\t\t\t\t<div class=\"elementor-widget-container\">\n\t\t\t\t\t\t\t\t\t<p>Im kleinen Becken befinden sich die Geb\u00e4rmutter, die Harnblase, der Dickdarm und die Harnr\u00f6hre. Jedes der genannten Organe kann sich in die Vagina absenken bzw. verrutschen, am h\u00e4ufigsten kommt es jedoch vor, dass die Blase und die Geb\u00e4rmutter absinken.  <\/p><p>H\u00e4ufige Symptome einer Senkung sind ein Druckgef\u00fchl in der Vagina aufgrund einer Vorw\u00f6lbung, ein Gef\u00fchl des &#8220;Nach-unten-Ziehens&#8221; und manchmal auch Schmerzen im unteren R\u00fccken. Manchmal rutscht die Geb\u00e4rmutter sogar aus der Vagina heraus, und die Frauen k\u00f6nnen sie ertasten. <\/p><p>Eine Geb\u00e4rmuttersenkung tritt grunds\u00e4tzlich h\u00e4ufiger bei \u00e4lteren Frauen auf, kann aber auch bei j\u00fcngeren Frauen vorkommen. Der Hauptgrund f\u00fcr eine Geb\u00e4rmuttersenkung ist eine vorangegangene Sch\u00e4digung der Muskeln und des Bindegewebes des Beckenbodens w\u00e4hrend der Geburt. Eine Geb\u00e4rmuttersenkung ist daher seltener bei Frauen, die nicht entbunden haben bzw. per Kaiserschnitt entbunden wurden.    <\/p>\t\t\t\t\t\t\t\t<\/div>\n\t\t\t\t<\/div>\n\t\t\t\t<div class=\"elementor-element elementor-element-56fc231 elementor-position-left elementor-vertical-align-middle elementor-widget elementor-widget-image-box\" data-id=\"56fc231\" data-element_type=\"widget\" data-widget_type=\"image-box.default\">\n\t\t\t\t<div class=\"elementor-widget-container\">\n\t\t\t\t\t<div class=\"elementor-image-box-wrapper\"><figure class=\"elementor-image-box-img\"><img decoding=\"async\" width=\"200\" height=\"200\" src=\"https:\/\/www.klinika-but.si\/wp-content\/uploads\/2025\/05\/Uhajanje-urina_zdravljenje.png\" class=\"attachment-full size-full wp-image-6294\" alt=\"\" \/><\/figure><div class=\"elementor-image-box-content\"><h2 class=\"elementor-image-box-title\">Behandlung<\/h2><\/div><\/div>\t\t\t\t<\/div>\n\t\t\t\t<\/div>\n\t\t\t\t<div class=\"elementor-element elementor-element-45b5404 xts-scheme-inherit xts-textalign-inherit elementor-widget elementor-widget-text-editor\" data-id=\"45b5404\" data-element_type=\"widget\" data-widget_type=\"text-editor.default\">\n\t\t\t\t<div class=\"elementor-widget-container\">\n\t\t\t\t\t\t\t\t\t<p>Die Art der Behandlung einer Geb\u00e4rmuttersenkung h\u00e4ngt vom Ausma\u00df der Geb\u00e4rmuttersenkung sowie vom Alter und den W\u00fcnschen der Patientin ab.<\/p><p>Wir erstellen einen Behandlungsvorschlag auf der Grundlage einer klinischen und Ultraschalluntersuchung und schlagen dabei die optimalste Behandlungsmethode vor, mit der wir entweder die Geb\u00e4rmutter erhalten oder sie entfernen k\u00f6nnen.<\/p><p>Wir entscheiden uns in der Regel nicht f\u00fcr das eventuelle Einsetzen von Pessaren (Vaginalringen), da wir dabei mehr Nachteile als Vorteile sehen! <\/p>\t\t\t\t\t\t\t\t<\/div>\n\t\t\t\t<\/div>\n\t\t\t\t<div class=\"elementor-element elementor-element-6e1511b xts-scheme-inherit xts-textalign-inherit elementor-widget elementor-widget-text-editor\" data-id=\"6e1511b\" data-element_type=\"widget\" data-widget_type=\"text-editor.default\">\n\t\t\t\t<div class=\"elementor-widget-container\">\n\t\t\t\t\t\t\t\t\t<p><strong>ENTFERNUNG DER GEB\u00c4RMUTTER<\/strong><\/p><p><strong>Vaginale Geb\u00e4rmutterentfernung <\/strong><\/p><p>Gr\u00f6\u00dfere Eingriffe f\u00fchren wir in erstklassigen Privatkliniken durch, wo wir deren R\u00e4umlichkeiten und deren hervorragend ausgebildetes Personal in Anspruch nehmen.<\/p><p>Wir empfehlen die Entfernung der Geb\u00e4rmutter Patientinnen, die \u00e4lter sind. Diese Operation ist auch f\u00fcr unsere \u00e4ltesten Patientinnen und f\u00fcr diejenigen mit damit verbundenen ernsthaften Herz-, Druck- oder Lungenproblemen geeignet, da unsere Experten diesen Eingriff in Sedierung durchf\u00fchren, die insbesondere \u00e4ltere Patientinnen sehr gut vertragen, da sie weniger invasiv ist als eine Vollnarkose. <\/p><p>Der Eingriff dauert weniger als 1 Stunde, es ist lediglich eine \u00dcbernachtung in einer der Privatkliniken erforderlich, die auch eine intensive n\u00e4chtliche \u00dcberwachung der Patientinnen anbieten.<\/p>\t\t\t\t\t\t\t\t<\/div>\n\t\t\t\t<\/div>\n\t\t\t\t<div class=\"elementor-element elementor-element-98e6557 elementor-widget-divider--view-line elementor-widget elementor-widget-divider\" data-id=\"98e6557\" data-element_type=\"widget\" data-widget_type=\"divider.default\">\n\t\t\t\t<div class=\"elementor-widget-container\">\n\t\t\t\t\t\t\t<div class=\"elementor-divider\">\n\t\t\t<span class=\"elementor-divider-separator\">\n\t\t\t\t\t\t<\/span>\n\t\t<\/div>\n\t\t\t\t\t\t<\/div>\n\t\t\t\t<\/div>\n\t\t\t\t<div class=\"elementor-element elementor-element-0211a74 xts-scheme-inherit xts-textalign-inherit elementor-widget elementor-widget-text-editor\" data-id=\"0211a74\" data-element_type=\"widget\" data-widget_type=\"text-editor.default\">\n\t\t\t\t<div class=\"elementor-widget-container\">\n\t\t\t\t\t\t\t\t\t<p><strong>ERHALT DER GEB\u00c4RMUTTER <\/strong><\/p><p>Jede zweite Frau m\u00f6chte ihre gesenkte Geb\u00e4rmutter erhalten, und das k\u00f6nnen wir ihnen in unserer Klinik BUT auch erm\u00f6glichen!<\/p><p>Am h\u00e4ufigsten entscheiden wir uns f\u00fcr eine laparoskopische Geb\u00e4rmutteranhebung, bei der die Geb\u00e4rmutter mit einem speziellen Netz an einem Band (Ligament) befestigt wird, das \u00fcber das Promontorium der Wirbels\u00e4ule verl\u00e4uft (Sakrohysteropexie).<\/p><p>Die Operation erfolgt in Vollnarkose, dauert etwa eine Stunde, und die Patientinnen werden am Tag nach der Operation nach Hause entlassen.<\/p><p>F\u00fcr den Fall, dass eine laparoskopische Operation aus verschiedenen Gr\u00fcnden nicht durchf\u00fchrbar ist, k\u00f6nnen wir die Geb\u00e4rmutter auch mit einem Eingriff durch die Vagina anheben, wobei wir eine spezielle Technik der Gewebenaht anwenden (Manchester-Fothergill-Operation).<\/p><p>Der Erfolg dieser Art von Operation ist vielleicht etwas geringer, die Beschwerden nach der Operation vielleicht etwas gr\u00f6\u00dfer, der Vorteil dieser Operation ist jedoch, dass sie auch in Sedierung und Lokalan\u00e4sthesie durchgef\u00fchrt werden kann. Die Operationsdauer betr\u00e4gt weniger als eine Stunde, die Entlassung nach Hause erfolgt am Tag nach der Operation. <\/p>\t\t\t\t\t\t\t\t<\/div>\n\t\t\t\t<\/div>\n\t\t\t\t<\/div>\n\t\t\t\t\t<\/div>\n\t\t\t\t<\/div>\n\t\t<div class=\"xts-negative-gap elementor-element elementor-element-b4aa8f1 e-flex e-con-boxed xts-section-disabled e-con e-parent\" data-id=\"b4aa8f1\" data-element_type=\"container\">\n\t\t\t\t\t<div class=\"e-con-inner\">\n\t\t<div class=\"elementor-element elementor-element-95e3211 e-con-full e-flex xts-section-disabled e-con e-child\" data-id=\"95e3211\" data-element_type=\"container\">\n\t\t\t\t<div class=\"elementor-element elementor-element-2cfce14 elementor-widget elementor-widget-image\" data-id=\"2cfce14\" data-element_type=\"widget\" data-widget_type=\"image.default\">\n\t\t\t\t<div class=\"elementor-widget-container\">\n\t\t\t\t\t\t\t\t\t\t\t\t\t\t\t<img decoding=\"async\" width=\"1200\" height=\"600\" src=\"https:\/\/www.klinika-but.si\/wp-content\/uploads\/2025\/05\/Prolaps_maternice_diagram.png\" class=\"attachment-full size-full wp-image-6293\" alt=\"\" srcset=\"https:\/\/www.klinika-but.si\/wp-content\/uploads\/2025\/05\/Prolaps_maternice_diagram.png 1200w, https:\/\/www.klinika-but.si\/wp-content\/uploads\/2025\/05\/Prolaps_maternice_diagram-460x230.png 460w, https:\/\/www.klinika-but.si\/wp-content\/uploads\/2025\/05\/Prolaps_maternice_diagram-300x150.png 300w, https:\/\/www.klinika-but.si\/wp-content\/uploads\/2025\/05\/Prolaps_maternice_diagram-1000x500.png 1000w, https:\/\/www.klinika-but.si\/wp-content\/uploads\/2025\/05\/Prolaps_maternice_diagram-1024x512.png 1024w, https:\/\/www.klinika-but.si\/wp-content\/uploads\/2025\/05\/Prolaps_maternice_diagram-768x384.png 768w\" sizes=\"(max-width: 1200px) 100vw, 1200px\" \/>\t\t\t\t\t\t\t\t\t\t\t\t\t\t\t<\/div>\n\t\t\t\t<\/div>\n\t\t\t\t<\/div>\n\t\t\t\t\t<\/div>\n\t\t\t\t<\/div>\n\t\t<div class=\"xts-negative-gap elementor-element elementor-element-cc75ae4 e-flex e-con-boxed xts-section-disabled e-con e-parent\" data-id=\"cc75ae4\" data-element_type=\"container\">\n\t\t\t\t\t<div class=\"e-con-inner\">\n\t\t\t\t<div class=\"elementor-element elementor-element-0909bd8 elementor-align-center elementor-widget elementor-widget-bdt-advanced-button\" data-id=\"0909bd8\" data-element_type=\"widget\" data-widget_type=\"bdt-advanced-button.default\">\n\t\t\t\t<div class=\"elementor-widget-container\">\n\t\t\t\t\t\t\t<div class=\"bdt-ep-button-wrapper\">\n\t\t\t<a href=\"https:\/\/www.klinika-but.si\/de\/urogynaekologie\/\" class=\"bdt-ep-button bdt-ep-button-effect-a bdt-ep-button-size-md\">\n\t\t\t\t\t\t<div class=\"bdt-ep-button-content-wrapper bdt-flex bdt-flex-middle bdt-flex-center  \" data-text=\"ANDERE UROGYN\u00c4KOLOGISCHE LEISTUNGEN\">\n\t\t\t\n\t\t\t<div class=\"bdt-ep-button-text\">\n\n\t\t\t\t<span class=\"avdbtn-text\">\n\t\t\t\t\tANDERE UROGYN\u00c4KOLOGISCHE LEISTUNGEN\t\t\t\t<\/span>\n\n\t\t\t\t\t\t\t<\/div>\n\n\t\t\t\n\t\t<\/div>\n\t\t\t\t\t<\/a>\n\t\t<\/div>\n\t\t\t\t\t\t<\/div>\n\t\t\t\t<\/div>\n\t\t\t\t\t<\/div>\n\t\t\t\t<\/div>\n\t\t\t\t<\/div>\n\t\t","protected":false},"excerpt":{"rendered":"<p>Urogyn\u00e4kologie Uterusprolaps Von einem Prolaps bzw. einer Geb\u00e4rmuttersenkung spricht man, wenn die Geb\u00e4rmutter aufgrund eines geschw\u00e4chten Bindegewebes und der Beckenbodenmuskulatur in die Vagina oder aus dieser herausrutscht. VEREINBAREN SIE EINEN TERMIN Im kleinen Becken befinden sich die Geb\u00e4rmutter, die Harnblase, der Dickdarm und die Harnr\u00f6hre. Jedes der genannten Organe kann sich in die Vagina absenken [&hellip;]<\/p>\n","protected":false},"author":2,"featured_media":6292,"parent":0,"menu_order":0,"comment_status":"closed","ping_status":"closed","template":"","meta":{"footnotes":""},"class_list":["post-6290","page","type-page","status-publish","has-post-thumbnail","hentry"],"yoast_head":"<!-- This site is optimized with the Yoast SEO plugin v27.2 - https:\/\/yoast.com\/product\/yoast-seo-wordpress\/ -->\n<title>Uterusprolaps - Klinika BUT<\/title>\n<meta name=\"description\" content=\"Von einem Prolaps bzw. einer Geb\u00e4rmuttersenkung spricht man, wenn die Geb\u00e4rmutter aufgrund eines geschw\u00e4chten Bindegewebes und der Beckenbodenmuskulatur in die Vagina oder aus dieser herausrutscht.\" \/>\n<meta name=\"robots\" content=\"index, follow, max-snippet:-1, max-image-preview:large, max-video-preview:-1\" \/>\n<link rel=\"canonical\" href=\"https:\/\/www.klinika-but.si\/de\/uterusprolaps\/\" \/>\n<meta property=\"og:locale\" content=\"de_DE\" \/>\n<meta property=\"og:type\" content=\"article\" \/>\n<meta property=\"og:title\" content=\"Uterusprolaps - Klinika BUT\" \/>\n<meta property=\"og:description\" content=\"Von einem Prolaps bzw. einer Geb\u00e4rmuttersenkung spricht man, wenn die Geb\u00e4rmutter aufgrund eines geschw\u00e4chten Bindegewebes und der Beckenbodenmuskulatur in die Vagina oder aus dieser herausrutscht.\" \/>\n<meta property=\"og:url\" content=\"https:\/\/www.klinika-but.si\/de\/uterusprolaps\/\" \/>\n<meta property=\"og:site_name\" content=\"Klinika BUT\" \/>\n<meta property=\"article:modified_time\" content=\"2025-11-17T11:54:47+00:00\" \/>\n<meta property=\"og:image\" content=\"https:\/\/www.klinika-but.si\/wp-content\/uploads\/2025\/05\/Prolaps-maternice-02.jpg\" \/>\n\t<meta property=\"og:image:width\" content=\"1216\" \/>\n\t<meta property=\"og:image:height\" content=\"1182\" \/>\n\t<meta property=\"og:image:type\" content=\"image\/jpeg\" \/>\n<meta name=\"twitter:card\" content=\"summary_large_image\" \/>\n<meta name=\"twitter:label1\" content=\"Gesch\u00e4tzte Lesezeit\" \/>\n\t<meta name=\"twitter:data1\" content=\"3\u00a0Minuten\" \/>\n<script type=\"application\/ld+json\" class=\"yoast-schema-graph\">{\"@context\":\"https:\/\/schema.org\",\"@graph\":[{\"@type\":\"WebPage\",\"@id\":\"https:\/\/www.klinika-but.si\/de\/uterusprolaps\/\",\"url\":\"https:\/\/www.klinika-but.si\/de\/uterusprolaps\/\",\"name\":\"Uterusprolaps - Klinika BUT\",\"isPartOf\":{\"@id\":\"https:\/\/www.klinika-but.si\/de\/#website\"},\"primaryImageOfPage\":{\"@id\":\"https:\/\/www.klinika-but.si\/de\/uterusprolaps\/#primaryimage\"},\"image\":{\"@id\":\"https:\/\/www.klinika-but.si\/de\/uterusprolaps\/#primaryimage\"},\"thumbnailUrl\":\"https:\/\/www.klinika-but.si\/wp-content\/uploads\/2025\/05\/Prolaps-maternice-02.jpg\",\"datePublished\":\"2025-05-21T09:19:52+00:00\",\"dateModified\":\"2025-11-17T11:54:47+00:00\",\"description\":\"Von einem Prolaps bzw. einer Geb\u00e4rmuttersenkung spricht man, wenn die Geb\u00e4rmutter aufgrund eines geschw\u00e4chten Bindegewebes und der Beckenbodenmuskulatur in die Vagina oder aus dieser herausrutscht.\",\"breadcrumb\":{\"@id\":\"https:\/\/www.klinika-but.si\/de\/uterusprolaps\/#breadcrumb\"},\"inLanguage\":\"de\",\"potentialAction\":[{\"@type\":\"ReadAction\",\"target\":[\"https:\/\/www.klinika-but.si\/de\/uterusprolaps\/\"]}]},{\"@type\":\"ImageObject\",\"inLanguage\":\"de\",\"@id\":\"https:\/\/www.klinika-but.si\/de\/uterusprolaps\/#primaryimage\",\"url\":\"https:\/\/www.klinika-but.si\/wp-content\/uploads\/2025\/05\/Prolaps-maternice-02.jpg\",\"contentUrl\":\"https:\/\/www.klinika-but.si\/wp-content\/uploads\/2025\/05\/Prolaps-maternice-02.jpg\",\"width\":1216,\"height\":1182},{\"@type\":\"BreadcrumbList\",\"@id\":\"https:\/\/www.klinika-but.si\/de\/uterusprolaps\/#breadcrumb\",\"itemListElement\":[{\"@type\":\"ListItem\",\"position\":1,\"name\":\"Home\",\"item\":\"https:\/\/www.klinika-but.si\/de\/startseite\/\"},{\"@type\":\"ListItem\",\"position\":2,\"name\":\"Uterusprolaps\"}]},{\"@type\":\"WebSite\",\"@id\":\"https:\/\/www.klinika-but.si\/de\/#website\",\"url\":\"https:\/\/www.klinika-but.si\/de\/\",\"name\":\"Klinika BUT\",\"description\":\"\",\"potentialAction\":[{\"@type\":\"SearchAction\",\"target\":{\"@type\":\"EntryPoint\",\"urlTemplate\":\"https:\/\/www.klinika-but.si\/de\/?s={search_term_string}\"},\"query-input\":{\"@type\":\"PropertyValueSpecification\",\"valueRequired\":true,\"valueName\":\"search_term_string\"}}],\"inLanguage\":\"de\"}]}<\/script>\n<!-- \/ Yoast SEO plugin. -->","yoast_head_json":{"title":"Uterusprolaps - Klinika BUT","description":"Von einem Prolaps bzw. einer Geb\u00e4rmuttersenkung spricht man, wenn die Geb\u00e4rmutter aufgrund eines geschw\u00e4chten Bindegewebes und der Beckenbodenmuskulatur in die Vagina oder aus dieser herausrutscht.","robots":{"index":"index","follow":"follow","max-snippet":"max-snippet:-1","max-image-preview":"max-image-preview:large","max-video-preview":"max-video-preview:-1"},"canonical":"https:\/\/www.klinika-but.si\/de\/uterusprolaps\/","og_locale":"de_DE","og_type":"article","og_title":"Uterusprolaps - Klinika BUT","og_description":"Von einem Prolaps bzw. einer Geb\u00e4rmuttersenkung spricht man, wenn die Geb\u00e4rmutter aufgrund eines geschw\u00e4chten Bindegewebes und der Beckenbodenmuskulatur in die Vagina oder aus dieser herausrutscht.","og_url":"https:\/\/www.klinika-but.si\/de\/uterusprolaps\/","og_site_name":"Klinika BUT","article_modified_time":"2025-11-17T11:54:47+00:00","og_image":[{"width":1216,"height":1182,"url":"https:\/\/www.klinika-but.si\/wp-content\/uploads\/2025\/05\/Prolaps-maternice-02.jpg","type":"image\/jpeg"}],"twitter_card":"summary_large_image","twitter_misc":{"Gesch\u00e4tzte Lesezeit":"3\u00a0Minuten"},"schema":{"@context":"https:\/\/schema.org","@graph":[{"@type":"WebPage","@id":"https:\/\/www.klinika-but.si\/de\/uterusprolaps\/","url":"https:\/\/www.klinika-but.si\/de\/uterusprolaps\/","name":"Uterusprolaps - Klinika BUT","isPartOf":{"@id":"https:\/\/www.klinika-but.si\/de\/#website"},"primaryImageOfPage":{"@id":"https:\/\/www.klinika-but.si\/de\/uterusprolaps\/#primaryimage"},"image":{"@id":"https:\/\/www.klinika-but.si\/de\/uterusprolaps\/#primaryimage"},"thumbnailUrl":"https:\/\/www.klinika-but.si\/wp-content\/uploads\/2025\/05\/Prolaps-maternice-02.jpg","datePublished":"2025-05-21T09:19:52+00:00","dateModified":"2025-11-17T11:54:47+00:00","description":"Von einem Prolaps bzw. einer Geb\u00e4rmuttersenkung spricht man, wenn die Geb\u00e4rmutter aufgrund eines geschw\u00e4chten Bindegewebes und der Beckenbodenmuskulatur in die Vagina oder aus dieser herausrutscht.","breadcrumb":{"@id":"https:\/\/www.klinika-but.si\/de\/uterusprolaps\/#breadcrumb"},"inLanguage":"de","potentialAction":[{"@type":"ReadAction","target":["https:\/\/www.klinika-but.si\/de\/uterusprolaps\/"]}]},{"@type":"ImageObject","inLanguage":"de","@id":"https:\/\/www.klinika-but.si\/de\/uterusprolaps\/#primaryimage","url":"https:\/\/www.klinika-but.si\/wp-content\/uploads\/2025\/05\/Prolaps-maternice-02.jpg","contentUrl":"https:\/\/www.klinika-but.si\/wp-content\/uploads\/2025\/05\/Prolaps-maternice-02.jpg","width":1216,"height":1182},{"@type":"BreadcrumbList","@id":"https:\/\/www.klinika-but.si\/de\/uterusprolaps\/#breadcrumb","itemListElement":[{"@type":"ListItem","position":1,"name":"Home","item":"https:\/\/www.klinika-but.si\/de\/startseite\/"},{"@type":"ListItem","position":2,"name":"Uterusprolaps"}]},{"@type":"WebSite","@id":"https:\/\/www.klinika-but.si\/de\/#website","url":"https:\/\/www.klinika-but.si\/de\/","name":"Klinika BUT","description":"","potentialAction":[{"@type":"SearchAction","target":{"@type":"EntryPoint","urlTemplate":"https:\/\/www.klinika-but.si\/de\/?s={search_term_string}"},"query-input":{"@type":"PropertyValueSpecification","valueRequired":true,"valueName":"search_term_string"}}],"inLanguage":"de"}]}},"_links":{"self":[{"href":"https:\/\/www.klinika-but.si\/de\/wp-json\/wp\/v2\/pages\/6290","targetHints":{"allow":["GET"]}}],"collection":[{"href":"https:\/\/www.klinika-but.si\/de\/wp-json\/wp\/v2\/pages"}],"about":[{"href":"https:\/\/www.klinika-but.si\/de\/wp-json\/wp\/v2\/types\/page"}],"author":[{"embeddable":true,"href":"https:\/\/www.klinika-but.si\/de\/wp-json\/wp\/v2\/users\/2"}],"replies":[{"embeddable":true,"href":"https:\/\/www.klinika-but.si\/de\/wp-json\/wp\/v2\/comments?post=6290"}],"version-history":[{"count":6,"href":"https:\/\/www.klinika-but.si\/de\/wp-json\/wp\/v2\/pages\/6290\/revisions"}],"predecessor-version":[{"id":7637,"href":"https:\/\/www.klinika-but.si\/de\/wp-json\/wp\/v2\/pages\/6290\/revisions\/7637"}],"wp:featuredmedia":[{"embeddable":true,"href":"https:\/\/www.klinika-but.si\/de\/wp-json\/wp\/v2\/media\/6292"}],"wp:attachment":[{"href":"https:\/\/www.klinika-but.si\/de\/wp-json\/wp\/v2\/media?parent=6290"}],"curies":[{"name":"wp","href":"https:\/\/api.w.org\/{rel}","templated":true}]}}